{"id":5496,"date":"2026-01-23T22:55:57","date_gmt":"2026-01-23T21:55:57","guid":{"rendered":"https:\/\/midoxalimentation.com\/?product=fresa-morango-hacendado-440-g"},"modified":"2026-02-13T16:17:34","modified_gmt":"2026-02-13T15:17:34","slug":"fresa-morango-hacendado-440-g","status":"publish","type":"product","link":"https:\/\/midoxalimentation.com\/?product=fresa-morango-hacendado-440-g","title":{"rendered":"Fresa Morango-  Hacendado"},"content":{"rendered":"<p>La confiture de fraise Hacendado est pr\u00e9par\u00e9e avec des fruits s\u00e9l\u00e9ctionn\u00e9s pour offrir une texture g\u00e9n\u00e9reuse et fondante. Son format de 440g est parfait pour accompagner vos tartines du matin ou pour garnir vos p\u00e2tisseries maison. Une saveur fruit\u00e9e intense qui ravira toute la famille.<\/p>\n","protected":false},"excerpt":{"rendered":"<p data-path-to-node=\"4\">Confiture de fraise (Fresa Morango) de qualit\u00e9 sup\u00e9rieure, riche en morceaux de fruits pour un go\u00fbt authentique.<\/p>\n<p data-path-to-node=\"5\">\n","protected":false},"featured_media":5495,"comment_status":"open","ping_status":"closed","template":"","meta":{"content-type":""},"pwb-brand":[],"product_brand":[460],"product_cat":[521,167,171,15],"product_tag":[543,545,514,266,239,277],"class_list":{"0":"post-5496","1":"product","2":"type-product","3":"status-publish","4":"has-post-thumbnail","6":"product_brand-hacendado","7":"product_cat-conserves","8":"product_cat-epicerie","9":"product_cat-petit-dejeuner","10":"product_cat-tous-les-produits","11":"product_tag-confiture","12":"product_tag-epicerie-sucree","13":"product_tag-fraise","14":"product_tag-fruits","15":"product_tag-hacendado","16":"product_tag-petit-dejeuner","18":"first","19":"instock","20":"taxable","21":"shipping-taxable","22":"purchasable","23":"product-type-simple"},"aioseo_notices":[],"jetpack_sharing_enabled":true,"brands":[],"_links":{"self":[{"href":"https:\/\/midoxalimentation.com\/index.php?rest_route=\/wp\/v2\/product\/5496","targetHints":{"allow":["GET"]}}],"collection":[{"href":"https:\/\/midoxalimentation.com\/index.php?rest_route=\/wp\/v2\/product"}],"about":[{"href":"https:\/\/midoxalimentation.com\/index.php?rest_route=\/wp\/v2\/types\/product"}],"replies":[{"embeddable":true,"href":"https:\/\/midoxalimentation.com\/index.php?rest_route=%2Fwp%2Fv2%2Fcomments&post=5496"}],"version-history":[{"count":1,"href":"https:\/\/midoxalimentation.com\/index.php?rest_route=\/wp\/v2\/product\/5496\/revisions"}],"predecessor-version":[{"id":6555,"href":"https:\/\/midoxalimentation.com\/index.php?rest_route=\/wp\/v2\/product\/5496\/revisions\/6555"}],"wp:featuredmedia":[{"embeddable":true,"href":"https:\/\/midoxalimentation.com\/index.php?rest_route=\/wp\/v2\/media\/5495"}],"wp:attachment":[{"href":"https:\/\/midoxalimentation.com\/index.php?rest_route=%2Fwp%2Fv2%2Fmedia&parent=5496"}],"wp:term":[{"taxonomy":"pwb-brand","embeddable":true,"href":"https:\/\/midoxalimentation.com\/index.php?rest_route=%2Fwp%2Fv2%2Fpwb-brand&post=5496"},{"taxonomy":"product_brand","embeddable":true,"href":"https:\/\/midoxalimentation.com\/index.php?rest_route=%2Fwp%2Fv2%2Fproduct_brand&post=5496"},{"taxonomy":"product_cat","embeddable":true,"href":"https:\/\/midoxalimentation.com\/index.php?rest_route=%2Fwp%2Fv2%2Fproduct_cat&post=5496"},{"taxonomy":"product_tag","embeddable":true,"href":"https:\/\/midoxalimentation.com\/index.php?rest_route=%2Fwp%2Fv2%2Fproduct_tag&post=5496"}],"curies":[{"name":"wp","href":"https:\/\/api.w.org\/{rel}","templated":true}]}}