{"id":5498,"date":"2026-01-23T22:55:57","date_gmt":"2026-01-23T21:55:57","guid":{"rendered":"https:\/\/midoxalimentation.com\/?product=confiture-hero"},"modified":"2026-02-13T16:16:07","modified_gmt":"2026-02-13T15:16:07","slug":"confiture-hero","status":"publish","type":"product","link":"https:\/\/midoxalimentation.com\/?product=confiture-hero","title":{"rendered":"CONFITURE Hero"},"content":{"rendered":"<p>La gamme Hero 0% est sp\u00e9cialement con\u00e7ue pour ceux qui veulent savourer le bon go\u00fbt des fruits sans les calories du sucre. Cette marmelade d&rsquo;orange am\u00e8re offre une saveur \u00e9quilibr\u00e9e et naturelle, parfaite pour les r\u00e9gimes \u00e9quilibr\u00e9s ou pour les personnes diab\u00e9tiques, sans compromis sur le plaisir.<\/p>\n","protected":false},"excerpt":{"rendered":"<p data-path-to-node=\"10\">Confiture Hero \u00e0 l&rsquo;orange am\u00e8re, garantie 0% de sucres ajout\u00e9s, id\u00e9ale pour un plaisir sans calories superflues.<\/p>\n<p data-path-to-node=\"11\">\n","protected":false},"featured_media":5497,"comment_status":"open","ping_status":"closed","template":"","meta":{"content-type":""},"pwb-brand":[],"product_brand":[],"product_cat":[521,167,171,15],"product_tag":[612,543,613,611,289,277,349],"class_list":{"0":"post-5498","1":"product","2":"type-product","3":"status-publish","4":"has-post-thumbnail","6":"product_cat-conserves","7":"product_cat-epicerie","8":"product_cat-petit-dejeuner","9":"product_cat-tous-les-produits","10":"product_tag-0-sucre","11":"product_tag-confiture","12":"product_tag-diet","13":"product_tag-hero","14":"product_tag-orange","15":"product_tag-petit-dejeuner","16":"product_tag-sante","18":"first","19":"instock","20":"taxable","21":"shipping-taxable","22":"purchasable","23":"product-type-simple"},"aioseo_notices":[],"jetpack_sharing_enabled":true,"brands":[],"_links":{"self":[{"href":"https:\/\/midoxalimentation.com\/index.php?rest_route=\/wp\/v2\/product\/5498","targetHints":{"allow":["GET"]}}],"collection":[{"href":"https:\/\/midoxalimentation.com\/index.php?rest_route=\/wp\/v2\/product"}],"about":[{"href":"https:\/\/midoxalimentation.com\/index.php?rest_route=\/wp\/v2\/types\/product"}],"replies":[{"embeddable":true,"href":"https:\/\/midoxalimentation.com\/index.php?rest_route=%2Fwp%2Fv2%2Fcomments&post=5498"}],"version-history":[{"count":1,"href":"https:\/\/midoxalimentation.com\/index.php?rest_route=\/wp\/v2\/product\/5498\/revisions"}],"predecessor-version":[{"id":6554,"href":"https:\/\/midoxalimentation.com\/index.php?rest_route=\/wp\/v2\/product\/5498\/revisions\/6554"}],"wp:featuredmedia":[{"embeddable":true,"href":"https:\/\/midoxalimentation.com\/index.php?rest_route=\/wp\/v2\/media\/5497"}],"wp:attachment":[{"href":"https:\/\/midoxalimentation.com\/index.php?rest_route=%2Fwp%2Fv2%2Fmedia&parent=5498"}],"wp:term":[{"taxonomy":"pwb-brand","embeddable":true,"href":"https:\/\/midoxalimentation.com\/index.php?rest_route=%2Fwp%2Fv2%2Fpwb-brand&post=5498"},{"taxonomy":"product_brand","embeddable":true,"href":"https:\/\/midoxalimentation.com\/index.php?rest_route=%2Fwp%2Fv2%2Fproduct_brand&post=5498"},{"taxonomy":"product_cat","embeddable":true,"href":"https:\/\/midoxalimentation.com\/index.php?rest_route=%2Fwp%2Fv2%2Fproduct_cat&post=5498"},{"taxonomy":"product_tag","embeddable":true,"href":"https:\/\/midoxalimentation.com\/index.php?rest_route=%2Fwp%2Fv2%2Fproduct_tag&post=5498"}],"curies":[{"name":"wp","href":"https:\/\/api.w.org\/{rel}","templated":true}]}}