{"id":5500,"date":"2026-01-23T22:55:57","date_gmt":"2026-01-23T21:55:57","guid":{"rendered":"https:\/\/midoxalimentation.com\/?product=argan-oil"},"modified":"2026-02-13T18:25:23","modified_gmt":"2026-02-13T17:25:23","slug":"argan-oil","status":"publish","type":"product","link":"https:\/\/midoxalimentation.com\/?product=argan-oil","title":{"rendered":"Shampooing Argan Oil Deliplus"},"content":{"rendered":"<p>Enrichi en huile d&rsquo;argan pr\u00e9cieuse, ce shampooing nettoie d\u00e9licatement tout en apportant une nutrition intense \u00e0 la fibre capillaire. Il aide \u00e0 restaurer la douceur et la brillance naturelle de vos cheveux, les laissant souples et faciles \u00e0 coiffer apr\u00e8s chaque lavage.<\/p>\n","protected":false},"excerpt":{"rendered":"<p>Shampooing nourrissant \u00e0 l&rsquo;huile d&rsquo;argan pour cheveux secs et ab\u00eem\u00e9s.<\/p>\n","protected":false},"featured_media":5499,"comment_status":"open","ping_status":"closed","template":"","meta":{"content-type":""},"pwb-brand":[],"product_brand":[],"product_cat":[196,15],"product_tag":[714,715,677,653,644],"class_list":{"0":"post-5500","1":"product","2":"type-product","3":"status-publish","4":"has-post-thumbnail","6":"product_cat-hygiene-soins","7":"product_cat-tous-les-produits","8":"product_tag-argan-oil","9":"product_tag-cheveux-secs","10":"product_tag-deliplus","11":"product_tag-shampooing","12":"product_tag-soin-capillaire","14":"first","15":"instock","16":"taxable","17":"shipping-taxable","18":"purchasable","19":"product-type-simple"},"aioseo_notices":[],"jetpack_sharing_enabled":true,"brands":[],"_links":{"self":[{"href":"https:\/\/midoxalimentation.com\/index.php?rest_route=\/wp\/v2\/product\/5500","targetHints":{"allow":["GET"]}}],"collection":[{"href":"https:\/\/midoxalimentation.com\/index.php?rest_route=\/wp\/v2\/product"}],"about":[{"href":"https:\/\/midoxalimentation.com\/index.php?rest_route=\/wp\/v2\/types\/product"}],"replies":[{"embeddable":true,"href":"https:\/\/midoxalimentation.com\/index.php?rest_route=%2Fwp%2Fv2%2Fcomments&post=5500"}],"version-history":[{"count":1,"href":"https:\/\/midoxalimentation.com\/index.php?rest_route=\/wp\/v2\/product\/5500\/revisions"}],"predecessor-version":[{"id":6638,"href":"https:\/\/midoxalimentation.com\/index.php?rest_route=\/wp\/v2\/product\/5500\/revisions\/6638"}],"wp:featuredmedia":[{"embeddable":true,"href":"https:\/\/midoxalimentation.com\/index.php?rest_route=\/wp\/v2\/media\/5499"}],"wp:attachment":[{"href":"https:\/\/midoxalimentation.com\/index.php?rest_route=%2Fwp%2Fv2%2Fmedia&parent=5500"}],"wp:term":[{"taxonomy":"pwb-brand","embeddable":true,"href":"https:\/\/midoxalimentation.com\/index.php?rest_route=%2Fwp%2Fv2%2Fpwb-brand&post=5500"},{"taxonomy":"product_brand","embeddable":true,"href":"https:\/\/midoxalimentation.com\/index.php?rest_route=%2Fwp%2Fv2%2Fproduct_brand&post=5500"},{"taxonomy":"product_cat","embeddable":true,"href":"https:\/\/midoxalimentation.com\/index.php?rest_route=%2Fwp%2Fv2%2Fproduct_cat&post=5500"},{"taxonomy":"product_tag","embeddable":true,"href":"https:\/\/midoxalimentation.com\/index.php?rest_route=%2Fwp%2Fv2%2Fproduct_tag&post=5500"}],"curies":[{"name":"wp","href":"https:\/\/api.w.org\/{rel}","templated":true}]}}