{"id":5502,"date":"2026-01-23T22:55:57","date_gmt":"2026-01-23T21:55:57","guid":{"rendered":"https:\/\/midoxalimentation.com\/?product=perfumador"},"modified":"2026-05-04T17:48:51","modified_gmt":"2026-05-04T15:48:51","slug":"perfumador","status":"publish","type":"product","link":"https:\/\/midoxalimentation.com\/?product=perfumador","title":{"rendered":"Intensificateur de Parfum &#8211; Perfumador"},"content":{"rendered":"<p>Cet intensificateur de parfum apporte \u00e0 vos v\u00eatements une fragrance florale captivante qui dure des semaines. Facile \u00e0 utiliser en compl\u00e9ment de votre adoucissant habituel, il laisse votre linge incroyablement frais et agr\u00e9ablement parfum\u00e9.<\/p>\n","protected":false},"excerpt":{"rendered":"<p>Parfum de linge longue dur\u00e9e pour une fra\u00eecheur exceptionnelle apr\u00e8s chaque lavage.<\/p>\n","protected":false},"featured_media":5501,"comment_status":"open","ping_status":"closed","template":"","meta":{"content-type":""},"pwb-brand":[],"product_brand":[],"product_cat":[183,15],"product_tag":[717,245,718,661,716],"class_list":{"0":"post-5502","1":"product","2":"type-product","3":"status-publish","4":"has-post-thumbnail","6":"product_cat-entretien-maison","7":"product_cat-tous-les-produits","8":"product_tag-bosque-verde","9":"product_tag-fraicheur","10":"product_tag-linge","11":"product_tag-parfum","12":"product_tag-perfumador","14":"first","15":"outofstock","16":"taxable","17":"shipping-taxable","18":"purchasable","19":"product-type-simple"},"aioseo_notices":[],"jetpack_sharing_enabled":true,"brands":[],"_links":{"self":[{"href":"https:\/\/midoxalimentation.com\/index.php?rest_route=\/wp\/v2\/product\/5502","targetHints":{"allow":["GET"]}}],"collection":[{"href":"https:\/\/midoxalimentation.com\/index.php?rest_route=\/wp\/v2\/product"}],"about":[{"href":"https:\/\/midoxalimentation.com\/index.php?rest_route=\/wp\/v2\/types\/product"}],"replies":[{"embeddable":true,"href":"https:\/\/midoxalimentation.com\/index.php?rest_route=%2Fwp%2Fv2%2Fcomments&post=5502"}],"version-history":[{"count":2,"href":"https:\/\/midoxalimentation.com\/index.php?rest_route=\/wp\/v2\/product\/5502\/revisions"}],"predecessor-version":[{"id":6641,"href":"https:\/\/midoxalimentation.com\/index.php?rest_route=\/wp\/v2\/product\/5502\/revisions\/6641"}],"wp:featuredmedia":[{"embeddable":true,"href":"https:\/\/midoxalimentation.com\/index.php?rest_route=\/wp\/v2\/media\/5501"}],"wp:attachment":[{"href":"https:\/\/midoxalimentation.com\/index.php?rest_route=%2Fwp%2Fv2%2Fmedia&parent=5502"}],"wp:term":[{"taxonomy":"pwb-brand","embeddable":true,"href":"https:\/\/midoxalimentation.com\/index.php?rest_route=%2Fwp%2Fv2%2Fpwb-brand&post=5502"},{"taxonomy":"product_brand","embeddable":true,"href":"https:\/\/midoxalimentation.com\/index.php?rest_route=%2Fwp%2Fv2%2Fproduct_brand&post=5502"},{"taxonomy":"product_cat","embeddable":true,"href":"https:\/\/midoxalimentation.com\/index.php?rest_route=%2Fwp%2Fv2%2Fproduct_cat&post=5502"},{"taxonomy":"product_tag","embeddable":true,"href":"https:\/\/midoxalimentation.com\/index.php?rest_route=%2Fwp%2Fv2%2Fproduct_tag&post=5502"}],"curies":[{"name":"wp","href":"https:\/\/api.w.org\/{rel}","templated":true}]}}