{"id":5504,"date":"2026-01-23T22:55:58","date_gmt":"2026-01-23T21:55:58","guid":{"rendered":"https:\/\/midoxalimentation.com\/?product=argan-oil-2"},"modified":"2026-02-13T17:31:55","modified_gmt":"2026-02-13T16:31:55","slug":"argan-oil-2","status":"publish","type":"product","link":"https:\/\/midoxalimentation.com\/?product=argan-oil-2","title":{"rendered":"Argan Oil"},"content":{"rendered":"<p><span class=\"citation-35 citation-end-35\">Un soin profond con\u00e7u pour revitaliser les cheveux ab\u00eem\u00e9s.<\/span> Gr\u00e2ce \u00e0 sa formule riche en k\u00e9ratine et huiles naturelles, ce masque p\u00e9n\u00e8tre la fibre capillaire pour offrir une nutrition maximale, une douceur exceptionnelle et un \u00e9clat incomparable.<\/p>\n","protected":false},"excerpt":{"rendered":"<p>Masque nutritif intense \u00e0 l&rsquo;huile d&rsquo;argan, beurre de karit\u00e9 et jojoba pour cheveux secs.<\/p>\n","protected":false},"featured_media":5503,"comment_status":"open","ping_status":"closed","template":"","meta":{"content-type":""},"pwb-brand":[],"product_brand":[],"product_cat":[196,15],"product_tag":[679,677,681,680,678,682],"class_list":{"0":"post-5504","1":"product","2":"type-product","3":"status-publish","4":"has-post-thumbnail","6":"product_cat-hygiene-soins","7":"product_cat-tous-les-produits","8":"product_tag-argan","9":"product_tag-deliplus","10":"product_tag-jojoba","11":"product_tag-karite","12":"product_tag-masque-cheveux","13":"product_tag-nutricion","15":"first","16":"instock","17":"taxable","18":"shipping-taxable","19":"purchasable","20":"product-type-simple"},"aioseo_notices":[],"jetpack_sharing_enabled":true,"brands":[],"_links":{"self":[{"href":"https:\/\/midoxalimentation.com\/index.php?rest_route=\/wp\/v2\/product\/5504","targetHints":{"allow":["GET"]}}],"collection":[{"href":"https:\/\/midoxalimentation.com\/index.php?rest_route=\/wp\/v2\/product"}],"about":[{"href":"https:\/\/midoxalimentation.com\/index.php?rest_route=\/wp\/v2\/types\/product"}],"replies":[{"embeddable":true,"href":"https:\/\/midoxalimentation.com\/index.php?rest_route=%2Fwp%2Fv2%2Fcomments&post=5504"}],"version-history":[{"count":1,"href":"https:\/\/midoxalimentation.com\/index.php?rest_route=\/wp\/v2\/product\/5504\/revisions"}],"predecessor-version":[{"id":6607,"href":"https:\/\/midoxalimentation.com\/index.php?rest_route=\/wp\/v2\/product\/5504\/revisions\/6607"}],"wp:featuredmedia":[{"embeddable":true,"href":"https:\/\/midoxalimentation.com\/index.php?rest_route=\/wp\/v2\/media\/5503"}],"wp:attachment":[{"href":"https:\/\/midoxalimentation.com\/index.php?rest_route=%2Fwp%2Fv2%2Fmedia&parent=5504"}],"wp:term":[{"taxonomy":"pwb-brand","embeddable":true,"href":"https:\/\/midoxalimentation.com\/index.php?rest_route=%2Fwp%2Fv2%2Fpwb-brand&post=5504"},{"taxonomy":"product_brand","embeddable":true,"href":"https:\/\/midoxalimentation.com\/index.php?rest_route=%2Fwp%2Fv2%2Fproduct_brand&post=5504"},{"taxonomy":"product_cat","embeddable":true,"href":"https:\/\/midoxalimentation.com\/index.php?rest_route=%2Fwp%2Fv2%2Fproduct_cat&post=5504"},{"taxonomy":"product_tag","embeddable":true,"href":"https:\/\/midoxalimentation.com\/index.php?rest_route=%2Fwp%2Fv2%2Fproduct_tag&post=5504"}],"curies":[{"name":"wp","href":"https:\/\/api.w.org\/{rel}","templated":true}]}}