{"id":5559,"date":"2026-01-23T22:56:07","date_gmt":"2026-01-23T21:56:07","guid":{"rendered":"https:\/\/midoxalimentation.com\/?product=pingo"},"modified":"2026-02-15T22:40:20","modified_gmt":"2026-02-15T21:40:20","slug":"pingo","status":"publish","type":"product","link":"https:\/\/midoxalimentation.com\/?product=pingo","title":{"rendered":"Pingo"},"content":{"rendered":"<p>Le Pingo Fraise est le petit plaisir glac\u00e9 parfait pour se rafra\u00eechir rapidement. Son format en c\u00f4ne pratique et son go\u00fbt fruit\u00e9 de fraise en font le favori des enfants et des grands pour une petite gourmandise \u00e0 petit prix.<\/p>\n","protected":false},"excerpt":{"rendered":"<ul>\n<li>\n<p data-path-to-node=\"9,2,0\">Un mini c\u00f4ne fruit\u00e9 et rafra\u00eechissant \u00e0 la saveur fraise.<\/p>\n<\/li>\n<\/ul>\n","protected":false},"featured_media":5558,"comment_status":"open","ping_status":"closed","template":"","meta":{"content-type":""},"pwb-brand":[],"product_brand":[],"product_cat":[174,15],"product_tag":[733,514,731,732,481],"class_list":{"0":"post-5559","1":"product","2":"type-product","3":"status-publish","4":"has-post-thumbnail","6":"product_cat-glaces","7":"product_cat-tous-les-produits","8":"product_tag-cone","9":"product_tag-fraise","10":"product_tag-glace","11":"product_tag-pingo","12":"product_tag-rafraichissant","14":"first","15":"instock","16":"taxable","17":"shipping-taxable","18":"purchasable","19":"product-type-simple"},"aioseo_notices":[],"jetpack_sharing_enabled":true,"brands":[],"_links":{"self":[{"href":"https:\/\/midoxalimentation.com\/index.php?rest_route=\/wp\/v2\/product\/5559","targetHints":{"allow":["GET"]}}],"collection":[{"href":"https:\/\/midoxalimentation.com\/index.php?rest_route=\/wp\/v2\/product"}],"about":[{"href":"https:\/\/midoxalimentation.com\/index.php?rest_route=\/wp\/v2\/types\/product"}],"replies":[{"embeddable":true,"href":"https:\/\/midoxalimentation.com\/index.php?rest_route=%2Fwp%2Fv2%2Fcomments&post=5559"}],"version-history":[{"count":2,"href":"https:\/\/midoxalimentation.com\/index.php?rest_route=\/wp\/v2\/product\/5559\/revisions"}],"predecessor-version":[{"id":6656,"href":"https:\/\/midoxalimentation.com\/index.php?rest_route=\/wp\/v2\/product\/5559\/revisions\/6656"}],"wp:featuredmedia":[{"embeddable":true,"href":"https:\/\/midoxalimentation.com\/index.php?rest_route=\/wp\/v2\/media\/5558"}],"wp:attachment":[{"href":"https:\/\/midoxalimentation.com\/index.php?rest_route=%2Fwp%2Fv2%2Fmedia&parent=5559"}],"wp:term":[{"taxonomy":"pwb-brand","embeddable":true,"href":"https:\/\/midoxalimentation.com\/index.php?rest_route=%2Fwp%2Fv2%2Fpwb-brand&post=5559"},{"taxonomy":"product_brand","embeddable":true,"href":"https:\/\/midoxalimentation.com\/index.php?rest_route=%2Fwp%2Fv2%2Fproduct_brand&post=5559"},{"taxonomy":"product_cat","embeddable":true,"href":"https:\/\/midoxalimentation.com\/index.php?rest_route=%2Fwp%2Fv2%2Fproduct_cat&post=5559"},{"taxonomy":"product_tag","embeddable":true,"href":"https:\/\/midoxalimentation.com\/index.php?rest_route=%2Fwp%2Fv2%2Fproduct_tag&post=5559"}],"curies":[{"name":"wp","href":"https:\/\/api.w.org\/{rel}","templated":true}]}}