{"id":5602,"date":"2026-01-23T22:56:14","date_gmt":"2026-01-23T21:56:14","guid":{"rendered":"https:\/\/midoxalimentation.com\/?product=oni-liquide-lavande"},"modified":"2026-04-16T17:24:23","modified_gmt":"2026-04-16T15:24:23","slug":"oni-liquide-lavande","status":"publish","type":"product","link":"https:\/\/midoxalimentation.com\/?product=oni-liquide-lavande","title":{"rendered":"Oni Liquide -Lavande-"},"content":{"rendered":"<p>Ce liquide vaisselle Oni \u00e0 la lavande combine efficacit\u00e9 d\u00e9graissante et plaisir olfactif. Il nettoie vos assiettes en profondeur tout en laissant un parfum floral d\u00e9licat et apaisant.<\/p>\n","protected":false},"excerpt":{"rendered":"<p>Une vaisselle propre avec la douceur relaxante de la lavande.<\/p>\n","protected":false},"featured_media":5601,"comment_status":"open","ping_status":"closed","template":"","meta":{"content-type":""},"pwb-brand":[],"product_brand":[],"product_cat":[183,15],"product_tag":[787,786,776,690,775],"class_list":{"0":"post-5602","1":"product","2":"type-product","3":"status-publish","4":"has-post-thumbnail","6":"product_cat-entretien-maison","7":"product_cat-tous-les-produits","8":"product_tag-floral","9":"product_tag-lavande","10":"product_tag-liquide-vaisselle","11":"product_tag-nettoyage","12":"product_tag-oni","14":"first","15":"instock","16":"taxable","17":"shipping-taxable","18":"purchasable","19":"product-type-variable"},"aioseo_notices":[],"jetpack_sharing_enabled":true,"brands":[],"_links":{"self":[{"href":"https:\/\/midoxalimentation.com\/index.php?rest_route=\/wp\/v2\/product\/5602","targetHints":{"allow":["GET"]}}],"collection":[{"href":"https:\/\/midoxalimentation.com\/index.php?rest_route=\/wp\/v2\/product"}],"about":[{"href":"https:\/\/midoxalimentation.com\/index.php?rest_route=\/wp\/v2\/types\/product"}],"replies":[{"embeddable":true,"href":"https:\/\/midoxalimentation.com\/index.php?rest_route=%2Fwp%2Fv2%2Fcomments&post=5602"}],"version-history":[{"count":2,"href":"https:\/\/midoxalimentation.com\/index.php?rest_route=\/wp\/v2\/product\/5602\/revisions"}],"predecessor-version":[{"id":6750,"href":"https:\/\/midoxalimentation.com\/index.php?rest_route=\/wp\/v2\/product\/5602\/revisions\/6750"}],"wp:featuredmedia":[{"embeddable":true,"href":"https:\/\/midoxalimentation.com\/index.php?rest_route=\/wp\/v2\/media\/5601"}],"wp:attachment":[{"href":"https:\/\/midoxalimentation.com\/index.php?rest_route=%2Fwp%2Fv2%2Fmedia&parent=5602"}],"wp:term":[{"taxonomy":"pwb-brand","embeddable":true,"href":"https:\/\/midoxalimentation.com\/index.php?rest_route=%2Fwp%2Fv2%2Fpwb-brand&post=5602"},{"taxonomy":"product_brand","embeddable":true,"href":"https:\/\/midoxalimentation.com\/index.php?rest_route=%2Fwp%2Fv2%2Fproduct_brand&post=5602"},{"taxonomy":"product_cat","embeddable":true,"href":"https:\/\/midoxalimentation.com\/index.php?rest_route=%2Fwp%2Fv2%2Fproduct_cat&post=5602"},{"taxonomy":"product_tag","embeddable":true,"href":"https:\/\/midoxalimentation.com\/index.php?rest_route=%2Fwp%2Fv2%2Fproduct_tag&post=5602"}],"curies":[{"name":"wp","href":"https:\/\/api.w.org\/{rel}","templated":true}]}}