{"id":5606,"date":"2026-01-23T22:56:14","date_gmt":"2026-01-23T21:56:14","guid":{"rendered":"https:\/\/midoxalimentation.com\/?product=oni-liquide-fraise"},"modified":"2026-02-16T19:27:23","modified_gmt":"2026-02-16T18:27:23","slug":"oni-liquide-fraise","status":"publish","type":"product","link":"https:\/\/midoxalimentation.com\/?product=oni-liquide-fraise","title":{"rendered":"Oni Liquide -Fraise-"},"content":{"rendered":"<p>Oni Liquide Fraise offre une action moussante g\u00e9n\u00e9reuse pour \u00e9liminer les r\u00e9sidus alimentaires les plus r\u00e9sistants. Son parfum de fraise apporte une touche de fra\u00eecheur fruit\u00e9e \u00e0 votre corv\u00e9e de vaisselle.<\/p>\n","protected":false},"excerpt":{"rendered":"<p>Un nettoyage \u00e9tincelant au parfum gourmand de fraise<\/p>\n","protected":false},"featured_media":5605,"comment_status":"open","ping_status":"closed","template":"","meta":{"content-type":""},"pwb-brand":[],"product_brand":[],"product_cat":[183,15],"product_tag":[784,514,785,776,775],"class_list":{"0":"post-5606","1":"product","2":"type-product","3":"status-publish","4":"has-post-thumbnail","6":"product_cat-entretien-maison","7":"product_cat-tous-les-produits","8":"product_tag-degraissant","9":"product_tag-fraise","10":"product_tag-fruite","11":"product_tag-liquide-vaisselle","12":"product_tag-oni","14":"first","15":"instock","16":"taxable","17":"shipping-taxable","18":"purchasable","19":"product-type-variable"},"aioseo_notices":[],"jetpack_sharing_enabled":true,"brands":[],"_links":{"self":[{"href":"https:\/\/midoxalimentation.com\/index.php?rest_route=\/wp\/v2\/product\/5606","targetHints":{"allow":["GET"]}}],"collection":[{"href":"https:\/\/midoxalimentation.com\/index.php?rest_route=\/wp\/v2\/product"}],"about":[{"href":"https:\/\/midoxalimentation.com\/index.php?rest_route=\/wp\/v2\/types\/product"}],"replies":[{"embeddable":true,"href":"https:\/\/midoxalimentation.com\/index.php?rest_route=%2Fwp%2Fv2%2Fcomments&post=5606"}],"version-history":[{"count":2,"href":"https:\/\/midoxalimentation.com\/index.php?rest_route=\/wp\/v2\/product\/5606\/revisions"}],"predecessor-version":[{"id":6744,"href":"https:\/\/midoxalimentation.com\/index.php?rest_route=\/wp\/v2\/product\/5606\/revisions\/6744"}],"wp:featuredmedia":[{"embeddable":true,"href":"https:\/\/midoxalimentation.com\/index.php?rest_route=\/wp\/v2\/media\/5605"}],"wp:attachment":[{"href":"https:\/\/midoxalimentation.com\/index.php?rest_route=%2Fwp%2Fv2%2Fmedia&parent=5606"}],"wp:term":[{"taxonomy":"pwb-brand","embeddable":true,"href":"https:\/\/midoxalimentation.com\/index.php?rest_route=%2Fwp%2Fv2%2Fpwb-brand&post=5606"},{"taxonomy":"product_brand","embeddable":true,"href":"https:\/\/midoxalimentation.com\/index.php?rest_route=%2Fwp%2Fv2%2Fproduct_brand&post=5606"},{"taxonomy":"product_cat","embeddable":true,"href":"https:\/\/midoxalimentation.com\/index.php?rest_route=%2Fwp%2Fv2%2Fproduct_cat&post=5606"},{"taxonomy":"product_tag","embeddable":true,"href":"https:\/\/midoxalimentation.com\/index.php?rest_route=%2Fwp%2Fv2%2Fproduct_tag&post=5606"}],"curies":[{"name":"wp","href":"https:\/\/api.w.org\/{rel}","templated":true}]}}