{"id":5617,"date":"2026-01-23T22:56:16","date_gmt":"2026-01-23T21:56:16","guid":{"rendered":"https:\/\/midoxalimentation.com\/?product=omo-matic-165-g"},"modified":"2026-02-16T19:13:18","modified_gmt":"2026-02-16T18:13:18","slug":"omo-matic-165-g","status":"publish","type":"product","link":"https:\/\/midoxalimentation.com\/?product=omo-matic-165-g","title":{"rendered":"OMO Matic 165 g"},"content":{"rendered":"<p>Con\u00e7u sp\u00e9cifiquement pour les lave-linges automatiques, OMO Matic 165 g \u00e9limine les taches les plus difficiles gr\u00e2ce \u00e0 sa technologie active. Ce petit format est id\u00e9al pour un usage quotidien, offrant un r\u00e9sultat professionnel et un soin optimal pour vos textiles.<\/p>\n","protected":false},"excerpt":{"rendered":"<p>Un format pratique pour machine automatique garantissant une propret\u00e9 impeccable d\u00e8s le premier lavage<\/p>\n","protected":false},"featured_media":5616,"comment_status":"open","ping_status":"closed","template":"","meta":{"content-type":""},"pwb-brand":[],"product_brand":[],"product_cat":[183,15],"product_tag":[768,718,769,770,767],"class_list":{"0":"post-5617","1":"product","2":"type-product","3":"status-publish","4":"has-post-thumbnail","6":"product_cat-entretien-maison","7":"product_cat-tous-les-produits","8":"product_tag-lessive","9":"product_tag-linge","10":"product_tag-machine-automatique","11":"product_tag-nettoyage-intense","12":"product_tag-omo-matic","14":"first","15":"instock","16":"taxable","17":"shipping-taxable","18":"purchasable","19":"product-type-simple"},"aioseo_notices":[],"jetpack_sharing_enabled":true,"brands":[],"_links":{"self":[{"href":"https:\/\/midoxalimentation.com\/index.php?rest_route=\/wp\/v2\/product\/5617","targetHints":{"allow":["GET"]}}],"collection":[{"href":"https:\/\/midoxalimentation.com\/index.php?rest_route=\/wp\/v2\/product"}],"about":[{"href":"https:\/\/midoxalimentation.com\/index.php?rest_route=\/wp\/v2\/types\/product"}],"replies":[{"embeddable":true,"href":"https:\/\/midoxalimentation.com\/index.php?rest_route=%2Fwp%2Fv2%2Fcomments&post=5617"}],"version-history":[{"count":1,"href":"https:\/\/midoxalimentation.com\/index.php?rest_route=\/wp\/v2\/product\/5617\/revisions"}],"predecessor-version":[{"id":6729,"href":"https:\/\/midoxalimentation.com\/index.php?rest_route=\/wp\/v2\/product\/5617\/revisions\/6729"}],"wp:featuredmedia":[{"embeddable":true,"href":"https:\/\/midoxalimentation.com\/index.php?rest_route=\/wp\/v2\/media\/5616"}],"wp:attachment":[{"href":"https:\/\/midoxalimentation.com\/index.php?rest_route=%2Fwp%2Fv2%2Fmedia&parent=5617"}],"wp:term":[{"taxonomy":"pwb-brand","embeddable":true,"href":"https:\/\/midoxalimentation.com\/index.php?rest_route=%2Fwp%2Fv2%2Fpwb-brand&post=5617"},{"taxonomy":"product_brand","embeddable":true,"href":"https:\/\/midoxalimentation.com\/index.php?rest_route=%2Fwp%2Fv2%2Fproduct_brand&post=5617"},{"taxonomy":"product_cat","embeddable":true,"href":"https:\/\/midoxalimentation.com\/index.php?rest_route=%2Fwp%2Fv2%2Fproduct_cat&post=5617"},{"taxonomy":"product_tag","embeddable":true,"href":"https:\/\/midoxalimentation.com\/index.php?rest_route=%2Fwp%2Fv2%2Fproduct_tag&post=5617"}],"curies":[{"name":"wp","href":"https:\/\/api.w.org\/{rel}","templated":true}]}}