{"id":5625,"date":"2026-01-23T22:56:17","date_gmt":"2026-01-23T21:56:17","guid":{"rendered":"https:\/\/midoxalimentation.com\/?product=cadum"},"modified":"2026-02-13T17:12:07","modified_gmt":"2026-02-13T16:12:07","slug":"cadum","status":"publish","type":"product","link":"https:\/\/midoxalimentation.com\/?product=cadum","title":{"rendered":"Cadum (Force &#038; Vitalit\u00e9)"},"content":{"rendered":"<p>Cadum Force &amp; Vitalit\u00e9 utilise les bienfaits traditionnels de l&rsquo;\u0153uf pour nourrir intens\u00e9ment la fibre capillaire. Il redonne de la force aux cheveux fatigu\u00e9s et les laisse brillants de sant\u00e9.<\/p>\n","protected":false},"excerpt":{"rendered":"<p>Enrichi aux \u0153ufs pour renforcer les cheveux d\u00e8s la racine et leur redonner de l&rsquo;\u00e9clat.<\/p>\n","protected":false},"featured_media":5624,"comment_status":"open","ping_status":"closed","template":"","meta":{"content-type":""},"pwb-brand":[],"product_brand":[],"product_cat":[196,15],"product_tag":[663,645,653,664,510],"class_list":{"0":"post-5625","1":"product","2":"type-product","3":"status-publish","4":"has-post-thumbnail","6":"product_cat-hygiene-soins","7":"product_cat-tous-les-produits","8":"product_tag-cadum","9":"product_tag-cosmetique","10":"product_tag-shampooing","11":"product_tag-soin-cheveux","12":"product_tag-vitalite","14":"first","15":"instock","16":"taxable","17":"shipping-taxable","18":"purchasable","19":"product-type-simple"},"aioseo_notices":[],"jetpack_sharing_enabled":true,"brands":[],"_links":{"self":[{"href":"https:\/\/midoxalimentation.com\/index.php?rest_route=\/wp\/v2\/product\/5625","targetHints":{"allow":["GET"]}}],"collection":[{"href":"https:\/\/midoxalimentation.com\/index.php?rest_route=\/wp\/v2\/product"}],"about":[{"href":"https:\/\/midoxalimentation.com\/index.php?rest_route=\/wp\/v2\/types\/product"}],"replies":[{"embeddable":true,"href":"https:\/\/midoxalimentation.com\/index.php?rest_route=%2Fwp%2Fv2%2Fcomments&post=5625"}],"version-history":[{"count":2,"href":"https:\/\/midoxalimentation.com\/index.php?rest_route=\/wp\/v2\/product\/5625\/revisions"}],"predecessor-version":[{"id":6592,"href":"https:\/\/midoxalimentation.com\/index.php?rest_route=\/wp\/v2\/product\/5625\/revisions\/6592"}],"wp:featuredmedia":[{"embeddable":true,"href":"https:\/\/midoxalimentation.com\/index.php?rest_route=\/wp\/v2\/media\/5624"}],"wp:attachment":[{"href":"https:\/\/midoxalimentation.com\/index.php?rest_route=%2Fwp%2Fv2%2Fmedia&parent=5625"}],"wp:term":[{"taxonomy":"pwb-brand","embeddable":true,"href":"https:\/\/midoxalimentation.com\/index.php?rest_route=%2Fwp%2Fv2%2Fpwb-brand&post=5625"},{"taxonomy":"product_brand","embeddable":true,"href":"https:\/\/midoxalimentation.com\/index.php?rest_route=%2Fwp%2Fv2%2Fproduct_brand&post=5625"},{"taxonomy":"product_cat","embeddable":true,"href":"https:\/\/midoxalimentation.com\/index.php?rest_route=%2Fwp%2Fv2%2Fproduct_cat&post=5625"},{"taxonomy":"product_tag","embeddable":true,"href":"https:\/\/midoxalimentation.com\/index.php?rest_route=%2Fwp%2Fv2%2Fproduct_tag&post=5625"}],"curies":[{"name":"wp","href":"https:\/\/api.w.org\/{rel}","templated":true}]}}