{"id":5635,"date":"2026-01-23T22:56:19","date_gmt":"2026-01-23T21:56:19","guid":{"rendered":"https:\/\/midoxalimentation.com\/?product=sauce-piquante-verre"},"modified":"2026-02-13T15:50:02","modified_gmt":"2026-02-13T14:50:02","slug":"sauce-piquante-verre","status":"publish","type":"product","link":"https:\/\/midoxalimentation.com\/?product=sauce-piquante-verre","title":{"rendered":"Sauce Piquante"},"content":{"rendered":"<p>La sauce piquante Star en format verre est un classique pour les amateurs de sensations fortes. Sa recette \u00e9quilibr\u00e9e apporte du piquant sans masquer le go\u00fbt de vos aliments. Id\u00e9ale pour accompagner vos grillades, soupes ou pour pr\u00e9parer des marinades \u00e9pic\u00e9es maison. Son emballage en verre pr\u00e9serve parfaitement la force et l&rsquo;ar\u00f4me de la sauce.<\/p>\n","protected":false},"excerpt":{"rendered":"<p>Sauce piquante traditionnelle en bouteille de verre, parfaite pour relever vos plats avec une touche \u00e9pic\u00e9e.<\/p>\n","protected":false},"featured_media":5634,"comment_status":"open","ping_status":"closed","template":"","meta":{"content-type":""},"pwb-brand":[],"product_brand":[570],"product_cat":[167,519,15],"product_tag":[573,484,414,581,580,571,582],"class_list":{"0":"post-5635","1":"product","2":"type-product","3":"status-publish","4":"has-post-thumbnail","6":"product_brand-star","7":"product_cat-epicerie","8":"product_cat-huiles-sauces-condiments","9":"product_cat-tous-les-produits","10":"product_tag-condiment","11":"product_tag-cuisine","12":"product_tag-epice","13":"product_tag-piment","14":"product_tag-sauce-piquante","15":"product_tag-star","16":"product_tag-verre","18":"first","19":"instock","20":"taxable","21":"shipping-taxable","22":"purchasable","23":"product-type-variable"},"aioseo_notices":[],"jetpack_sharing_enabled":true,"brands":[],"_links":{"self":[{"href":"https:\/\/midoxalimentation.com\/index.php?rest_route=\/wp\/v2\/product\/5635","targetHints":{"allow":["GET"]}}],"collection":[{"href":"https:\/\/midoxalimentation.com\/index.php?rest_route=\/wp\/v2\/product"}],"about":[{"href":"https:\/\/midoxalimentation.com\/index.php?rest_route=\/wp\/v2\/types\/product"}],"replies":[{"embeddable":true,"href":"https:\/\/midoxalimentation.com\/index.php?rest_route=%2Fwp%2Fv2%2Fcomments&post=5635"}],"version-history":[{"count":3,"href":"https:\/\/midoxalimentation.com\/index.php?rest_route=\/wp\/v2\/product\/5635\/revisions"}],"predecessor-version":[{"id":6506,"href":"https:\/\/midoxalimentation.com\/index.php?rest_route=\/wp\/v2\/product\/5635\/revisions\/6506"}],"wp:featuredmedia":[{"embeddable":true,"href":"https:\/\/midoxalimentation.com\/index.php?rest_route=\/wp\/v2\/media\/5634"}],"wp:attachment":[{"href":"https:\/\/midoxalimentation.com\/index.php?rest_route=%2Fwp%2Fv2%2Fmedia&parent=5635"}],"wp:term":[{"taxonomy":"pwb-brand","embeddable":true,"href":"https:\/\/midoxalimentation.com\/index.php?rest_route=%2Fwp%2Fv2%2Fpwb-brand&post=5635"},{"taxonomy":"product_brand","embeddable":true,"href":"https:\/\/midoxalimentation.com\/index.php?rest_route=%2Fwp%2Fv2%2Fproduct_brand&post=5635"},{"taxonomy":"product_cat","embeddable":true,"href":"https:\/\/midoxalimentation.com\/index.php?rest_route=%2Fwp%2Fv2%2Fproduct_cat&post=5635"},{"taxonomy":"product_tag","embeddable":true,"href":"https:\/\/midoxalimentation.com\/index.php?rest_route=%2Fwp%2Fv2%2Fproduct_tag&post=5635"}],"curies":[{"name":"wp","href":"https:\/\/api.w.org\/{rel}","templated":true}]}}