{"id":5647,"date":"2026-01-23T22:56:21","date_gmt":"2026-01-23T21:56:21","guid":{"rendered":"https:\/\/midoxalimentation.com\/?product=mouchoir-dalla-wooly"},"modified":"2026-02-13T18:15:42","modified_gmt":"2026-02-13T17:15:42","slug":"mouchoir-dalla-wooly","status":"publish","type":"product","link":"https:\/\/midoxalimentation.com\/?product=mouchoir-dalla-wooly","title":{"rendered":"Mouchoir Dalla wooly"},"content":{"rendered":"<p>Les mouchoirs Dalaa Wooly offrent une douceur exceptionnelle pour respecter votre peau, m\u00eame en cas d&rsquo;usage fr\u00e9quent. Leur \u00e9paisseur garantit une grande capacit\u00e9 d&rsquo;absorption et une solidit\u00e9 \u00e0 toute \u00e9preuve, parfaits pour vous accompagner partout.<\/p>\n","protected":false},"excerpt":{"rendered":"<p>Mouchoirs en papier ultra doux et r\u00e9sistants pour un usage quotidien.<\/p>\n","protected":false},"featured_media":5646,"comment_status":"open","ping_status":"closed","template":"","meta":{"content-type":""},"pwb-brand":[],"product_brand":[],"product_cat":[196,15],"product_tag":[686,262,340,706,705],"class_list":{"0":"post-5647","1":"product","2":"type-product","3":"status-publish","4":"has-post-thumbnail","6":"product_cat-hygiene-soins","7":"product_cat-tous-les-produits","8":"product_tag-dalaa","9":"product_tag-douceur","10":"product_tag-hygiene","11":"product_tag-mouchoirs","12":"product_tag-wooly","14":"first","15":"instock","16":"taxable","17":"shipping-taxable","18":"purchasable","19":"product-type-simple"},"aioseo_notices":[],"jetpack_sharing_enabled":true,"brands":[],"_links":{"self":[{"href":"https:\/\/midoxalimentation.com\/index.php?rest_route=\/wp\/v2\/product\/5647","targetHints":{"allow":["GET"]}}],"collection":[{"href":"https:\/\/midoxalimentation.com\/index.php?rest_route=\/wp\/v2\/product"}],"about":[{"href":"https:\/\/midoxalimentation.com\/index.php?rest_route=\/wp\/v2\/types\/product"}],"replies":[{"embeddable":true,"href":"https:\/\/midoxalimentation.com\/index.php?rest_route=%2Fwp%2Fv2%2Fcomments&post=5647"}],"version-history":[{"count":1,"href":"https:\/\/midoxalimentation.com\/index.php?rest_route=\/wp\/v2\/product\/5647\/revisions"}],"predecessor-version":[{"id":6625,"href":"https:\/\/midoxalimentation.com\/index.php?rest_route=\/wp\/v2\/product\/5647\/revisions\/6625"}],"wp:featuredmedia":[{"embeddable":true,"href":"https:\/\/midoxalimentation.com\/index.php?rest_route=\/wp\/v2\/media\/5646"}],"wp:attachment":[{"href":"https:\/\/midoxalimentation.com\/index.php?rest_route=%2Fwp%2Fv2%2Fmedia&parent=5647"}],"wp:term":[{"taxonomy":"pwb-brand","embeddable":true,"href":"https:\/\/midoxalimentation.com\/index.php?rest_route=%2Fwp%2Fv2%2Fpwb-brand&post=5647"},{"taxonomy":"product_brand","embeddable":true,"href":"https:\/\/midoxalimentation.com\/index.php?rest_route=%2Fwp%2Fv2%2Fproduct_brand&post=5647"},{"taxonomy":"product_cat","embeddable":true,"href":"https:\/\/midoxalimentation.com\/index.php?rest_route=%2Fwp%2Fv2%2Fproduct_cat&post=5647"},{"taxonomy":"product_tag","embeddable":true,"href":"https:\/\/midoxalimentation.com\/index.php?rest_route=%2Fwp%2Fv2%2Fproduct_tag&post=5647"}],"curies":[{"name":"wp","href":"https:\/\/api.w.org\/{rel}","templated":true}]}}