{"id":5649,"date":"2026-01-23T22:56:21","date_gmt":"2026-01-23T21:56:21","guid":{"rendered":"https:\/\/midoxalimentation.com\/?product=ace"},"modified":"2026-02-16T19:33:18","modified_gmt":"2026-02-16T18:33:18","slug":"ace","status":"publish","type":"product","link":"https:\/\/midoxalimentation.com\/?product=ace","title":{"rendered":"Ace Eau de Javel"},"content":{"rendered":"<p>Ace est l&rsquo;alli\u00e9 incontournable pour un blanc \u00e9clatant. Gr\u00e2ce \u00e0 sa formule sp\u00e9ciale, il d\u00e9sinfecte en profondeur les surfaces et \u00e9limine les taches difficiles sur les textiles blancs sans ab\u00eemer les fibres.<\/p>\n","protected":false},"excerpt":{"rendered":"<p>La protection et la blancheur absolue pour votre linge et votre maison.<\/p>\n","protected":false},"featured_media":5648,"comment_status":"open","ping_status":"closed","template":"","meta":{"content-type":""},"pwb-brand":[],"product_brand":[],"product_cat":[183,15],"product_tag":[788,790,791,340,789,718],"class_list":{"0":"post-5649","1":"product","2":"type-product","3":"status-publish","4":"has-post-thumbnail","6":"product_cat-entretien-maison","7":"product_cat-tous-les-produits","8":"product_tag-ace","9":"product_tag-blanchissant","10":"product_tag-desinfectant","11":"product_tag-hygiene","12":"product_tag-javel","13":"product_tag-linge","15":"first","16":"instock","17":"taxable","18":"shipping-taxable","19":"purchasable","20":"product-type-simple"},"aioseo_notices":[],"jetpack_sharing_enabled":true,"brands":[],"_links":{"self":[{"href":"https:\/\/midoxalimentation.com\/index.php?rest_route=\/wp\/v2\/product\/5649","targetHints":{"allow":["GET"]}}],"collection":[{"href":"https:\/\/midoxalimentation.com\/index.php?rest_route=\/wp\/v2\/product"}],"about":[{"href":"https:\/\/midoxalimentation.com\/index.php?rest_route=\/wp\/v2\/types\/product"}],"replies":[{"embeddable":true,"href":"https:\/\/midoxalimentation.com\/index.php?rest_route=%2Fwp%2Fv2%2Fcomments&post=5649"}],"version-history":[{"count":2,"href":"https:\/\/midoxalimentation.com\/index.php?rest_route=\/wp\/v2\/product\/5649\/revisions"}],"predecessor-version":[{"id":6752,"href":"https:\/\/midoxalimentation.com\/index.php?rest_route=\/wp\/v2\/product\/5649\/revisions\/6752"}],"wp:featuredmedia":[{"embeddable":true,"href":"https:\/\/midoxalimentation.com\/index.php?rest_route=\/wp\/v2\/media\/5648"}],"wp:attachment":[{"href":"https:\/\/midoxalimentation.com\/index.php?rest_route=%2Fwp%2Fv2%2Fmedia&parent=5649"}],"wp:term":[{"taxonomy":"pwb-brand","embeddable":true,"href":"https:\/\/midoxalimentation.com\/index.php?rest_route=%2Fwp%2Fv2%2Fpwb-brand&post=5649"},{"taxonomy":"product_brand","embeddable":true,"href":"https:\/\/midoxalimentation.com\/index.php?rest_route=%2Fwp%2Fv2%2Fproduct_brand&post=5649"},{"taxonomy":"product_cat","embeddable":true,"href":"https:\/\/midoxalimentation.com\/index.php?rest_route=%2Fwp%2Fv2%2Fproduct_cat&post=5649"},{"taxonomy":"product_tag","embeddable":true,"href":"https:\/\/midoxalimentation.com\/index.php?rest_route=%2Fwp%2Fv2%2Fproduct_tag&post=5649"}],"curies":[{"name":"wp","href":"https:\/\/api.w.org\/{rel}","templated":true}]}}