{"id":5695,"date":"2026-01-23T22:56:28","date_gmt":"2026-01-23T21:56:28","guid":{"rendered":"https:\/\/midoxalimentation.com\/?product=fawakih-orange-fraise"},"modified":"2026-02-10T19:34:40","modified_gmt":"2026-02-10T18:34:40","slug":"fawakih-orange-fraise","status":"publish","type":"product","link":"https:\/\/midoxalimentation.com\/?product=fawakih-orange-fraise","title":{"rendered":"FAWAKIH ORANGE\/FRAISE"},"content":{"rendered":"<p>La gamme Fawakih de Chergui propose des boissons lact\u00e9es aux fruits (Orange &amp; Fraise ) con\u00e7ues pour une hydratation gourmande. Sa texture l\u00e9g\u00e8re et son format pratique en bouteille en font le compagnon id\u00e9al des sorties ou des pauses rapides. Un \u00e9quilibre parfait entre l&rsquo;\u00e9nergie du lait et le plaisir des fruits m\u00fbrs.<\/p>\n","protected":false},"excerpt":{"rendered":"<p>Une boisson lact\u00e9e fruit\u00e9e rafra\u00eechissante, m\u00e9langeant la douceur du lait aux saveurs intenses de fruits.<\/p>\n","protected":false},"featured_media":5694,"comment_status":"open","ping_status":"closed","template":"","meta":{"content-type":""},"pwb-brand":[],"product_brand":[473],"product_cat":[461,180,15],"product_tag":[480,476,474,475,477,478,479,481],"class_list":{"0":"post-5695","1":"product","2":"type-product","3":"status-publish","4":"has-post-thumbnail","6":"product_brand-chergui","7":"product_cat-laits-boissons-lactees","8":"product_cat-produits-laitiers","9":"product_cat-tous-les-produits","10":"product_tag-abricot","11":"product_tag-boisson-lactee","12":"product_tag-chergui","13":"product_tag-fawakih","14":"product_tag-jus-au-lait","15":"product_tag-mangue","16":"product_tag-peche","17":"product_tag-rafraichissant","19":"first","20":"instock","21":"taxable","22":"shipping-taxable","23":"purchasable","24":"product-type-simple"},"aioseo_notices":[],"jetpack_sharing_enabled":true,"brands":[],"_links":{"self":[{"href":"https:\/\/midoxalimentation.com\/index.php?rest_route=\/wp\/v2\/product\/5695","targetHints":{"allow":["GET"]}}],"collection":[{"href":"https:\/\/midoxalimentation.com\/index.php?rest_route=\/wp\/v2\/product"}],"about":[{"href":"https:\/\/midoxalimentation.com\/index.php?rest_route=\/wp\/v2\/types\/product"}],"replies":[{"embeddable":true,"href":"https:\/\/midoxalimentation.com\/index.php?rest_route=%2Fwp%2Fv2%2Fcomments&post=5695"}],"version-history":[{"count":1,"href":"https:\/\/midoxalimentation.com\/index.php?rest_route=\/wp\/v2\/product\/5695\/revisions"}],"predecessor-version":[{"id":6435,"href":"https:\/\/midoxalimentation.com\/index.php?rest_route=\/wp\/v2\/product\/5695\/revisions\/6435"}],"wp:featuredmedia":[{"embeddable":true,"href":"https:\/\/midoxalimentation.com\/index.php?rest_route=\/wp\/v2\/media\/5694"}],"wp:attachment":[{"href":"https:\/\/midoxalimentation.com\/index.php?rest_route=%2Fwp%2Fv2%2Fmedia&parent=5695"}],"wp:term":[{"taxonomy":"pwb-brand","embeddable":true,"href":"https:\/\/midoxalimentation.com\/index.php?rest_route=%2Fwp%2Fv2%2Fpwb-brand&post=5695"},{"taxonomy":"product_brand","embeddable":true,"href":"https:\/\/midoxalimentation.com\/index.php?rest_route=%2Fwp%2Fv2%2Fproduct_brand&post=5695"},{"taxonomy":"product_cat","embeddable":true,"href":"https:\/\/midoxalimentation.com\/index.php?rest_route=%2Fwp%2Fv2%2Fproduct_cat&post=5695"},{"taxonomy":"product_tag","embeddable":true,"href":"https:\/\/midoxalimentation.com\/index.php?rest_route=%2Fwp%2Fv2%2Fproduct_tag&post=5695"}],"curies":[{"name":"wp","href":"https:\/\/api.w.org\/{rel}","templated":true}]}}