{"id":5699,"date":"2026-01-23T22:56:29","date_gmt":"2026-01-23T21:56:29","guid":{"rendered":"https:\/\/midoxalimentation.com\/?product=huile-leo"},"modified":"2026-02-12T15:45:56","modified_gmt":"2026-02-12T14:45:56","slug":"huile-leo","status":"publish","type":"product","link":"https:\/\/midoxalimentation.com\/?product=huile-leo","title":{"rendered":"Huile Leo"},"content":{"rendered":"<p data-path-to-node=\"11\">L&rsquo;huile Leo est l&rsquo;alli\u00e9e incontournable de votre cuisine pour toutes les pr\u00e9parations \u00e0 chaud. Sa formule l\u00e9g\u00e8re assure une cuisson parfaite de vos aliments sans alt\u00e9rer leur go\u00fbt. Stable \u00e0 haute temp\u00e9rature, elle convient aussi bien pour les fritures croustillantes que pour la pr\u00e9paration de vos g\u00e2teaux et plats quotidiens.<\/p>\n<p data-path-to-node=\"12\">\n","protected":false},"excerpt":{"rendered":"<p>Huile v\u00e9g\u00e9tale raffin\u00e9e multi-usages, parfaite pour la friture et la cuisine de tous les jours.<\/p>\n","protected":false},"featured_media":5698,"comment_status":"open","ping_status":"closed","template":"","meta":{"content-type":""},"pwb-brand":[],"product_brand":[],"product_cat":[167,519,15],"product_tag":[484,541,540,538,539,537,513],"class_list":{"0":"post-5699","1":"product","2":"type-product","3":"status-publish","4":"has-post-thumbnail","6":"product_cat-epicerie","7":"product_cat-huiles-sauces-condiments","8":"product_cat-tous-les-produits","9":"product_tag-cuisine","10":"product_tag-epicerie","11":"product_tag-friture","12":"product_tag-huile-de-table","13":"product_tag-huile-vegetale","14":"product_tag-leo","15":"product_tag-qualite","17":"first","18":"instock","19":"taxable","20":"shipping-taxable","21":"purchasable","22":"product-type-simple"},"aioseo_notices":[],"jetpack_sharing_enabled":true,"brands":[],"_links":{"self":[{"href":"https:\/\/midoxalimentation.com\/index.php?rest_route=\/wp\/v2\/product\/5699","targetHints":{"allow":["GET"]}}],"collection":[{"href":"https:\/\/midoxalimentation.com\/index.php?rest_route=\/wp\/v2\/product"}],"about":[{"href":"https:\/\/midoxalimentation.com\/index.php?rest_route=\/wp\/v2\/types\/product"}],"replies":[{"embeddable":true,"href":"https:\/\/midoxalimentation.com\/index.php?rest_route=%2Fwp%2Fv2%2Fcomments&post=5699"}],"version-history":[{"count":1,"href":"https:\/\/midoxalimentation.com\/index.php?rest_route=\/wp\/v2\/product\/5699\/revisions"}],"predecessor-version":[{"id":6473,"href":"https:\/\/midoxalimentation.com\/index.php?rest_route=\/wp\/v2\/product\/5699\/revisions\/6473"}],"wp:featuredmedia":[{"embeddable":true,"href":"https:\/\/midoxalimentation.com\/index.php?rest_route=\/wp\/v2\/media\/5698"}],"wp:attachment":[{"href":"https:\/\/midoxalimentation.com\/index.php?rest_route=%2Fwp%2Fv2%2Fmedia&parent=5699"}],"wp:term":[{"taxonomy":"pwb-brand","embeddable":true,"href":"https:\/\/midoxalimentation.com\/index.php?rest_route=%2Fwp%2Fv2%2Fpwb-brand&post=5699"},{"taxonomy":"product_brand","embeddable":true,"href":"https:\/\/midoxalimentation.com\/index.php?rest_route=%2Fwp%2Fv2%2Fproduct_brand&post=5699"},{"taxonomy":"product_cat","embeddable":true,"href":"https:\/\/midoxalimentation.com\/index.php?rest_route=%2Fwp%2Fv2%2Fproduct_cat&post=5699"},{"taxonomy":"product_tag","embeddable":true,"href":"https:\/\/midoxalimentation.com\/index.php?rest_route=%2Fwp%2Fv2%2Fproduct_tag&post=5699"}],"curies":[{"name":"wp","href":"https:\/\/api.w.org\/{rel}","templated":true}]}}