{"id":5703,"date":"2026-01-23T22:56:29","date_gmt":"2026-01-23T21:56:29","guid":{"rendered":"https:\/\/midoxalimentation.com\/?product=mouchoir-classic"},"modified":"2026-02-13T18:17:22","modified_gmt":"2026-02-13T17:17:22","slug":"mouchoir-classic","status":"publish","type":"product","link":"https:\/\/midoxalimentation.com\/?product=mouchoir-classic","title":{"rendered":"Mouchoirs Bo\u00eete Classic"},"content":{"rendered":"<p>Alliant sobri\u00e9t\u00e9 et efficacit\u00e9, les mouchoirs de la marque Classic sont indispensables pour votre hygi\u00e8ne au quotidien. La bo\u00eete permet une distribution facile et hygi\u00e9nique d&rsquo;un seul geste, offrant des feuilles douces qui prennent soin de votre nez.<\/p>\n","protected":false},"excerpt":{"rendered":"<p>Mouchoirs classiques en bo\u00eete, id\u00e9aux pour la maison ou le bureau .<\/p>\n","protected":false},"featured_media":5702,"comment_status":"open","ping_status":"closed","template":"","meta":{"content-type":""},"pwb-brand":[],"product_brand":[],"product_cat":[184,15],"product_tag":[707,708,346,671,706],"class_list":{"0":"post-5703","1":"product","2":"type-product","3":"status-publish","4":"has-post-thumbnail","6":"product_cat-high-tech-mobile","7":"product_cat-tous-les-produits","8":"product_tag-boite","9":"product_tag-bureau","10":"product_tag-classic","11":"product_tag-maison","12":"product_tag-mouchoirs","14":"first","15":"instock","16":"taxable","17":"shipping-taxable","18":"purchasable","19":"product-type-simple"},"aioseo_notices":[],"jetpack_sharing_enabled":true,"brands":[],"_links":{"self":[{"href":"https:\/\/midoxalimentation.com\/index.php?rest_route=\/wp\/v2\/product\/5703","targetHints":{"allow":["GET"]}}],"collection":[{"href":"https:\/\/midoxalimentation.com\/index.php?rest_route=\/wp\/v2\/product"}],"about":[{"href":"https:\/\/midoxalimentation.com\/index.php?rest_route=\/wp\/v2\/types\/product"}],"replies":[{"embeddable":true,"href":"https:\/\/midoxalimentation.com\/index.php?rest_route=%2Fwp%2Fv2%2Fcomments&post=5703"}],"version-history":[{"count":2,"href":"https:\/\/midoxalimentation.com\/index.php?rest_route=\/wp\/v2\/product\/5703\/revisions"}],"predecessor-version":[{"id":6627,"href":"https:\/\/midoxalimentation.com\/index.php?rest_route=\/wp\/v2\/product\/5703\/revisions\/6627"}],"wp:featuredmedia":[{"embeddable":true,"href":"https:\/\/midoxalimentation.com\/index.php?rest_route=\/wp\/v2\/media\/5702"}],"wp:attachment":[{"href":"https:\/\/midoxalimentation.com\/index.php?rest_route=%2Fwp%2Fv2%2Fmedia&parent=5703"}],"wp:term":[{"taxonomy":"pwb-brand","embeddable":true,"href":"https:\/\/midoxalimentation.com\/index.php?rest_route=%2Fwp%2Fv2%2Fpwb-brand&post=5703"},{"taxonomy":"product_brand","embeddable":true,"href":"https:\/\/midoxalimentation.com\/index.php?rest_route=%2Fwp%2Fv2%2Fproduct_brand&post=5703"},{"taxonomy":"product_cat","embeddable":true,"href":"https:\/\/midoxalimentation.com\/index.php?rest_route=%2Fwp%2Fv2%2Fproduct_cat&post=5703"},{"taxonomy":"product_tag","embeddable":true,"href":"https:\/\/midoxalimentation.com\/index.php?rest_route=%2Fwp%2Fv2%2Fproduct_tag&post=5703"}],"curies":[{"name":"wp","href":"https:\/\/api.w.org\/{rel}","templated":true}]}}