{"id":5707,"date":"2026-01-23T22:56:30","date_gmt":"2026-01-23T21:56:30","guid":{"rendered":"https:\/\/midoxalimentation.com\/?product=preplus"},"modified":"2026-02-13T17:18:16","modified_gmt":"2026-02-13T16:18:16","slug":"preplus","status":"publish","type":"product","link":"https:\/\/midoxalimentation.com\/?product=preplus","title":{"rendered":"Pert Plus 2 en 1"},"content":{"rendered":"<p>Inspir\u00e9 des recettes traditionnelles, Pert Plus laisse vos cheveux propres, doux et faciles \u00e0 coiffer en un seul geste. Un gain de temps pr\u00e9cieux sans compromis sur la qualit\u00e9 du soin.<\/p>\n","protected":false},"excerpt":{"rendered":"<p>Shampooing et apr\u00e8s-shampooing combin\u00e9s pour un nettoyage efficace et un d\u00e9m\u00ealage facile.<\/p>\n","protected":false},"featured_media":5706,"comment_status":"open","ping_status":"closed","template":"","meta":{"content-type":""},"pwb-brand":[],"product_brand":[],"product_cat":[196,15],"product_tag":[669,668,587,653,664],"class_list":{"0":"post-5707","1":"product","2":"type-product","3":"status-publish","4":"has-post-thumbnail","6":"product_cat-hygiene-soins","7":"product_cat-tous-les-produits","8":"product_tag-2-en-1","9":"product_tag-pert","10":"product_tag-pratique","11":"product_tag-shampooing","12":"product_tag-soin-cheveux","14":"first","15":"instock","16":"taxable","17":"shipping-taxable","18":"purchasable","19":"product-type-simple"},"aioseo_notices":[],"jetpack_sharing_enabled":true,"brands":[],"_links":{"self":[{"href":"https:\/\/midoxalimentation.com\/index.php?rest_route=\/wp\/v2\/product\/5707","targetHints":{"allow":["GET"]}}],"collection":[{"href":"https:\/\/midoxalimentation.com\/index.php?rest_route=\/wp\/v2\/product"}],"about":[{"href":"https:\/\/midoxalimentation.com\/index.php?rest_route=\/wp\/v2\/types\/product"}],"replies":[{"embeddable":true,"href":"https:\/\/midoxalimentation.com\/index.php?rest_route=%2Fwp%2Fv2%2Fcomments&post=5707"}],"version-history":[{"count":2,"href":"https:\/\/midoxalimentation.com\/index.php?rest_route=\/wp\/v2\/product\/5707\/revisions"}],"predecessor-version":[{"id":6596,"href":"https:\/\/midoxalimentation.com\/index.php?rest_route=\/wp\/v2\/product\/5707\/revisions\/6596"}],"wp:featuredmedia":[{"embeddable":true,"href":"https:\/\/midoxalimentation.com\/index.php?rest_route=\/wp\/v2\/media\/5706"}],"wp:attachment":[{"href":"https:\/\/midoxalimentation.com\/index.php?rest_route=%2Fwp%2Fv2%2Fmedia&parent=5707"}],"wp:term":[{"taxonomy":"pwb-brand","embeddable":true,"href":"https:\/\/midoxalimentation.com\/index.php?rest_route=%2Fwp%2Fv2%2Fpwb-brand&post=5707"},{"taxonomy":"product_brand","embeddable":true,"href":"https:\/\/midoxalimentation.com\/index.php?rest_route=%2Fwp%2Fv2%2Fproduct_brand&post=5707"},{"taxonomy":"product_cat","embeddable":true,"href":"https:\/\/midoxalimentation.com\/index.php?rest_route=%2Fwp%2Fv2%2Fproduct_cat&post=5707"},{"taxonomy":"product_tag","embeddable":true,"href":"https:\/\/midoxalimentation.com\/index.php?rest_route=%2Fwp%2Fv2%2Fproduct_tag&post=5707"}],"curies":[{"name":"wp","href":"https:\/\/api.w.org\/{rel}","templated":true}]}}