{"id":5713,"date":"2026-01-23T22:56:31","date_gmt":"2026-01-23T21:56:31","guid":{"rendered":"https:\/\/midoxalimentation.com\/?product=pantene"},"modified":"2026-02-13T17:15:32","modified_gmt":"2026-02-13T16:15:32","slug":"pantene","status":"publish","type":"product","link":"https:\/\/midoxalimentation.com\/?product=pantene","title":{"rendered":"Pantene Pro-V"},"content":{"rendered":"<p>La formule Pro-V de Pantene cible les signes de dommages pour r\u00e9parer et prot\u00e9ger les cheveux contre les agressions ext\u00e9rieures. Id\u00e9al pour retrouver une chevelure soyeuse et r\u00e9sistante.<\/p>\n","protected":false},"excerpt":{"rendered":"<p>Soin intensif pour transformer les cheveux ab\u00eem\u00e9s en cheveux visiblement plus sains et brillants.<\/p>\n","protected":false},"featured_media":5712,"comment_status":"open","ping_status":"closed","template":"","meta":{"content-type":""},"pwb-brand":[],"product_brand":[],"product_cat":[196,15],"product_tag":[665,666,667,653,644],"class_list":{"0":"post-5713","1":"product","2":"type-product","3":"status-publish","4":"has-post-thumbnail","6":"product_cat-hygiene-soins","7":"product_cat-tous-les-produits","8":"product_tag-pantene","9":"product_tag-pro-v","10":"product_tag-reparation","11":"product_tag-shampooing","12":"product_tag-soin-capillaire","14":"first","15":"instock","16":"taxable","17":"shipping-taxable","18":"purchasable","19":"product-type-simple"},"aioseo_notices":[],"jetpack_sharing_enabled":true,"brands":[],"_links":{"self":[{"href":"https:\/\/midoxalimentation.com\/index.php?rest_route=\/wp\/v2\/product\/5713","targetHints":{"allow":["GET"]}}],"collection":[{"href":"https:\/\/midoxalimentation.com\/index.php?rest_route=\/wp\/v2\/product"}],"about":[{"href":"https:\/\/midoxalimentation.com\/index.php?rest_route=\/wp\/v2\/types\/product"}],"replies":[{"embeddable":true,"href":"https:\/\/midoxalimentation.com\/index.php?rest_route=%2Fwp%2Fv2%2Fcomments&post=5713"}],"version-history":[{"count":2,"href":"https:\/\/midoxalimentation.com\/index.php?rest_route=\/wp\/v2\/product\/5713\/revisions"}],"predecessor-version":[{"id":6594,"href":"https:\/\/midoxalimentation.com\/index.php?rest_route=\/wp\/v2\/product\/5713\/revisions\/6594"}],"wp:featuredmedia":[{"embeddable":true,"href":"https:\/\/midoxalimentation.com\/index.php?rest_route=\/wp\/v2\/media\/5712"}],"wp:attachment":[{"href":"https:\/\/midoxalimentation.com\/index.php?rest_route=%2Fwp%2Fv2%2Fmedia&parent=5713"}],"wp:term":[{"taxonomy":"pwb-brand","embeddable":true,"href":"https:\/\/midoxalimentation.com\/index.php?rest_route=%2Fwp%2Fv2%2Fpwb-brand&post=5713"},{"taxonomy":"product_brand","embeddable":true,"href":"https:\/\/midoxalimentation.com\/index.php?rest_route=%2Fwp%2Fv2%2Fproduct_brand&post=5713"},{"taxonomy":"product_cat","embeddable":true,"href":"https:\/\/midoxalimentation.com\/index.php?rest_route=%2Fwp%2Fv2%2Fproduct_cat&post=5713"},{"taxonomy":"product_tag","embeddable":true,"href":"https:\/\/midoxalimentation.com\/index.php?rest_route=%2Fwp%2Fv2%2Fproduct_tag&post=5713"}],"curies":[{"name":"wp","href":"https:\/\/api.w.org\/{rel}","templated":true}]}}