{"id":5715,"date":"2026-01-23T22:56:31","date_gmt":"2026-01-23T21:56:31","guid":{"rendered":"https:\/\/midoxalimentation.com\/?product=lait-uht-violet"},"modified":"2026-02-10T20:16:44","modified_gmt":"2026-02-10T19:16:44","slug":"lait-uht-violet","status":"publish","type":"product","link":"https:\/\/midoxalimentation.com\/?product=lait-uht-violet","title":{"rendered":"Lait UHT Violet"},"content":{"rendered":"<p data-path-to-node=\"35\">Le lait Chergui UHT (emballage violet) offre tous les bienfaits nutritionnels du lait frais avec l&rsquo;avantage d&rsquo;une longue conservation. Riche en calcium et en vitamines, ce lait demi-\u00e9cr\u00e9m\u00e9 est parfait pour toute la famille, que ce soit pour le petit-d\u00e9jeuner, le caf\u00e9 ou la pr\u00e9paration de vos desserts pr\u00e9f\u00e9r\u00e9s.<\/p>\n<p data-path-to-node=\"36\">\n","protected":false},"excerpt":{"rendered":"<p data-path-to-node=\"34\">Lait demi-\u00e9cr\u00e9m\u00e9 UHT de haute qualit\u00e9, conditionn\u00e9 pour une conservation longue et pratique.<\/p>\n<p data-path-to-node=\"35\">\n","protected":false},"featured_media":5714,"comment_status":"open","ping_status":"closed","template":"","meta":{"content-type":""},"pwb-brand":[],"product_brand":[473],"product_cat":[461,180,15],"product_tag":[465,474,485,484,483,482,277],"class_list":{"0":"post-5715","1":"product","2":"type-product","3":"status-publish","4":"has-post-thumbnail","6":"product_brand-chergui","7":"product_cat-laits-boissons-lactees","8":"product_cat-produits-laitiers","9":"product_cat-tous-les-produits","10":"product_tag-calcium","11":"product_tag-chergui","12":"product_tag-conservation-longue","13":"product_tag-cuisine","14":"product_tag-demi-ecreme","15":"product_tag-lait-uht","16":"product_tag-petit-dejeuner","18":"first","19":"instock","20":"taxable","21":"shipping-taxable","22":"purchasable","23":"product-type-simple"},"aioseo_notices":[],"jetpack_sharing_enabled":true,"brands":[],"_links":{"self":[{"href":"https:\/\/midoxalimentation.com\/index.php?rest_route=\/wp\/v2\/product\/5715","targetHints":{"allow":["GET"]}}],"collection":[{"href":"https:\/\/midoxalimentation.com\/index.php?rest_route=\/wp\/v2\/product"}],"about":[{"href":"https:\/\/midoxalimentation.com\/index.php?rest_route=\/wp\/v2\/types\/product"}],"replies":[{"embeddable":true,"href":"https:\/\/midoxalimentation.com\/index.php?rest_route=%2Fwp%2Fv2%2Fcomments&post=5715"}],"version-history":[{"count":1,"href":"https:\/\/midoxalimentation.com\/index.php?rest_route=\/wp\/v2\/product\/5715\/revisions"}],"predecessor-version":[{"id":6444,"href":"https:\/\/midoxalimentation.com\/index.php?rest_route=\/wp\/v2\/product\/5715\/revisions\/6444"}],"wp:featuredmedia":[{"embeddable":true,"href":"https:\/\/midoxalimentation.com\/index.php?rest_route=\/wp\/v2\/media\/5714"}],"wp:attachment":[{"href":"https:\/\/midoxalimentation.com\/index.php?rest_route=%2Fwp%2Fv2%2Fmedia&parent=5715"}],"wp:term":[{"taxonomy":"pwb-brand","embeddable":true,"href":"https:\/\/midoxalimentation.com\/index.php?rest_route=%2Fwp%2Fv2%2Fpwb-brand&post=5715"},{"taxonomy":"product_brand","embeddable":true,"href":"https:\/\/midoxalimentation.com\/index.php?rest_route=%2Fwp%2Fv2%2Fproduct_brand&post=5715"},{"taxonomy":"product_cat","embeddable":true,"href":"https:\/\/midoxalimentation.com\/index.php?rest_route=%2Fwp%2Fv2%2Fproduct_cat&post=5715"},{"taxonomy":"product_tag","embeddable":true,"href":"https:\/\/midoxalimentation.com\/index.php?rest_route=%2Fwp%2Fv2%2Fproduct_tag&post=5715"}],"curies":[{"name":"wp","href":"https:\/\/api.w.org\/{rel}","templated":true}]}}