{"id":5717,"date":"2026-01-23T22:56:31","date_gmt":"2026-01-23T21:56:31","guid":{"rendered":"https:\/\/midoxalimentation.com\/?product=solis"},"modified":"2026-02-12T16:12:43","modified_gmt":"2026-02-12T15:12:43","slug":"solis","status":"publish","type":"product","link":"https:\/\/midoxalimentation.com\/?product=solis","title":{"rendered":"Solis"},"content":{"rendered":"<p>Solis Tomate Frito est la base id\u00e9ale pour r\u00e9ussir tous vos plats en un clin d&rsquo;\u0153il. Pr\u00e9par\u00e9e avec des tomates fra\u00eeches et une touche d&rsquo;huile d&rsquo;olive, cette sauce apporte une saveur authentique et cuisin\u00e9e \u00e0 vos p\u00e2tes, riz, viandes ou bases de pizzas. Un essentiel sain et savoureux pour votre cuisine quotidienne.<\/p>\n","protected":false},"excerpt":{"rendered":"<p>Sauce tomate cuisin\u00e9e 100% naturelle \u00e0 l&rsquo;huile d&rsquo;olive, sans conservateurs ni colorants, pr\u00eate \u00e0 l&#8217;emploi.<\/p>\n","protected":false},"featured_media":5716,"comment_status":"open","ping_status":"closed","template":"","meta":{"content-type":""},"pwb-brand":[],"product_brand":[],"product_cat":[167,519,15],"product_tag":[484,541,504,554,526,552,553],"class_list":{"0":"post-5717","1":"product","2":"type-product","3":"status-publish","4":"has-post-thumbnail","6":"product_cat-epicerie","7":"product_cat-huiles-sauces-condiments","8":"product_cat-tous-les-produits","9":"product_tag-cuisine","10":"product_tag-epicerie","11":"product_tag-naturel","12":"product_tag-pret-a-lemploi","13":"product_tag-sauce-tomate","14":"product_tag-solis","15":"product_tag-tomate-frito","17":"first","18":"instock","19":"taxable","20":"shipping-taxable","21":"purchasable","22":"product-type-simple"},"aioseo_notices":[],"jetpack_sharing_enabled":true,"brands":[],"_links":{"self":[{"href":"https:\/\/midoxalimentation.com\/index.php?rest_route=\/wp\/v2\/product\/5717","targetHints":{"allow":["GET"]}}],"collection":[{"href":"https:\/\/midoxalimentation.com\/index.php?rest_route=\/wp\/v2\/product"}],"about":[{"href":"https:\/\/midoxalimentation.com\/index.php?rest_route=\/wp\/v2\/types\/product"}],"replies":[{"embeddable":true,"href":"https:\/\/midoxalimentation.com\/index.php?rest_route=%2Fwp%2Fv2%2Fcomments&post=5717"}],"version-history":[{"count":2,"href":"https:\/\/midoxalimentation.com\/index.php?rest_route=\/wp\/v2\/product\/5717\/revisions"}],"predecessor-version":[{"id":6481,"href":"https:\/\/midoxalimentation.com\/index.php?rest_route=\/wp\/v2\/product\/5717\/revisions\/6481"}],"wp:featuredmedia":[{"embeddable":true,"href":"https:\/\/midoxalimentation.com\/index.php?rest_route=\/wp\/v2\/media\/5716"}],"wp:attachment":[{"href":"https:\/\/midoxalimentation.com\/index.php?rest_route=%2Fwp%2Fv2%2Fmedia&parent=5717"}],"wp:term":[{"taxonomy":"pwb-brand","embeddable":true,"href":"https:\/\/midoxalimentation.com\/index.php?rest_route=%2Fwp%2Fv2%2Fpwb-brand&post=5717"},{"taxonomy":"product_brand","embeddable":true,"href":"https:\/\/midoxalimentation.com\/index.php?rest_route=%2Fwp%2Fv2%2Fproduct_brand&post=5717"},{"taxonomy":"product_cat","embeddable":true,"href":"https:\/\/midoxalimentation.com\/index.php?rest_route=%2Fwp%2Fv2%2Fproduct_cat&post=5717"},{"taxonomy":"product_tag","embeddable":true,"href":"https:\/\/midoxalimentation.com\/index.php?rest_route=%2Fwp%2Fv2%2Fproduct_tag&post=5717"}],"curies":[{"name":"wp","href":"https:\/\/api.w.org\/{rel}","templated":true}]}}