{"id":5719,"date":"2026-01-23T22:56:32","date_gmt":"2026-01-23T21:56:32","guid":{"rendered":"https:\/\/midoxalimentation.com\/?product=lait-linea"},"modified":"2026-02-10T20:27:34","modified_gmt":"2026-02-10T19:27:34","slug":"lait-linea","status":"publish","type":"product","link":"https:\/\/midoxalimentation.com\/?product=lait-linea","title":{"rendered":"Jaouda Lait Linea"},"content":{"rendered":"<p data-path-to-node=\"17\">Jaouda Linea est la solution id\u00e9ale pour ceux qui surveillent leur poids sans sacrifier leur apport en calcium. Ce lait \u00e9cr\u00e9m\u00e9 contient 0% de mati\u00e8res grasses tout en restant une source importante de prot\u00e9ines et de min\u00e9raux essentiels. L\u00e9ger et digeste, il s&rsquo;int\u00e8gre parfaitement dans un r\u00e9gime alimentaire \u00e9quilibr\u00e9 et sain.<\/p>\n<p data-path-to-node=\"18\">\n","protected":false},"excerpt":{"rendered":"<p>Lait totalement \u00e9cr\u00e9m\u00e9 avec 0% de mati\u00e8res grasses, parfait pour garder la ligne tout en restant en forme.<\/p>\n","protected":false},"featured_media":5718,"comment_status":"open","ping_status":"closed","template":"","meta":{"content-type":""},"pwb-brand":[],"product_brand":[486],"product_cat":[461,180,15],"product_tag":[498,354,465,487,497,499,496,463,349],"class_list":{"0":"post-5719","1":"product","2":"type-product","3":"status-publish","4":"has-post-thumbnail","6":"product_brand-jaouda","7":"product_cat-laits-boissons-lactees","8":"product_cat-produits-laitiers","9":"product_cat-tous-les-produits","10":"product_tag-0-mg","11":"product_tag-bien-etre","12":"product_tag-calcium","13":"product_tag-jaouda","14":"product_tag-lait-ecreme","15":"product_tag-leger","16":"product_tag-linea","17":"product_tag-regime","18":"product_tag-sante","20":"first","21":"instock","22":"taxable","23":"shipping-taxable","24":"purchasable","25":"product-type-simple"},"aioseo_notices":[],"jetpack_sharing_enabled":true,"brands":[],"_links":{"self":[{"href":"https:\/\/midoxalimentation.com\/index.php?rest_route=\/wp\/v2\/product\/5719","targetHints":{"allow":["GET"]}}],"collection":[{"href":"https:\/\/midoxalimentation.com\/index.php?rest_route=\/wp\/v2\/product"}],"about":[{"href":"https:\/\/midoxalimentation.com\/index.php?rest_route=\/wp\/v2\/types\/product"}],"replies":[{"embeddable":true,"href":"https:\/\/midoxalimentation.com\/index.php?rest_route=%2Fwp%2Fv2%2Fcomments&post=5719"}],"version-history":[{"count":2,"href":"https:\/\/midoxalimentation.com\/index.php?rest_route=\/wp\/v2\/product\/5719\/revisions"}],"predecessor-version":[{"id":6448,"href":"https:\/\/midoxalimentation.com\/index.php?rest_route=\/wp\/v2\/product\/5719\/revisions\/6448"}],"wp:featuredmedia":[{"embeddable":true,"href":"https:\/\/midoxalimentation.com\/index.php?rest_route=\/wp\/v2\/media\/5718"}],"wp:attachment":[{"href":"https:\/\/midoxalimentation.com\/index.php?rest_route=%2Fwp%2Fv2%2Fmedia&parent=5719"}],"wp:term":[{"taxonomy":"pwb-brand","embeddable":true,"href":"https:\/\/midoxalimentation.com\/index.php?rest_route=%2Fwp%2Fv2%2Fpwb-brand&post=5719"},{"taxonomy":"product_brand","embeddable":true,"href":"https:\/\/midoxalimentation.com\/index.php?rest_route=%2Fwp%2Fv2%2Fproduct_brand&post=5719"},{"taxonomy":"product_cat","embeddable":true,"href":"https:\/\/midoxalimentation.com\/index.php?rest_route=%2Fwp%2Fv2%2Fproduct_cat&post=5719"},{"taxonomy":"product_tag","embeddable":true,"href":"https:\/\/midoxalimentation.com\/index.php?rest_route=%2Fwp%2Fv2%2Fproduct_tag&post=5719"}],"curies":[{"name":"wp","href":"https:\/\/api.w.org\/{rel}","templated":true}]}}