{"id":5734,"date":"2026-01-23T22:56:35","date_gmt":"2026-01-23T21:56:35","guid":{"rendered":"https:\/\/midoxalimentation.com\/?product=always"},"modified":"2026-02-13T18:12:05","modified_gmt":"2026-02-13T17:12:05","slug":"always","status":"publish","type":"product","link":"https:\/\/midoxalimentation.com\/?product=always","title":{"rendered":"Always Ultra Day &#038; Night"},"content":{"rendered":"<p>Les serviettes Always Ultra Day &amp; Night disposent d&rsquo;un syst\u00e8me de protection 3x pour vous garder au sec, peu importe votre position. Leur c\u0153ur ultra absorbant transforme le liquide en gel pour \u00e9viter les remont\u00e9es, vous offrant une tranquillit\u00e9 d&rsquo;esprit jusqu&rsquo;\u00e0 10 heures.<\/p>\n","protected":false},"excerpt":{"rendered":"<ul>\n<li>\n<p data-path-to-node=\"9,2,0\">Triple protection contre les fuites pour le jour et la nuit .<\/p>\n<\/li>\n<\/ul>\n","protected":false},"featured_media":5733,"comment_status":"open","ping_status":"closed","template":"","meta":{"content-type":""},"pwb-brand":[],"product_brand":[],"product_cat":[196,15],"product_tag":[699,340,701,700],"class_list":{"0":"post-5734","1":"product","2":"type-product","3":"status-publish","4":"has-post-thumbnail","6":"product_cat-hygiene-soins","7":"product_cat-tous-les-produits","8":"product_tag-always","9":"product_tag-hygiene","10":"product_tag-protection-nuit","11":"product_tag-ultra","13":"first","14":"instock","15":"taxable","16":"shipping-taxable","17":"purchasable","18":"product-type-simple"},"aioseo_notices":[],"jetpack_sharing_enabled":true,"brands":[],"_links":{"self":[{"href":"https:\/\/midoxalimentation.com\/index.php?rest_route=\/wp\/v2\/product\/5734","targetHints":{"allow":["GET"]}}],"collection":[{"href":"https:\/\/midoxalimentation.com\/index.php?rest_route=\/wp\/v2\/product"}],"about":[{"href":"https:\/\/midoxalimentation.com\/index.php?rest_route=\/wp\/v2\/types\/product"}],"replies":[{"embeddable":true,"href":"https:\/\/midoxalimentation.com\/index.php?rest_route=%2Fwp%2Fv2%2Fcomments&post=5734"}],"version-history":[{"count":2,"href":"https:\/\/midoxalimentation.com\/index.php?rest_route=\/wp\/v2\/product\/5734\/revisions"}],"predecessor-version":[{"id":6622,"href":"https:\/\/midoxalimentation.com\/index.php?rest_route=\/wp\/v2\/product\/5734\/revisions\/6622"}],"wp:featuredmedia":[{"embeddable":true,"href":"https:\/\/midoxalimentation.com\/index.php?rest_route=\/wp\/v2\/media\/5733"}],"wp:attachment":[{"href":"https:\/\/midoxalimentation.com\/index.php?rest_route=%2Fwp%2Fv2%2Fmedia&parent=5734"}],"wp:term":[{"taxonomy":"pwb-brand","embeddable":true,"href":"https:\/\/midoxalimentation.com\/index.php?rest_route=%2Fwp%2Fv2%2Fpwb-brand&post=5734"},{"taxonomy":"product_brand","embeddable":true,"href":"https:\/\/midoxalimentation.com\/index.php?rest_route=%2Fwp%2Fv2%2Fproduct_brand&post=5734"},{"taxonomy":"product_cat","embeddable":true,"href":"https:\/\/midoxalimentation.com\/index.php?rest_route=%2Fwp%2Fv2%2Fproduct_cat&post=5734"},{"taxonomy":"product_tag","embeddable":true,"href":"https:\/\/midoxalimentation.com\/index.php?rest_route=%2Fwp%2Fv2%2Fproduct_tag&post=5734"}],"curies":[{"name":"wp","href":"https:\/\/api.w.org\/{rel}","templated":true}]}}