{"id":5777,"date":"2026-01-23T22:56:41","date_gmt":"2026-01-23T21:56:41","guid":{"rendered":"https:\/\/midoxalimentation.com\/?product=dodot-lingettes"},"modified":"2026-02-13T18:13:45","modified_gmt":"2026-02-13T17:13:45","slug":"dodot-lingettes","status":"publish","type":"product","link":"https:\/\/midoxalimentation.com\/?product=dodot-lingettes","title":{"rendered":"Lingettes B\u00e9b\u00e9 Dodot"},"content":{"rendered":"<p>Les lingettes Dodot sont sp\u00e9cialement formul\u00e9es pour la peau sensible des b\u00e9b\u00e9s. Elles aident \u00e0 restaurer instantan\u00e9ment le pH naturel de la peau pour la prot\u00e9ger contre les rougeurs. Leur texture douce et r\u00e9sistante rend le change plus rapide et agr\u00e9able.<\/p>\n","protected":false},"excerpt":{"rendered":"<ul>\n<li>\n<p data-path-to-node=\"12,2,0\">Nettoyage efficace et doux qui aide \u00e0 pr\u00e9venir les irritations cutan\u00e9es.<\/p>\n<\/li>\n<\/ul>\n","protected":false},"featured_media":5776,"comment_status":"open","ping_status":"closed","template":"","meta":{"content-type":""},"pwb-brand":[],"product_brand":[],"product_cat":[196,15],"product_tag":[702,340,703,704],"class_list":{"0":"post-5777","1":"product","2":"type-product","3":"status-publish","4":"has-post-thumbnail","6":"product_cat-hygiene-soins","7":"product_cat-tous-les-produits","8":"product_tag-dodot","9":"product_tag-hygiene","10":"product_tag-lingettes-bebe","11":"product_tag-soin","13":"first","14":"instock","15":"taxable","16":"shipping-taxable","17":"purchasable","18":"product-type-simple"},"aioseo_notices":[],"jetpack_sharing_enabled":true,"brands":[],"_links":{"self":[{"href":"https:\/\/midoxalimentation.com\/index.php?rest_route=\/wp\/v2\/product\/5777","targetHints":{"allow":["GET"]}}],"collection":[{"href":"https:\/\/midoxalimentation.com\/index.php?rest_route=\/wp\/v2\/product"}],"about":[{"href":"https:\/\/midoxalimentation.com\/index.php?rest_route=\/wp\/v2\/types\/product"}],"replies":[{"embeddable":true,"href":"https:\/\/midoxalimentation.com\/index.php?rest_route=%2Fwp%2Fv2%2Fcomments&post=5777"}],"version-history":[{"count":2,"href":"https:\/\/midoxalimentation.com\/index.php?rest_route=\/wp\/v2\/product\/5777\/revisions"}],"predecessor-version":[{"id":6624,"href":"https:\/\/midoxalimentation.com\/index.php?rest_route=\/wp\/v2\/product\/5777\/revisions\/6624"}],"wp:featuredmedia":[{"embeddable":true,"href":"https:\/\/midoxalimentation.com\/index.php?rest_route=\/wp\/v2\/media\/5776"}],"wp:attachment":[{"href":"https:\/\/midoxalimentation.com\/index.php?rest_route=%2Fwp%2Fv2%2Fmedia&parent=5777"}],"wp:term":[{"taxonomy":"pwb-brand","embeddable":true,"href":"https:\/\/midoxalimentation.com\/index.php?rest_route=%2Fwp%2Fv2%2Fpwb-brand&post=5777"},{"taxonomy":"product_brand","embeddable":true,"href":"https:\/\/midoxalimentation.com\/index.php?rest_route=%2Fwp%2Fv2%2Fproduct_brand&post=5777"},{"taxonomy":"product_cat","embeddable":true,"href":"https:\/\/midoxalimentation.com\/index.php?rest_route=%2Fwp%2Fv2%2Fproduct_cat&post=5777"},{"taxonomy":"product_tag","embeddable":true,"href":"https:\/\/midoxalimentation.com\/index.php?rest_route=%2Fwp%2Fv2%2Fproduct_tag&post=5777"}],"curies":[{"name":"wp","href":"https:\/\/api.w.org\/{rel}","templated":true}]}}