{"id":5787,"date":"2026-01-23T22:56:43","date_gmt":"2026-01-23T21:56:43","guid":{"rendered":"https:\/\/midoxalimentation.com\/?product=sany"},"modified":"2026-02-13T18:04:25","modified_gmt":"2026-02-13T17:04:25","slug":"sany","status":"publish","type":"product","link":"https:\/\/midoxalimentation.com\/?product=sany","title":{"rendered":"Sany Essuie-tout (2 Rouleaux)"},"content":{"rendered":"<p>L&rsquo;essuie-tout Sany est le partenaire id\u00e9al pour vos t\u00e2ches m\u00e9nag\u00e8res. Gr\u00e2ce \u00e0 sa texture gaufr\u00e9e, il absorbe efficacement les liquides et nettoie les surfaces sans laisser de peluches. Un indispensable pour une cuisine propre et \u00e9clatante.<\/p>\n","protected":false},"excerpt":{"rendered":"<p>Papier essuie-tout ultra absorbant et r\u00e9sistant pour toute la maison.<\/p>\n","protected":false},"featured_media":5786,"comment_status":"open","ping_status":"closed","template":"","meta":{"content-type":""},"pwb-brand":[],"product_brand":[],"product_cat":[196,15],"product_tag":[691,689,671,690,672],"class_list":{"0":"post-5787","1":"product","2":"type-product","3":"status-publish","4":"has-post-thumbnail","6":"product_cat-hygiene-soins","7":"product_cat-tous-les-produits","8":"product_tag-absorbant","9":"product_tag-essuie-tout","10":"product_tag-maison","11":"product_tag-nettoyage","12":"product_tag-sany","14":"first","15":"instock","16":"taxable","17":"shipping-taxable","18":"purchasable","19":"product-type-simple"},"aioseo_notices":[],"jetpack_sharing_enabled":true,"brands":[],"_links":{"self":[{"href":"https:\/\/midoxalimentation.com\/index.php?rest_route=\/wp\/v2\/product\/5787","targetHints":{"allow":["GET"]}}],"collection":[{"href":"https:\/\/midoxalimentation.com\/index.php?rest_route=\/wp\/v2\/product"}],"about":[{"href":"https:\/\/midoxalimentation.com\/index.php?rest_route=\/wp\/v2\/types\/product"}],"replies":[{"embeddable":true,"href":"https:\/\/midoxalimentation.com\/index.php?rest_route=%2Fwp%2Fv2%2Fcomments&post=5787"}],"version-history":[{"count":2,"href":"https:\/\/midoxalimentation.com\/index.php?rest_route=\/wp\/v2\/product\/5787\/revisions"}],"predecessor-version":[{"id":6614,"href":"https:\/\/midoxalimentation.com\/index.php?rest_route=\/wp\/v2\/product\/5787\/revisions\/6614"}],"wp:featuredmedia":[{"embeddable":true,"href":"https:\/\/midoxalimentation.com\/index.php?rest_route=\/wp\/v2\/media\/5786"}],"wp:attachment":[{"href":"https:\/\/midoxalimentation.com\/index.php?rest_route=%2Fwp%2Fv2%2Fmedia&parent=5787"}],"wp:term":[{"taxonomy":"pwb-brand","embeddable":true,"href":"https:\/\/midoxalimentation.com\/index.php?rest_route=%2Fwp%2Fv2%2Fpwb-brand&post=5787"},{"taxonomy":"product_brand","embeddable":true,"href":"https:\/\/midoxalimentation.com\/index.php?rest_route=%2Fwp%2Fv2%2Fproduct_brand&post=5787"},{"taxonomy":"product_cat","embeddable":true,"href":"https:\/\/midoxalimentation.com\/index.php?rest_route=%2Fwp%2Fv2%2Fproduct_cat&post=5787"},{"taxonomy":"product_tag","embeddable":true,"href":"https:\/\/midoxalimentation.com\/index.php?rest_route=%2Fwp%2Fv2%2Fproduct_tag&post=5787"}],"curies":[{"name":"wp","href":"https:\/\/api.w.org\/{rel}","templated":true}]}}