{"id":5800,"date":"2026-01-23T22:56:45","date_gmt":"2026-01-23T21:56:45","guid":{"rendered":"https:\/\/midoxalimentation.com\/?product=johnsons-bebe"},"modified":"2026-02-13T17:01:24","modified_gmt":"2026-02-13T16:01:24","slug":"johnsons-bebe","status":"publish","type":"product","link":"https:\/\/midoxalimentation.com\/?product=johnsons-bebe","title":{"rendered":"Johnson\u2019s Bebe"},"content":{"rendered":"<p>Le shampooing Johnson&rsquo;s nettoie d\u00e9licatement les cheveux fins et le cuir chevelu sensible de votre b\u00e9b\u00e9. Hypoallerg\u00e9nique et test\u00e9 par des p\u00e9diatres, il laisse les cheveux propres, doux et faciles \u00e0 d\u00e9m\u00ealer.<\/p>\n","protected":false},"excerpt":{"rendered":"<p>Formule \u00ab\u00a0Fini les larmes\u00a0\u00bb, aussi douce pour les yeux que l&rsquo;eau pure, id\u00e9ale pour les b\u00e9b\u00e9s.<\/p>\n","protected":false},"featured_media":5799,"comment_status":"open","ping_status":"closed","template":"","meta":{"content-type":""},"pwb-brand":[],"product_brand":[],"product_cat":[196,15],"product_tag":[652,645,262,651,653,654],"class_list":{"0":"post-5800","1":"product","2":"type-product","3":"status-publish","4":"has-post-thumbnail","6":"product_cat-hygiene-soins","7":"product_cat-tous-les-produits","8":"product_tag-bebe","9":"product_tag-cosmetique","10":"product_tag-douceur","11":"product_tag-johnsons","12":"product_tag-shampooing","13":"product_tag-soin-enfant","15":"first","16":"instock","17":"taxable","18":"shipping-taxable","19":"purchasable","20":"product-type-simple"},"aioseo_notices":[],"jetpack_sharing_enabled":true,"brands":[],"_links":{"self":[{"href":"https:\/\/midoxalimentation.com\/index.php?rest_route=\/wp\/v2\/product\/5800","targetHints":{"allow":["GET"]}}],"collection":[{"href":"https:\/\/midoxalimentation.com\/index.php?rest_route=\/wp\/v2\/product"}],"about":[{"href":"https:\/\/midoxalimentation.com\/index.php?rest_route=\/wp\/v2\/types\/product"}],"replies":[{"embeddable":true,"href":"https:\/\/midoxalimentation.com\/index.php?rest_route=%2Fwp%2Fv2%2Fcomments&post=5800"}],"version-history":[{"count":2,"href":"https:\/\/midoxalimentation.com\/index.php?rest_route=\/wp\/v2\/product\/5800\/revisions"}],"predecessor-version":[{"id":6581,"href":"https:\/\/midoxalimentation.com\/index.php?rest_route=\/wp\/v2\/product\/5800\/revisions\/6581"}],"wp:featuredmedia":[{"embeddable":true,"href":"https:\/\/midoxalimentation.com\/index.php?rest_route=\/wp\/v2\/media\/5799"}],"wp:attachment":[{"href":"https:\/\/midoxalimentation.com\/index.php?rest_route=%2Fwp%2Fv2%2Fmedia&parent=5800"}],"wp:term":[{"taxonomy":"pwb-brand","embeddable":true,"href":"https:\/\/midoxalimentation.com\/index.php?rest_route=%2Fwp%2Fv2%2Fpwb-brand&post=5800"},{"taxonomy":"product_brand","embeddable":true,"href":"https:\/\/midoxalimentation.com\/index.php?rest_route=%2Fwp%2Fv2%2Fproduct_brand&post=5800"},{"taxonomy":"product_cat","embeddable":true,"href":"https:\/\/midoxalimentation.com\/index.php?rest_route=%2Fwp%2Fv2%2Fproduct_cat&post=5800"},{"taxonomy":"product_tag","embeddable":true,"href":"https:\/\/midoxalimentation.com\/index.php?rest_route=%2Fwp%2Fv2%2Fproduct_tag&post=5800"}],"curies":[{"name":"wp","href":"https:\/\/api.w.org\/{rel}","templated":true}]}}