{"id":5802,"date":"2026-01-23T22:56:45","date_gmt":"2026-01-23T21:56:45","guid":{"rendered":"https:\/\/midoxalimentation.com\/?product=ketchup-star"},"modified":"2026-02-12T20:34:50","modified_gmt":"2026-02-12T19:34:50","slug":"ketchup-star","status":"publish","type":"product","link":"https:\/\/midoxalimentation.com\/?product=ketchup-star","title":{"rendered":"Ketchup Star"},"content":{"rendered":"<p>Le Ketchup Star est l&rsquo;accompagnement id\u00e9al pour vos frites, burgers et snacks en tout genre. Sa texture lisse et sa saveur \u00e9quilibr\u00e9e plaisent aussi bien aux enfants qu&rsquo;aux adultes. Pr\u00e9sent\u00e9 en flacon squeeze, il est facile \u00e0 utiliser pour d\u00e9corer vos plats ou pour une d\u00e9gustation directe, sans gaspillage.<\/p>\n","protected":false},"excerpt":{"rendered":"<p>Ketchup savoureux et onctueux, \u00e9labor\u00e9 \u00e0 partir de tomates m\u00fbres pour un go\u00fbt sucr\u00e9 et fruit\u00e9 irr\u00e9sistible.<\/p>\n","protected":false},"featured_media":5801,"comment_status":"open","ping_status":"closed","template":"","meta":{"content-type":""},"pwb-brand":[],"product_brand":[570],"product_cat":[167,519,15],"product_tag":[573,585,583,574,233,571,584],"class_list":{"0":"post-5802","1":"product","2":"type-product","3":"status-publish","4":"has-post-thumbnail","6":"product_brand-star","7":"product_cat-epicerie","8":"product_cat-huiles-sauces-condiments","9":"product_cat-tous-les-produits","10":"product_tag-condiment","11":"product_tag-frites","12":"product_tag-ketchup","13":"product_tag-sauce","14":"product_tag-snack","15":"product_tag-star","16":"product_tag-tomate","18":"first","19":"instock","20":"taxable","21":"shipping-taxable","22":"purchasable","23":"product-type-simple"},"aioseo_notices":[],"jetpack_sharing_enabled":true,"brands":[],"_links":{"self":[{"href":"https:\/\/midoxalimentation.com\/index.php?rest_route=\/wp\/v2\/product\/5802","targetHints":{"allow":["GET"]}}],"collection":[{"href":"https:\/\/midoxalimentation.com\/index.php?rest_route=\/wp\/v2\/product"}],"about":[{"href":"https:\/\/midoxalimentation.com\/index.php?rest_route=\/wp\/v2\/types\/product"}],"replies":[{"embeddable":true,"href":"https:\/\/midoxalimentation.com\/index.php?rest_route=%2Fwp%2Fv2%2Fcomments&post=5802"}],"version-history":[{"count":1,"href":"https:\/\/midoxalimentation.com\/index.php?rest_route=\/wp\/v2\/product\/5802\/revisions"}],"predecessor-version":[{"id":6507,"href":"https:\/\/midoxalimentation.com\/index.php?rest_route=\/wp\/v2\/product\/5802\/revisions\/6507"}],"wp:featuredmedia":[{"embeddable":true,"href":"https:\/\/midoxalimentation.com\/index.php?rest_route=\/wp\/v2\/media\/5801"}],"wp:attachment":[{"href":"https:\/\/midoxalimentation.com\/index.php?rest_route=%2Fwp%2Fv2%2Fmedia&parent=5802"}],"wp:term":[{"taxonomy":"pwb-brand","embeddable":true,"href":"https:\/\/midoxalimentation.com\/index.php?rest_route=%2Fwp%2Fv2%2Fpwb-brand&post=5802"},{"taxonomy":"product_brand","embeddable":true,"href":"https:\/\/midoxalimentation.com\/index.php?rest_route=%2Fwp%2Fv2%2Fproduct_brand&post=5802"},{"taxonomy":"product_cat","embeddable":true,"href":"https:\/\/midoxalimentation.com\/index.php?rest_route=%2Fwp%2Fv2%2Fproduct_cat&post=5802"},{"taxonomy":"product_tag","embeddable":true,"href":"https:\/\/midoxalimentation.com\/index.php?rest_route=%2Fwp%2Fv2%2Fproduct_tag&post=5802"}],"curies":[{"name":"wp","href":"https:\/\/api.w.org\/{rel}","templated":true}]}}