{"id":5810,"date":"2026-01-23T22:56:46","date_gmt":"2026-01-23T21:56:46","guid":{"rendered":"https:\/\/midoxalimentation.com\/?product=mr-propre"},"modified":"2026-02-16T19:38:32","modified_gmt":"2026-02-16T18:38:32","slug":"mr-propre","status":"publish","type":"product","link":"https:\/\/midoxalimentation.com\/?product=mr-propre","title":{"rendered":"Mr Propre Nettoyant Multi-surfaces"},"content":{"rendered":"<p>Mr Propre garantit une propret\u00e9 \u00e9clatante dans toute la maison. Sa formule liquide dissout la salet\u00e9 et la graisse sans effort, laissant derri\u00e8re elle une brillance durable et une fra\u00eecheur intense qui dure longtemps.<\/p>\n","protected":false},"excerpt":{"rendered":"<p>Le classique indispensable pour des sols et des surfaces d&rsquo;une propret\u00e9 irr\u00e9prochable.<\/p>\n","protected":false},"featured_media":5809,"comment_status":"open","ping_status":"closed","template":"","meta":{"content-type":""},"pwb-brand":[],"product_brand":[],"product_cat":[183,15],"product_tag":[245,774,796,798,797],"class_list":{"0":"post-5810","1":"product","2":"type-product","3":"status-publish","4":"has-post-thumbnail","6":"product_cat-entretien-maison","7":"product_cat-tous-les-produits","8":"product_tag-fraicheur","9":"product_tag-menage","10":"product_tag-mr-propre","11":"product_tag-multi-surfaces","12":"product_tag-nettoyant-sol","14":"first","15":"instock","16":"taxable","17":"shipping-taxable","18":"purchasable","19":"product-type-simple"},"aioseo_notices":[],"jetpack_sharing_enabled":true,"brands":[],"_links":{"self":[{"href":"https:\/\/midoxalimentation.com\/index.php?rest_route=\/wp\/v2\/product\/5810","targetHints":{"allow":["GET"]}}],"collection":[{"href":"https:\/\/midoxalimentation.com\/index.php?rest_route=\/wp\/v2\/product"}],"about":[{"href":"https:\/\/midoxalimentation.com\/index.php?rest_route=\/wp\/v2\/types\/product"}],"replies":[{"embeddable":true,"href":"https:\/\/midoxalimentation.com\/index.php?rest_route=%2Fwp%2Fv2%2Fcomments&post=5810"}],"version-history":[{"count":2,"href":"https:\/\/midoxalimentation.com\/index.php?rest_route=\/wp\/v2\/product\/5810\/revisions"}],"predecessor-version":[{"id":6756,"href":"https:\/\/midoxalimentation.com\/index.php?rest_route=\/wp\/v2\/product\/5810\/revisions\/6756"}],"wp:featuredmedia":[{"embeddable":true,"href":"https:\/\/midoxalimentation.com\/index.php?rest_route=\/wp\/v2\/media\/5809"}],"wp:attachment":[{"href":"https:\/\/midoxalimentation.com\/index.php?rest_route=%2Fwp%2Fv2%2Fmedia&parent=5810"}],"wp:term":[{"taxonomy":"pwb-brand","embeddable":true,"href":"https:\/\/midoxalimentation.com\/index.php?rest_route=%2Fwp%2Fv2%2Fpwb-brand&post=5810"},{"taxonomy":"product_brand","embeddable":true,"href":"https:\/\/midoxalimentation.com\/index.php?rest_route=%2Fwp%2Fv2%2Fproduct_brand&post=5810"},{"taxonomy":"product_cat","embeddable":true,"href":"https:\/\/midoxalimentation.com\/index.php?rest_route=%2Fwp%2Fv2%2Fproduct_cat&post=5810"},{"taxonomy":"product_tag","embeddable":true,"href":"https:\/\/midoxalimentation.com\/index.php?rest_route=%2Fwp%2Fv2%2Fproduct_tag&post=5810"}],"curies":[{"name":"wp","href":"https:\/\/api.w.org\/{rel}","templated":true}]}}