{"id":5845,"date":"2026-01-23T22:56:51","date_gmt":"2026-01-23T21:56:51","guid":{"rendered":"https:\/\/midoxalimentation.com\/?product=mini-chips-ahoy"},"modified":"2026-02-08T18:45:49","modified_gmt":"2026-02-08T17:45:49","slug":"mini-chips-ahoy","status":"publish","type":"product","link":"https:\/\/midoxalimentation.com\/?product=mini-chips-ahoy","title":{"rendered":"Mini Chips Ahoy"},"content":{"rendered":"<p>Retrouvez tout le go\u00fbt des authentiques Chips Ahoy! en version miniature. Ces petits biscuits sont c\u00e9l\u00e8bres pour leur texture parfaitement dor\u00e9e et craquante, parsem\u00e9e de v\u00e9ritables p\u00e9pites de chocolat fondant. Leur format \u00ab\u00a0mini\u00a0\u00bb les rend irr\u00e9sistibles et faciles \u00e0 manger, que ce soit directement dans le sachet, m\u00e9lang\u00e9s \u00e0 un yaourt ou plong\u00e9s dans un bol de lait. C&rsquo;est le snack id\u00e9al pour les enfants (et les plus grands) qui recherchent une pause sucr\u00e9e pratique et pleine de saveur.<\/p>\n","protected":false},"excerpt":{"rendered":"<p data-path-to-node=\"3,0,0\">Le plaisir l\u00e9gendaire des biscuits Chips Ahoy! dans un format mini ultra-croquant. De petites bouch\u00e9es g\u00e9n\u00e9reuses en p\u00e9pites de chocolat pour un grignotage fun et gourmand \u00e0 tout moment.<\/p>\n","protected":false},"featured_media":5844,"comment_status":"open","ping_status":"closed","template":"","meta":{"content-type":""},"pwb-brand":[],"product_brand":[355],"product_cat":[224,165],"product_tag":[271,356,230,270,234,235,306,357,273,233],"class_list":{"0":"post-5845","1":"product","2":"type-product","3":"status-publish","4":"has-post-thumbnail","6":"product_brand-mondelez","7":"product_cat-biscuits-gaufrettes","8":"product_cat-snacking-aperitif","9":"product_tag-biscuit","10":"product_tag-chips-ahoy","11":"product_tag-chocolat","12":"product_tag-cookies","13":"product_tag-gourmandise","14":"product_tag-gouter","15":"product_tag-grignotage","16":"product_tag-mini","17":"product_tag-pepites-de-chocolat","18":"product_tag-snack","20":"first","21":"instock","22":"taxable","23":"shipping-taxable","24":"purchasable","25":"product-type-simple"},"aioseo_notices":[],"jetpack_sharing_enabled":true,"brands":[],"_links":{"self":[{"href":"https:\/\/midoxalimentation.com\/index.php?rest_route=\/wp\/v2\/product\/5845","targetHints":{"allow":["GET"]}}],"collection":[{"href":"https:\/\/midoxalimentation.com\/index.php?rest_route=\/wp\/v2\/product"}],"about":[{"href":"https:\/\/midoxalimentation.com\/index.php?rest_route=\/wp\/v2\/types\/product"}],"replies":[{"embeddable":true,"href":"https:\/\/midoxalimentation.com\/index.php?rest_route=%2Fwp%2Fv2%2Fcomments&post=5845"}],"version-history":[{"count":2,"href":"https:\/\/midoxalimentation.com\/index.php?rest_route=\/wp\/v2\/product\/5845\/revisions"}],"predecessor-version":[{"id":6302,"href":"https:\/\/midoxalimentation.com\/index.php?rest_route=\/wp\/v2\/product\/5845\/revisions\/6302"}],"wp:featuredmedia":[{"embeddable":true,"href":"https:\/\/midoxalimentation.com\/index.php?rest_route=\/wp\/v2\/media\/5844"}],"wp:attachment":[{"href":"https:\/\/midoxalimentation.com\/index.php?rest_route=%2Fwp%2Fv2%2Fmedia&parent=5845"}],"wp:term":[{"taxonomy":"pwb-brand","embeddable":true,"href":"https:\/\/midoxalimentation.com\/index.php?rest_route=%2Fwp%2Fv2%2Fpwb-brand&post=5845"},{"taxonomy":"product_brand","embeddable":true,"href":"https:\/\/midoxalimentation.com\/index.php?rest_route=%2Fwp%2Fv2%2Fproduct_brand&post=5845"},{"taxonomy":"product_cat","embeddable":true,"href":"https:\/\/midoxalimentation.com\/index.php?rest_route=%2Fwp%2Fv2%2Fproduct_cat&post=5845"},{"taxonomy":"product_tag","embeddable":true,"href":"https:\/\/midoxalimentation.com\/index.php?rest_route=%2Fwp%2Fv2%2Fproduct_tag&post=5845"}],"curies":[{"name":"wp","href":"https:\/\/api.w.org\/{rel}","templated":true}]}}