{"id":5852,"date":"2026-01-23T22:56:52","date_gmt":"2026-01-23T21:56:52","guid":{"rendered":"https:\/\/midoxalimentation.com\/?product=chickles-original-tutti-frutti-hacendado-2"},"modified":"2026-02-08T17:37:16","modified_gmt":"2026-02-08T16:37:16","slug":"chickles-original-tutti-frutti-hacendado-2","status":"publish","type":"product","link":"https:\/\/midoxalimentation.com\/?product=chickles-original-tutti-frutti-hacendado-2","title":{"rendered":"Chickles original Tutti-Frutti Hacendado"},"content":{"rendered":"<p>Retrouvez la saveur authentique et ind\u00e9modable du Tutti-Frutti avec ces chewing-gums Hacendado. Con\u00e7us pour offrir une texture souple et une lib\u00e9ration prolong\u00e9e des ar\u00f4mes, ils combinent des notes de fruits vari\u00e9s pour une exp\u00e9rience sucr\u00e9e sans les calories, car ils sont garantis sans sucres. Le format bo\u00eete ou sachet est pratique pour les emporter partout avec vous, que ce soit au travail, en voiture ou apr\u00e8s un repas pour une sensation de propret\u00e9 imm\u00e9diate.<\/p>\n","protected":false},"excerpt":{"rendered":"<p>Chewing-gums sans sucres au go\u00fbt classique et festif de Tutti-Frutti. Une explosion de saveurs fruit\u00e9es pour une haleine fra\u00eeche et un plaisir durable tout au long de la journ\u00e9e.<\/p>\n","protected":false},"featured_media":5826,"comment_status":"open","ping_status":"closed","template":"","meta":{"content-type":""},"pwb-brand":[],"product_brand":[],"product_cat":[223,165],"product_tag":[246,241,238,244,245,239,243,242,233,240],"class_list":{"0":"post-5852","1":"product","2":"type-product","3":"status-publish","4":"has-post-thumbnail","6":"product_cat-bonbons-chewing-gums","7":"product_cat-snacking-aperitif","8":"product_tag-bonbon","9":"product_tag-chewing-gum","10":"product_tag-chicles","11":"product_tag-confiserie","12":"product_tag-fraicheur","13":"product_tag-hacendado","14":"product_tag-mercadona","15":"product_tag-sans-sucres","16":"product_tag-snack","17":"product_tag-tutti-frutti","19":"first","20":"instock","21":"taxable","22":"shipping-taxable","23":"purchasable","24":"product-type-simple"},"aioseo_notices":[],"jetpack_sharing_enabled":true,"brands":[],"_links":{"self":[{"href":"https:\/\/midoxalimentation.com\/index.php?rest_route=\/wp\/v2\/product\/5852","targetHints":{"allow":["GET"]}}],"collection":[{"href":"https:\/\/midoxalimentation.com\/index.php?rest_route=\/wp\/v2\/product"}],"about":[{"href":"https:\/\/midoxalimentation.com\/index.php?rest_route=\/wp\/v2\/types\/product"}],"replies":[{"embeddable":true,"href":"https:\/\/midoxalimentation.com\/index.php?rest_route=%2Fwp%2Fv2%2Fcomments&post=5852"}],"version-history":[{"count":1,"href":"https:\/\/midoxalimentation.com\/index.php?rest_route=\/wp\/v2\/product\/5852\/revisions"}],"predecessor-version":[{"id":6251,"href":"https:\/\/midoxalimentation.com\/index.php?rest_route=\/wp\/v2\/product\/5852\/revisions\/6251"}],"wp:featuredmedia":[{"embeddable":true,"href":"https:\/\/midoxalimentation.com\/index.php?rest_route=\/wp\/v2\/media\/5826"}],"wp:attachment":[{"href":"https:\/\/midoxalimentation.com\/index.php?rest_route=%2Fwp%2Fv2%2Fmedia&parent=5852"}],"wp:term":[{"taxonomy":"pwb-brand","embeddable":true,"href":"https:\/\/midoxalimentation.com\/index.php?rest_route=%2Fwp%2Fv2%2Fpwb-brand&post=5852"},{"taxonomy":"product_brand","embeddable":true,"href":"https:\/\/midoxalimentation.com\/index.php?rest_route=%2Fwp%2Fv2%2Fproduct_brand&post=5852"},{"taxonomy":"product_cat","embeddable":true,"href":"https:\/\/midoxalimentation.com\/index.php?rest_route=%2Fwp%2Fv2%2Fproduct_cat&post=5852"},{"taxonomy":"product_tag","embeddable":true,"href":"https:\/\/midoxalimentation.com\/index.php?rest_route=%2Fwp%2Fv2%2Fproduct_tag&post=5852"}],"curies":[{"name":"wp","href":"https:\/\/api.w.org\/{rel}","templated":true}]}}