{"id":5878,"date":"2026-01-23T22:56:56","date_gmt":"2026-01-23T21:56:56","guid":{"rendered":"https:\/\/midoxalimentation.com\/?product=kefir-liquide-naturel-0"},"modified":"2026-02-10T20:50:30","modified_gmt":"2026-02-10T19:50:30","slug":"kefir-liquide-naturel-0","status":"publish","type":"product","link":"https:\/\/midoxalimentation.com\/?product=kefir-liquide-naturel-0","title":{"rendered":"K\u00e9fir liquide naturel 0%"},"content":{"rendered":"<p>Ce k\u00e9fir liquide naturel est parfait pour ceux qui recherchent une alimentation pure et fonctionnelle. <b data-path-to-node=\"24\" data-index-in-node=\"125\">Sans graisses et sans sucres ajout\u00e9s<\/b>, il contient des millions de ferments lactiques qui soutiennent le syst\u00e8me immunitaire et digestif. Sa texture fluide permet de le consommer tel quel, ou de l&rsquo;utiliser comme base pour vos smoothies et bols de c\u00e9r\u00e9ales healthy.<\/p>\n","protected":false},"excerpt":{"rendered":"<p data-path-to-node=\"23\">Le k\u00e9fir authentique en version liquide et l\u00e9g\u00e8re, avec 0% de mati\u00e8res grasses pour une digestion optimale.<\/p>\n<p data-path-to-node=\"24\">\n","protected":false},"featured_media":5877,"comment_status":"open","ping_status":"closed","template":"","meta":{"content-type":""},"pwb-brand":[],"product_brand":[460],"product_cat":[461,180,15],"product_tag":[498,506,239,281,502,504,352,505,451],"class_list":{"0":"post-5878","1":"product","2":"type-product","3":"status-publish","4":"has-post-thumbnail","6":"product_brand-hacendado","7":"product_cat-laits-boissons-lactees","8":"product_cat-produits-laitiers","9":"product_cat-tous-les-produits","10":"product_tag-0-mg","11":"product_tag-digestion","12":"product_tag-hacendado","13":"product_tag-healthy","14":"product_tag-kefir","15":"product_tag-naturel","16":"product_tag-nutrition","17":"product_tag-probiotiques","18":"product_tag-sans-sucre","20":"first","21":"instock","22":"taxable","23":"shipping-taxable","24":"purchasable","25":"product-type-simple"},"aioseo_notices":[],"jetpack_sharing_enabled":true,"brands":[],"_links":{"self":[{"href":"https:\/\/midoxalimentation.com\/index.php?rest_route=\/wp\/v2\/product\/5878","targetHints":{"allow":["GET"]}}],"collection":[{"href":"https:\/\/midoxalimentation.com\/index.php?rest_route=\/wp\/v2\/product"}],"about":[{"href":"https:\/\/midoxalimentation.com\/index.php?rest_route=\/wp\/v2\/types\/product"}],"replies":[{"embeddable":true,"href":"https:\/\/midoxalimentation.com\/index.php?rest_route=%2Fwp%2Fv2%2Fcomments&post=5878"}],"version-history":[{"count":1,"href":"https:\/\/midoxalimentation.com\/index.php?rest_route=\/wp\/v2\/product\/5878\/revisions"}],"predecessor-version":[{"id":6458,"href":"https:\/\/midoxalimentation.com\/index.php?rest_route=\/wp\/v2\/product\/5878\/revisions\/6458"}],"wp:featuredmedia":[{"embeddable":true,"href":"https:\/\/midoxalimentation.com\/index.php?rest_route=\/wp\/v2\/media\/5877"}],"wp:attachment":[{"href":"https:\/\/midoxalimentation.com\/index.php?rest_route=%2Fwp%2Fv2%2Fmedia&parent=5878"}],"wp:term":[{"taxonomy":"pwb-brand","embeddable":true,"href":"https:\/\/midoxalimentation.com\/index.php?rest_route=%2Fwp%2Fv2%2Fpwb-brand&post=5878"},{"taxonomy":"product_brand","embeddable":true,"href":"https:\/\/midoxalimentation.com\/index.php?rest_route=%2Fwp%2Fv2%2Fproduct_brand&post=5878"},{"taxonomy":"product_cat","embeddable":true,"href":"https:\/\/midoxalimentation.com\/index.php?rest_route=%2Fwp%2Fv2%2Fproduct_cat&post=5878"},{"taxonomy":"product_tag","embeddable":true,"href":"https:\/\/midoxalimentation.com\/index.php?rest_route=%2Fwp%2Fv2%2Fproduct_tag&post=5878"}],"curies":[{"name":"wp","href":"https:\/\/api.w.org\/{rel}","templated":true}]}}