{"id":5880,"date":"2026-01-23T22:56:56","date_gmt":"2026-01-23T21:56:56","guid":{"rendered":"https:\/\/midoxalimentation.com\/?product=milka-choco-browny"},"modified":"2026-04-16T18:23:02","modified_gmt":"2026-04-16T16:23:02","slug":"milka-choco-browny","status":"publish","type":"product","link":"https:\/\/midoxalimentation.com\/?product=milka-choco-browny","title":{"rendered":"Milka Choco Browny"},"content":{"rendered":"<p>Le Milka Choco Brownie est la gourmandise ultime pour les fans de chocolat. Ce petit g\u00e2teau \u00e0 la texture dense et fondante est \u00e9labor\u00e9 avec le c\u00e9l\u00e8bre chocolat au lait du pays alpin, ce qui lui conf\u00e8re une douceur unique. Pour encore plus de plaisir, il renferme des p\u00e9pites de chocolat croquantes qui fondent en bouche. Emball\u00e9 individuellement, il conserve tout son moelleux et sa fra\u00eecheur, ce qui en fait le compagnon id\u00e9al pour un dessert rapide, un go\u00fbter ou une pause caf\u00e9 r\u00e9confortante.<\/p>\n","protected":false},"excerpt":{"rendered":"<p data-path-to-node=\"4,0,0\">Un brownie individuel ultra-moelleux pr\u00e9par\u00e9 avec du v\u00e9ritable chocolat Milka et parsem\u00e9 de g\u00e9n\u00e9reuses p\u00e9pites de chocolat. Le plaisir intense d&rsquo;un brownie fondant \u00e0 emporter partout<\/p>\n","protected":false},"featured_media":5879,"comment_status":"open","ping_status":"closed","template":"","meta":{"content-type":""},"pwb-brand":[],"product_brand":[382,355],"product_cat":[226,225,165],"product_tag":[387,386,230,307,234,235,383,362,273,233],"class_list":{"0":"post-5880","1":"product","2":"type-product","3":"status-publish","4":"has-post-thumbnail","6":"product_brand-milka","7":"product_brand-mondelez","8":"product_cat-cakes-madeleines","9":"product_cat-chocolats-barres","10":"product_cat-snacking-aperitif","11":"product_tag-brownie","12":"product_tag-choco-brownie","13":"product_tag-chocolat","14":"product_tag-gateau","15":"product_tag-gourmandise","16":"product_tag-gouter","17":"product_tag-milka","18":"product_tag-moelleux","19":"product_tag-pepites-de-chocolat","20":"product_tag-snack","22":"first","23":"instock","24":"taxable","25":"shipping-taxable","26":"purchasable","27":"product-type-simple"},"aioseo_notices":[],"jetpack_sharing_enabled":true,"brands":[],"_links":{"self":[{"href":"https:\/\/midoxalimentation.com\/index.php?rest_route=\/wp\/v2\/product\/5880","targetHints":{"allow":["GET"]}}],"collection":[{"href":"https:\/\/midoxalimentation.com\/index.php?rest_route=\/wp\/v2\/product"}],"about":[{"href":"https:\/\/midoxalimentation.com\/index.php?rest_route=\/wp\/v2\/types\/product"}],"replies":[{"embeddable":true,"href":"https:\/\/midoxalimentation.com\/index.php?rest_route=%2Fwp%2Fv2%2Fcomments&post=5880"}],"version-history":[{"count":2,"href":"https:\/\/midoxalimentation.com\/index.php?rest_route=\/wp\/v2\/product\/5880\/revisions"}],"predecessor-version":[{"id":6315,"href":"https:\/\/midoxalimentation.com\/index.php?rest_route=\/wp\/v2\/product\/5880\/revisions\/6315"}],"wp:featuredmedia":[{"embeddable":true,"href":"https:\/\/midoxalimentation.com\/index.php?rest_route=\/wp\/v2\/media\/5879"}],"wp:attachment":[{"href":"https:\/\/midoxalimentation.com\/index.php?rest_route=%2Fwp%2Fv2%2Fmedia&parent=5880"}],"wp:term":[{"taxonomy":"pwb-brand","embeddable":true,"href":"https:\/\/midoxalimentation.com\/index.php?rest_route=%2Fwp%2Fv2%2Fpwb-brand&post=5880"},{"taxonomy":"product_brand","embeddable":true,"href":"https:\/\/midoxalimentation.com\/index.php?rest_route=%2Fwp%2Fv2%2Fproduct_brand&post=5880"},{"taxonomy":"product_cat","embeddable":true,"href":"https:\/\/midoxalimentation.com\/index.php?rest_route=%2Fwp%2Fv2%2Fproduct_cat&post=5880"},{"taxonomy":"product_tag","embeddable":true,"href":"https:\/\/midoxalimentation.com\/index.php?rest_route=%2Fwp%2Fv2%2Fproduct_tag&post=5880"}],"curies":[{"name":"wp","href":"https:\/\/api.w.org\/{rel}","templated":true}]}}