{"id":5884,"date":"2026-01-23T22:56:57","date_gmt":"2026-01-23T21:56:57","guid":{"rendered":"https:\/\/midoxalimentation.com\/?product=glace-kitkat"},"modified":"2026-04-16T18:22:47","modified_gmt":"2026-04-16T16:22:47","slug":"glace-kitkat","status":"publish","type":"product","link":"https:\/\/midoxalimentation.com\/?product=glace-kitkat","title":{"rendered":"Glace KitKat"},"content":{"rendered":"<p>Le b\u00e2tonnet glac\u00e9 KitKat vous offre une exp\u00e9rience unique avec son enrobage chocolat\u00e9 croustillant. Id\u00e9al pour une petite pause sucr\u00e9e et rafra\u00eechissante, ce b\u00e2tonnet combine la douceur de la glace avec le plaisir l\u00e9gendaire de la gaufrette chocolat\u00e9e.<\/p>\n","protected":false},"excerpt":{"rendered":"<p>Une pause fra\u00eecheur irr\u00e9sistible avec le go\u00fbt authentique du chocolat KitKat.<\/p>\n","protected":false},"featured_media":5883,"comment_status":"open","ping_status":"closed","template":"","meta":{"content-type":""},"pwb-brand":[],"product_brand":[],"product_cat":[174,15],"product_tag":[230,731,389,391,233],"class_list":{"0":"post-5884","1":"product","2":"type-product","3":"status-publish","4":"has-post-thumbnail","6":"product_cat-glaces","7":"product_cat-tous-les-produits","8":"product_tag-chocolat","9":"product_tag-glace","10":"product_tag-kitkat","11":"product_tag-pause","12":"product_tag-snack","14":"first","15":"instock","16":"taxable","17":"shipping-taxable","18":"purchasable","19":"product-type-simple"},"aioseo_notices":[],"jetpack_sharing_enabled":true,"brands":[],"_links":{"self":[{"href":"https:\/\/midoxalimentation.com\/index.php?rest_route=\/wp\/v2\/product\/5884","targetHints":{"allow":["GET"]}}],"collection":[{"href":"https:\/\/midoxalimentation.com\/index.php?rest_route=\/wp\/v2\/product"}],"about":[{"href":"https:\/\/midoxalimentation.com\/index.php?rest_route=\/wp\/v2\/types\/product"}],"replies":[{"embeddable":true,"href":"https:\/\/midoxalimentation.com\/index.php?rest_route=%2Fwp%2Fv2%2Fcomments&post=5884"}],"version-history":[{"count":1,"href":"https:\/\/midoxalimentation.com\/index.php?rest_route=\/wp\/v2\/product\/5884\/revisions"}],"predecessor-version":[{"id":6653,"href":"https:\/\/midoxalimentation.com\/index.php?rest_route=\/wp\/v2\/product\/5884\/revisions\/6653"}],"wp:featuredmedia":[{"embeddable":true,"href":"https:\/\/midoxalimentation.com\/index.php?rest_route=\/wp\/v2\/media\/5883"}],"wp:attachment":[{"href":"https:\/\/midoxalimentation.com\/index.php?rest_route=%2Fwp%2Fv2%2Fmedia&parent=5884"}],"wp:term":[{"taxonomy":"pwb-brand","embeddable":true,"href":"https:\/\/midoxalimentation.com\/index.php?rest_route=%2Fwp%2Fv2%2Fpwb-brand&post=5884"},{"taxonomy":"product_brand","embeddable":true,"href":"https:\/\/midoxalimentation.com\/index.php?rest_route=%2Fwp%2Fv2%2Fproduct_brand&post=5884"},{"taxonomy":"product_cat","embeddable":true,"href":"https:\/\/midoxalimentation.com\/index.php?rest_route=%2Fwp%2Fv2%2Fproduct_cat&post=5884"},{"taxonomy":"product_tag","embeddable":true,"href":"https:\/\/midoxalimentation.com\/index.php?rest_route=%2Fwp%2Fv2%2Fproduct_tag&post=5884"}],"curies":[{"name":"wp","href":"https:\/\/api.w.org\/{rel}","templated":true}]}}