{"id":5886,"date":"2026-01-23T22:56:58","date_gmt":"2026-01-23T21:56:58","guid":{"rendered":"https:\/\/midoxalimentation.com\/?product=kefir-fraise-banane"},"modified":"2026-02-10T20:48:57","modified_gmt":"2026-02-10T19:48:57","slug":"kefir-fraise-banane","status":"publish","type":"product","link":"https:\/\/midoxalimentation.com\/?product=kefir-fraise-banane","title":{"rendered":"K\u00e9fir  fraise-banane"},"content":{"rendered":"<p>Le K\u00e9fir Fraise-Banane de Hacendado est une alternative saine et gourmande aux yaourts classiques. Riche en <b data-path-to-node=\"18\" data-index-in-node=\"130\">probiotiques naturels<\/b>, il favorise l&rsquo;\u00e9quilibre de la flore intestinale et facilite la digestion. Le m\u00e9lange savoureux de fraise et de banane en fait une boisson rafra\u00eechissante, id\u00e9ale pour commencer la journ\u00e9e avec \u00e9nergie ou pour une pause saine l&rsquo;apr\u00e8s-midi.<\/p>\n","protected":false},"excerpt":{"rendered":"<p data-path-to-node=\"17\">Une boisson lact\u00e9e ferment\u00e9e au k\u00e9fir, alliant les bienfaits des probiotiques \u00e0 la douceur fruit\u00e9e de la fraise et de la banane.<\/p>\n<p data-path-to-node=\"18\">\n","protected":false},"featured_media":5885,"comment_status":"open","ping_status":"closed","template":"","meta":{"content-type":""},"pwb-brand":[],"product_brand":[460],"product_cat":[461,180,15],"product_tag":[515,354,506,514,239,502,505,349,516],"class_list":{"0":"post-5886","1":"product","2":"type-product","3":"status-publish","4":"has-post-thumbnail","6":"product_brand-hacendado","7":"product_cat-laits-boissons-lactees","8":"product_cat-produits-laitiers","9":"product_cat-tous-les-produits","10":"product_tag-banane","11":"product_tag-bien-etre","12":"product_tag-digestion","13":"product_tag-fraise","14":"product_tag-hacendado","15":"product_tag-kefir","16":"product_tag-probiotiques","17":"product_tag-sante","18":"product_tag-yaourt-a-boire","20":"first","21":"instock","22":"taxable","23":"shipping-taxable","24":"purchasable","25":"product-type-simple"},"aioseo_notices":[],"jetpack_sharing_enabled":true,"brands":[],"_links":{"self":[{"href":"https:\/\/midoxalimentation.com\/index.php?rest_route=\/wp\/v2\/product\/5886","targetHints":{"allow":["GET"]}}],"collection":[{"href":"https:\/\/midoxalimentation.com\/index.php?rest_route=\/wp\/v2\/product"}],"about":[{"href":"https:\/\/midoxalimentation.com\/index.php?rest_route=\/wp\/v2\/types\/product"}],"replies":[{"embeddable":true,"href":"https:\/\/midoxalimentation.com\/index.php?rest_route=%2Fwp%2Fv2%2Fcomments&post=5886"}],"version-history":[{"count":1,"href":"https:\/\/midoxalimentation.com\/index.php?rest_route=\/wp\/v2\/product\/5886\/revisions"}],"predecessor-version":[{"id":6456,"href":"https:\/\/midoxalimentation.com\/index.php?rest_route=\/wp\/v2\/product\/5886\/revisions\/6456"}],"wp:featuredmedia":[{"embeddable":true,"href":"https:\/\/midoxalimentation.com\/index.php?rest_route=\/wp\/v2\/media\/5885"}],"wp:attachment":[{"href":"https:\/\/midoxalimentation.com\/index.php?rest_route=%2Fwp%2Fv2%2Fmedia&parent=5886"}],"wp:term":[{"taxonomy":"pwb-brand","embeddable":true,"href":"https:\/\/midoxalimentation.com\/index.php?rest_route=%2Fwp%2Fv2%2Fpwb-brand&post=5886"},{"taxonomy":"product_brand","embeddable":true,"href":"https:\/\/midoxalimentation.com\/index.php?rest_route=%2Fwp%2Fv2%2Fproduct_brand&post=5886"},{"taxonomy":"product_cat","embeddable":true,"href":"https:\/\/midoxalimentation.com\/index.php?rest_route=%2Fwp%2Fv2%2Fproduct_cat&post=5886"},{"taxonomy":"product_tag","embeddable":true,"href":"https:\/\/midoxalimentation.com\/index.php?rest_route=%2Fwp%2Fv2%2Fproduct_tag&post=5886"}],"curies":[{"name":"wp","href":"https:\/\/api.w.org\/{rel}","templated":true}]}}