{"id":5907,"date":"2026-01-23T22:57:01","date_gmt":"2026-01-23T21:57:01","guid":{"rendered":"https:\/\/midoxalimentation.com\/?product=pringles-salt-vinegar"},"modified":"2026-02-08T19:23:20","modified_gmt":"2026-02-08T18:23:20","slug":"pringles-salt-vinegar","status":"publish","type":"product","link":"https:\/\/midoxalimentation.com\/?product=pringles-salt-vinegar","title":{"rendered":"Pringles Salt &#038; Vinegar"},"content":{"rendered":"<p>Les Pringles Salt &amp; Vinegar ne laissent personne indiff\u00e9rent. D\u00e8s l&rsquo;ouverture du tube, l&rsquo;ar\u00f4me caract\u00e9ristique du vinaigre annonce une d\u00e9gustation pleine de caract\u00e8re. Chaque tuile est assaisonn\u00e9e avec pr\u00e9cision pour offrir cette pointe d&rsquo;acidit\u00e9 vive, imm\u00e9diatement adoucie par une touche de sel. C\u2019est le snack id\u00e9al pour ceux qui recherchent une alternative originale aux saveurs classiques. Son go\u00fbt rafra\u00eechissant et son craquant inimitable en font un incontournable des ap\u00e9ritifs audacieux.<\/p>\n","protected":false},"excerpt":{"rendered":"<p>Le mariage piquant et intense du sel marin et du vinaigre de malt. Une exp\u00e9rience gustative \u00e9lectrisante qui offre un \u00e9quilibre parfait entre acidit\u00e9 et croquant.<\/p>\n","protected":false},"featured_media":5906,"comment_status":"open","ping_status":"closed","template":"","meta":{"content-type":""},"pwb-brand":[],"product_brand":[404],"product_cat":[222,165],"product_tag":[424,325,406,280,410,392,405,422,423,233],"class_list":{"0":"post-5907","1":"product","2":"type-product","3":"status-publish","4":"has-post-thumbnail","6":"product_brand-pringles","7":"product_cat-chips-graines","8":"product_cat-snacking-aperitif","9":"product_tag-acidule","10":"product_tag-aperitif","11":"product_tag-chips","12":"product_tag-croustillant","13":"product_tag-kelloggs","14":"product_tag-original","15":"product_tag-pringles","16":"product_tag-salt-vinegar","17":"product_tag-sel-et-vinaigre","18":"product_tag-snack","20":"first","21":"instock","22":"taxable","23":"shipping-taxable","24":"purchasable","25":"product-type-simple"},"aioseo_notices":[],"jetpack_sharing_enabled":true,"brands":[],"_links":{"self":[{"href":"https:\/\/midoxalimentation.com\/index.php?rest_route=\/wp\/v2\/product\/5907","targetHints":{"allow":["GET"]}}],"collection":[{"href":"https:\/\/midoxalimentation.com\/index.php?rest_route=\/wp\/v2\/product"}],"about":[{"href":"https:\/\/midoxalimentation.com\/index.php?rest_route=\/wp\/v2\/types\/product"}],"replies":[{"embeddable":true,"href":"https:\/\/midoxalimentation.com\/index.php?rest_route=%2Fwp%2Fv2%2Fcomments&post=5907"}],"version-history":[{"count":1,"href":"https:\/\/midoxalimentation.com\/index.php?rest_route=\/wp\/v2\/product\/5907\/revisions"}],"predecessor-version":[{"id":6327,"href":"https:\/\/midoxalimentation.com\/index.php?rest_route=\/wp\/v2\/product\/5907\/revisions\/6327"}],"wp:featuredmedia":[{"embeddable":true,"href":"https:\/\/midoxalimentation.com\/index.php?rest_route=\/wp\/v2\/media\/5906"}],"wp:attachment":[{"href":"https:\/\/midoxalimentation.com\/index.php?rest_route=%2Fwp%2Fv2%2Fmedia&parent=5907"}],"wp:term":[{"taxonomy":"pwb-brand","embeddable":true,"href":"https:\/\/midoxalimentation.com\/index.php?rest_route=%2Fwp%2Fv2%2Fpwb-brand&post=5907"},{"taxonomy":"product_brand","embeddable":true,"href":"https:\/\/midoxalimentation.com\/index.php?rest_route=%2Fwp%2Fv2%2Fproduct_brand&post=5907"},{"taxonomy":"product_cat","embeddable":true,"href":"https:\/\/midoxalimentation.com\/index.php?rest_route=%2Fwp%2Fv2%2Fproduct_cat&post=5907"},{"taxonomy":"product_tag","embeddable":true,"href":"https:\/\/midoxalimentation.com\/index.php?rest_route=%2Fwp%2Fv2%2Fproduct_tag&post=5907"}],"curies":[{"name":"wp","href":"https:\/\/api.w.org\/{rel}","templated":true}]}}