{"id":5919,"date":"2026-01-23T22:57:03","date_gmt":"2026-01-23T21:57:03","guid":{"rendered":"https:\/\/midoxalimentation.com\/?product=nescafe"},"modified":"2026-02-12T16:15:31","modified_gmt":"2026-02-12T15:15:31","slug":"nescafe","status":"publish","type":"product","link":"https:\/\/midoxalimentation.com\/?product=nescafe","title":{"rendered":"Nescafe"},"content":{"rendered":"<p data-path-to-node=\"23\">Nescaf\u00e9 Selection est la r\u00e9f\u00e9rence mondiale du caf\u00e9 soluble pour ceux qui ne veulent pas faire de compromis entre rapidit\u00e9 et go\u00fbt. Gr\u00e2ce \u00e0 un proc\u00e9d\u00e9 de torr\u00e9faction pr\u00e9cis, chaque grain lib\u00e8re des ar\u00f4mes captivants d\u00e8s l&rsquo;ajout d&rsquo;eau chaude. Son format bocal pr\u00e9serve toute la fra\u00eecheur et l&rsquo;intensit\u00e9 du caf\u00e9, tasse apr\u00e8s tasse.<\/p>\n<p data-path-to-node=\"24\">\n","protected":false},"excerpt":{"rendered":"<p>Caf\u00e9 instantan\u00e9 pur aux ar\u00f4mes riches et \u00e0 la saveur \u00e9quilibr\u00e9e, pr\u00eat en quelques secondes seulement.<\/p>\n","protected":false},"featured_media":5918,"comment_status":"open","ping_status":"closed","template":"","meta":{"content-type":""},"pwb-brand":[],"product_brand":[],"product_cat":[521,167,171,15],"product_tag":[550,556,541,557,555,277,558],"class_list":{"0":"post-5919","1":"product","2":"type-product","3":"status-publish","4":"has-post-thumbnail","6":"product_cat-conserves","7":"product_cat-epicerie","8":"product_cat-petit-dejeuner","9":"product_cat-tous-les-produits","10":"product_tag-boisson-chaude","11":"product_tag-cafe-soluble","12":"product_tag-epicerie","13":"product_tag-instantane","14":"product_tag-nescafe","15":"product_tag-petit-dejeuner","16":"product_tag-selection","18":"first","19":"instock","20":"taxable","21":"shipping-taxable","22":"purchasable","23":"product-type-simple"},"aioseo_notices":[],"jetpack_sharing_enabled":true,"brands":[],"_links":{"self":[{"href":"https:\/\/midoxalimentation.com\/index.php?rest_route=\/wp\/v2\/product\/5919","targetHints":{"allow":["GET"]}}],"collection":[{"href":"https:\/\/midoxalimentation.com\/index.php?rest_route=\/wp\/v2\/product"}],"about":[{"href":"https:\/\/midoxalimentation.com\/index.php?rest_route=\/wp\/v2\/types\/product"}],"replies":[{"embeddable":true,"href":"https:\/\/midoxalimentation.com\/index.php?rest_route=%2Fwp%2Fv2%2Fcomments&post=5919"}],"version-history":[{"count":1,"href":"https:\/\/midoxalimentation.com\/index.php?rest_route=\/wp\/v2\/product\/5919\/revisions"}],"predecessor-version":[{"id":6483,"href":"https:\/\/midoxalimentation.com\/index.php?rest_route=\/wp\/v2\/product\/5919\/revisions\/6483"}],"wp:featuredmedia":[{"embeddable":true,"href":"https:\/\/midoxalimentation.com\/index.php?rest_route=\/wp\/v2\/media\/5918"}],"wp:attachment":[{"href":"https:\/\/midoxalimentation.com\/index.php?rest_route=%2Fwp%2Fv2%2Fmedia&parent=5919"}],"wp:term":[{"taxonomy":"pwb-brand","embeddable":true,"href":"https:\/\/midoxalimentation.com\/index.php?rest_route=%2Fwp%2Fv2%2Fpwb-brand&post=5919"},{"taxonomy":"product_brand","embeddable":true,"href":"https:\/\/midoxalimentation.com\/index.php?rest_route=%2Fwp%2Fv2%2Fproduct_brand&post=5919"},{"taxonomy":"product_cat","embeddable":true,"href":"https:\/\/midoxalimentation.com\/index.php?rest_route=%2Fwp%2Fv2%2Fproduct_cat&post=5919"},{"taxonomy":"product_tag","embeddable":true,"href":"https:\/\/midoxalimentation.com\/index.php?rest_route=%2Fwp%2Fv2%2Fproduct_tag&post=5919"}],"curies":[{"name":"wp","href":"https:\/\/api.w.org\/{rel}","templated":true}]}}