{"id":5926,"date":"2026-01-23T22:57:04","date_gmt":"2026-01-23T21:57:04","guid":{"rendered":"https:\/\/midoxalimentation.com\/?product=solero"},"modified":"2026-02-16T18:42:57","modified_gmt":"2026-02-16T17:42:57","slug":"solero","status":"publish","type":"product","link":"https:\/\/midoxalimentation.com\/?product=solero","title":{"rendered":"Solero Exotic"},"content":{"rendered":"<p>Solero Exotic est le choix fra\u00eecheur par excellence. Il propose une cr\u00e8me glac\u00e9e onctueuse \u00e0 la vanille enrob\u00e9e d&rsquo;un sorbet aux fruits tropicaux (mangue, passion). Avec seulement 98 calories, c&rsquo;est un plaisir l\u00e9ger et fruit\u00e9.<\/p>\n","protected":false},"excerpt":{"rendered":"<p>Un sorbet exotique rafra\u00eechissant avec un c\u0153ur de glace<\/p>\n","protected":false},"featured_media":5925,"comment_status":"open","ping_status":"closed","template":"","meta":{"content-type":""},"pwb-brand":[],"product_brand":[],"product_cat":[174,15],"product_tag":[748,245,750,747,749,344],"class_list":{"0":"post-5926","1":"product","2":"type-product","3":"status-publish","4":"has-post-thumbnail","6":"product_cat-glaces","7":"product_cat-tous-les-produits","8":"product_tag-exotic","9":"product_tag-fraicheur","10":"product_tag-fruits-tropicaux","11":"product_tag-solero","12":"product_tag-sorbet","13":"product_tag-vanille","15":"first","16":"instock","17":"taxable","18":"shipping-taxable","19":"purchasable","20":"product-type-simple"},"aioseo_notices":[],"jetpack_sharing_enabled":true,"brands":[],"_links":{"self":[{"href":"https:\/\/midoxalimentation.com\/index.php?rest_route=\/wp\/v2\/product\/5926","targetHints":{"allow":["GET"]}}],"collection":[{"href":"https:\/\/midoxalimentation.com\/index.php?rest_route=\/wp\/v2\/product"}],"about":[{"href":"https:\/\/midoxalimentation.com\/index.php?rest_route=\/wp\/v2\/types\/product"}],"replies":[{"embeddable":true,"href":"https:\/\/midoxalimentation.com\/index.php?rest_route=%2Fwp%2Fv2%2Fcomments&post=5926"}],"version-history":[{"count":2,"href":"https:\/\/midoxalimentation.com\/index.php?rest_route=\/wp\/v2\/product\/5926\/revisions"}],"predecessor-version":[{"id":6708,"href":"https:\/\/midoxalimentation.com\/index.php?rest_route=\/wp\/v2\/product\/5926\/revisions\/6708"}],"wp:featuredmedia":[{"embeddable":true,"href":"https:\/\/midoxalimentation.com\/index.php?rest_route=\/wp\/v2\/media\/5925"}],"wp:attachment":[{"href":"https:\/\/midoxalimentation.com\/index.php?rest_route=%2Fwp%2Fv2%2Fmedia&parent=5926"}],"wp:term":[{"taxonomy":"pwb-brand","embeddable":true,"href":"https:\/\/midoxalimentation.com\/index.php?rest_route=%2Fwp%2Fv2%2Fpwb-brand&post=5926"},{"taxonomy":"product_brand","embeddable":true,"href":"https:\/\/midoxalimentation.com\/index.php?rest_route=%2Fwp%2Fv2%2Fproduct_brand&post=5926"},{"taxonomy":"product_cat","embeddable":true,"href":"https:\/\/midoxalimentation.com\/index.php?rest_route=%2Fwp%2Fv2%2Fproduct_cat&post=5926"},{"taxonomy":"product_tag","embeddable":true,"href":"https:\/\/midoxalimentation.com\/index.php?rest_route=%2Fwp%2Fv2%2Fproduct_tag&post=5926"}],"curies":[{"name":"wp","href":"https:\/\/api.w.org\/{rel}","templated":true}]}}