{"id":5951,"date":"2026-01-23T22:57:08","date_gmt":"2026-01-23T21:57:08","guid":{"rendered":"https:\/\/midoxalimentation.com\/?product=hacendado-suave"},"modified":"2026-02-13T16:05:07","modified_gmt":"2026-02-13T15:05:07","slug":"hacendado-suave","status":"publish","type":"product","link":"https:\/\/midoxalimentation.com\/?product=hacendado-suave","title":{"rendered":"Hacendado Suave (Classique)"},"content":{"rendered":"<p>Retrouvez la g\u00e9n\u00e9rosit\u00e9 du fromage Hacendado Suave original. Sa douceur en bouche et sa facilit\u00e9 d&rsquo;\u00e9talage en font le compagnon id\u00e9al de vos pains frais ou crackers. C&rsquo;est \u00e9galement une excellente base pour vos sauces cr\u00e9meuses ou pour accompagner vos sandwichs pr\u00e9f\u00e9r\u00e9s .<\/p>\n","protected":false},"excerpt":{"rendered":"<p data-path-to-node=\"22\">Fromage \u00e0 tartiner classique, doux et ultra-cr\u00e9meux, id\u00e9al pour vos tartines et recettes gourmandes.<\/p>\n<p data-path-to-node=\"23\">\n","protected":false},"featured_media":5950,"comment_status":"open","ping_status":"closed","template":"","meta":{"content-type":""},"pwb-brand":[],"product_brand":[460],"product_cat":[521,167,171,15],"product_tag":[259,601,374,239,277,600,599],"class_list":{"0":"post-5951","1":"product","2":"type-product","3":"status-publish","4":"has-post-thumbnail","6":"product_brand-hacendado","7":"product_cat-conserves","8":"product_cat-epicerie","9":"product_cat-petit-dejeuner","10":"product_cat-tous-les-produits","11":"product_tag-classique","12":"product_tag-frais","13":"product_tag-fromage","14":"product_tag-hacendado","15":"product_tag-petit-dejeuner","16":"product_tag-suave","17":"product_tag-tartiner","19":"first","20":"instock","21":"taxable","22":"shipping-taxable","23":"purchasable","24":"product-type-simple"},"aioseo_notices":[],"jetpack_sharing_enabled":true,"brands":[],"_links":{"self":[{"href":"https:\/\/midoxalimentation.com\/index.php?rest_route=\/wp\/v2\/product\/5951","targetHints":{"allow":["GET"]}}],"collection":[{"href":"https:\/\/midoxalimentation.com\/index.php?rest_route=\/wp\/v2\/product"}],"about":[{"href":"https:\/\/midoxalimentation.com\/index.php?rest_route=\/wp\/v2\/types\/product"}],"replies":[{"embeddable":true,"href":"https:\/\/midoxalimentation.com\/index.php?rest_route=%2Fwp%2Fv2%2Fcomments&post=5951"}],"version-history":[{"count":1,"href":"https:\/\/midoxalimentation.com\/index.php?rest_route=\/wp\/v2\/product\/5951\/revisions"}],"predecessor-version":[{"id":6543,"href":"https:\/\/midoxalimentation.com\/index.php?rest_route=\/wp\/v2\/product\/5951\/revisions\/6543"}],"wp:featuredmedia":[{"embeddable":true,"href":"https:\/\/midoxalimentation.com\/index.php?rest_route=\/wp\/v2\/media\/5950"}],"wp:attachment":[{"href":"https:\/\/midoxalimentation.com\/index.php?rest_route=%2Fwp%2Fv2%2Fmedia&parent=5951"}],"wp:term":[{"taxonomy":"pwb-brand","embeddable":true,"href":"https:\/\/midoxalimentation.com\/index.php?rest_route=%2Fwp%2Fv2%2Fpwb-brand&post=5951"},{"taxonomy":"product_brand","embeddable":true,"href":"https:\/\/midoxalimentation.com\/index.php?rest_route=%2Fwp%2Fv2%2Fproduct_brand&post=5951"},{"taxonomy":"product_cat","embeddable":true,"href":"https:\/\/midoxalimentation.com\/index.php?rest_route=%2Fwp%2Fv2%2Fproduct_cat&post=5951"},{"taxonomy":"product_tag","embeddable":true,"href":"https:\/\/midoxalimentation.com\/index.php?rest_route=%2Fwp%2Fv2%2Fproduct_tag&post=5951"}],"curies":[{"name":"wp","href":"https:\/\/api.w.org\/{rel}","templated":true}]}}