{"id":5953,"date":"2026-01-23T22:57:08","date_gmt":"2026-01-23T21:57:08","guid":{"rendered":"https:\/\/midoxalimentation.com\/?product=ferrero-rocher-raffaello"},"modified":"2026-02-08T18:13:45","modified_gmt":"2026-02-08T17:13:45","slug":"ferrero-rocher-raffaello","status":"publish","type":"product","link":"https:\/\/midoxalimentation.com\/?product=ferrero-rocher-raffaello","title":{"rendered":"Ferrero Rocher Raffaello"},"content":{"rendered":"<p>Raffaello est une cr\u00e9ation unique de Ferrero qui ne contient pas de chocolat. Cette fine gaufrette sph\u00e9rique est enrob\u00e9e de copeaux de noix de coco des \u00eeles Pacifiques et fourr\u00e9e d&rsquo;une cr\u00e8me onctueuse et fondante qui cache en son c\u0153ur une amande blanche enti\u00e8re croquante de Californie. Avec sa texture a\u00e9rienne et ses ingr\u00e9dients rigoureusement s\u00e9lectionn\u00e9s, Raffaello offre un moment de pure l\u00e9g\u00e8ret\u00e9 et d&rsquo;\u00e9l\u00e9gance. Chaque bouch\u00e9e est emball\u00e9e individuellement pour pr\u00e9server toute sa fra\u00eecheur et sa saveur exotique.<\/p>\n","protected":false},"excerpt":{"rendered":"<p>Une sp\u00e9cialit\u00e9 croustillante et onctueuse \u00e0 la noix de coco et \u00e0 l&rsquo;amande enti\u00e8re. Une exp\u00e9rience de go\u00fbt d\u00e9licate et l\u00e9g\u00e8re, parfaite pour exprimer une attention particuli\u00e8re ou se faire plaisir.<\/p>\n","protected":false},"featured_media":5952,"comment_status":"open","ping_status":"closed","template":"","meta":{"content-type":""},"pwb-brand":[],"product_brand":[],"product_cat":[225,165],"product_tag":[293,295,294,244,296,236,231,292,237,291],"class_list":{"0":"post-5953","1":"product","2":"type-product","3":"status-publish","4":"has-post-thumbnail","6":"product_cat-chocolats-barres","7":"product_cat-snacking-aperitif","8":"product_tag-amande","9":"product_tag-cadeau","10":"product_tag-chocolat-blanc","11":"product_tag-confiserie","12":"product_tag-exotique","13":"product_tag-ferrero","14":"product_tag-gaufrette","15":"product_tag-noix-de-coco","16":"product_tag-plaisir","17":"product_tag-raffaello","19":"first","20":"instock","21":"taxable","22":"shipping-taxable","23":"purchasable","24":"product-type-simple"},"aioseo_notices":[],"jetpack_sharing_enabled":true,"brands":[],"_links":{"self":[{"href":"https:\/\/midoxalimentation.com\/index.php?rest_route=\/wp\/v2\/product\/5953","targetHints":{"allow":["GET"]}}],"collection":[{"href":"https:\/\/midoxalimentation.com\/index.php?rest_route=\/wp\/v2\/product"}],"about":[{"href":"https:\/\/midoxalimentation.com\/index.php?rest_route=\/wp\/v2\/types\/product"}],"replies":[{"embeddable":true,"href":"https:\/\/midoxalimentation.com\/index.php?rest_route=%2Fwp%2Fv2%2Fcomments&post=5953"}],"version-history":[{"count":1,"href":"https:\/\/midoxalimentation.com\/index.php?rest_route=\/wp\/v2\/product\/5953\/revisions"}],"predecessor-version":[{"id":6276,"href":"https:\/\/midoxalimentation.com\/index.php?rest_route=\/wp\/v2\/product\/5953\/revisions\/6276"}],"wp:featuredmedia":[{"embeddable":true,"href":"https:\/\/midoxalimentation.com\/index.php?rest_route=\/wp\/v2\/media\/5952"}],"wp:attachment":[{"href":"https:\/\/midoxalimentation.com\/index.php?rest_route=%2Fwp%2Fv2%2Fmedia&parent=5953"}],"wp:term":[{"taxonomy":"pwb-brand","embeddable":true,"href":"https:\/\/midoxalimentation.com\/index.php?rest_route=%2Fwp%2Fv2%2Fpwb-brand&post=5953"},{"taxonomy":"product_brand","embeddable":true,"href":"https:\/\/midoxalimentation.com\/index.php?rest_route=%2Fwp%2Fv2%2Fproduct_brand&post=5953"},{"taxonomy":"product_cat","embeddable":true,"href":"https:\/\/midoxalimentation.com\/index.php?rest_route=%2Fwp%2Fv2%2Fproduct_cat&post=5953"},{"taxonomy":"product_tag","embeddable":true,"href":"https:\/\/midoxalimentation.com\/index.php?rest_route=%2Fwp%2Fv2%2Fproduct_tag&post=5953"}],"curies":[{"name":"wp","href":"https:\/\/api.w.org\/{rel}","templated":true}]}}