{"id":5957,"date":"2026-01-23T22:57:09","date_gmt":"2026-01-23T21:57:09","guid":{"rendered":"https:\/\/midoxalimentation.com\/?product=chupa-chups-magic-cubes-bubble-gum"},"modified":"2026-02-08T18:03:25","modified_gmt":"2026-02-08T17:03:25","slug":"chupa-chups-magic-cubes-bubble-gum","status":"publish","type":"product","link":"https:\/\/midoxalimentation.com\/?product=chupa-chups-magic-cubes-bubble-gum","title":{"rendered":"Chupa Chups Magic Cubes Bubble gum"},"content":{"rendered":"<p><span class=\"\">Plongez dans l&rsquo;univers fun de Chupa Chups avec les Magic Cubes !<\/span><span class=\"\"> Ces petits cubes de chewing-gum ne sont pas seulement originaux par leur forme,<\/span><span class=\"\"> ils explosent de saveurs fruit\u00e9es d\u00e8s la premi\u00e8re mise en bouche.<\/span><span class=\"\"> Con\u00e7us pour les amateurs de grosses bulles,<\/span><span class=\"\"> ils offrent une texture souple et durable.<\/span><span class=\"\"> Leur bo\u00eete refermable et pratique permet de les partager facilement ou de les garder \u00e0 port\u00e9e de main pour une dose de couleur et de sucre \u00e0 tout moment de la journ\u00e9e.<\/span><\/p>\n","protected":false},"excerpt":{"rendered":"<p data-path-to-node=\"3,0,0\">Des chewing-gums ludiques en forme de petits cubes color\u00e9s aux saveurs fruit\u00e9es intenses. Un format original et amusant qui transforme chaque mastication en un moment magique et gourmand.<\/p>\n","protected":false},"featured_media":6267,"comment_status":"open","ping_status":"closed","template":"","meta":{"content-type":""},"pwb-brand":[],"product_brand":[],"product_cat":[223,165],"product_tag":[246,265,267,241,263,244,266,268,264,233],"class_list":{"0":"post-5957","1":"product","2":"type-product","3":"status-publish","4":"has-post-thumbnail","6":"product_cat-bonbons-chewing-gums","7":"product_cat-snacking-aperitif","8":"product_tag-bonbon","9":"product_tag-bubble-gum","10":"product_tag-bulles","11":"product_tag-chewing-gum","12":"product_tag-chupa-chups","13":"product_tag-confiserie","14":"product_tag-fruits","15":"product_tag-fun","16":"product_tag-magic-cubes","17":"product_tag-snack","19":"first","20":"instock","21":"taxable","22":"shipping-taxable","23":"purchasable","24":"product-type-simple"},"aioseo_notices":[],"jetpack_sharing_enabled":true,"brands":[],"_links":{"self":[{"href":"https:\/\/midoxalimentation.com\/index.php?rest_route=\/wp\/v2\/product\/5957","targetHints":{"allow":["GET"]}}],"collection":[{"href":"https:\/\/midoxalimentation.com\/index.php?rest_route=\/wp\/v2\/product"}],"about":[{"href":"https:\/\/midoxalimentation.com\/index.php?rest_route=\/wp\/v2\/types\/product"}],"replies":[{"embeddable":true,"href":"https:\/\/midoxalimentation.com\/index.php?rest_route=%2Fwp%2Fv2%2Fcomments&post=5957"}],"version-history":[{"count":2,"href":"https:\/\/midoxalimentation.com\/index.php?rest_route=\/wp\/v2\/product\/5957\/revisions"}],"predecessor-version":[{"id":6264,"href":"https:\/\/midoxalimentation.com\/index.php?rest_route=\/wp\/v2\/product\/5957\/revisions\/6264"}],"wp:featuredmedia":[{"embeddable":true,"href":"https:\/\/midoxalimentation.com\/index.php?rest_route=\/wp\/v2\/media\/6267"}],"wp:attachment":[{"href":"https:\/\/midoxalimentation.com\/index.php?rest_route=%2Fwp%2Fv2%2Fmedia&parent=5957"}],"wp:term":[{"taxonomy":"pwb-brand","embeddable":true,"href":"https:\/\/midoxalimentation.com\/index.php?rest_route=%2Fwp%2Fv2%2Fpwb-brand&post=5957"},{"taxonomy":"product_brand","embeddable":true,"href":"https:\/\/midoxalimentation.com\/index.php?rest_route=%2Fwp%2Fv2%2Fproduct_brand&post=5957"},{"taxonomy":"product_cat","embeddable":true,"href":"https:\/\/midoxalimentation.com\/index.php?rest_route=%2Fwp%2Fv2%2Fproduct_cat&post=5957"},{"taxonomy":"product_tag","embeddable":true,"href":"https:\/\/midoxalimentation.com\/index.php?rest_route=%2Fwp%2Fv2%2Fproduct_tag&post=5957"}],"curies":[{"name":"wp","href":"https:\/\/api.w.org\/{rel}","templated":true}]}}