{"id":5960,"date":"2026-01-23T22:57:09","date_gmt":"2026-01-23T21:57:09","guid":{"rendered":"https:\/\/midoxalimentation.com\/?product=georgi-gel-2"},"modified":"2026-02-13T17:59:51","modified_gmt":"2026-02-13T16:59:51","slug":"georgi-gel-2","status":"publish","type":"product","link":"https:\/\/midoxalimentation.com\/?product=georgi-gel-2","title":{"rendered":"Georgi Gel"},"content":{"rendered":"<ul>\n<li>\n<p data-path-to-node=\"7,2,0\">Obtenez un contr\u00f4le total de votre coiffure avec le gel Giorgi Perfect Fix. Sa formule avanc\u00e9e garantit une fixation longue dur\u00e9e sans cartonner ni laisser de traces blanches. Inclus : 30ml de produit gratuit pour plus de style !<\/p>\n<\/li>\n<\/ul>\n","protected":false},"excerpt":{"rendered":"<p>Gel coiffant pour une fixation longue dur\u00e9e sans r\u00e9sidus, id\u00e9al pour tous les styles.<\/p>\n","protected":false},"featured_media":5935,"comment_status":"open","ping_status":"closed","template":"","meta":{"content-type":""},"pwb-brand":[],"product_brand":[],"product_cat":[196,15],"product_tag":[685,684,683,664],"class_list":{"0":"post-5960","1":"product","2":"type-product","3":"status-publish","4":"has-post-thumbnail","6":"product_cat-hygiene-soins","7":"product_cat-tous-les-produits","8":"product_tag-fixation","9":"product_tag-gel","10":"product_tag-giorgi","11":"product_tag-soin-cheveux","13":"first","14":"instock","15":"taxable","16":"shipping-taxable","17":"purchasable","18":"product-type-simple"},"aioseo_notices":[],"jetpack_sharing_enabled":true,"brands":[],"_links":{"self":[{"href":"https:\/\/midoxalimentation.com\/index.php?rest_route=\/wp\/v2\/product\/5960","targetHints":{"allow":["GET"]}}],"collection":[{"href":"https:\/\/midoxalimentation.com\/index.php?rest_route=\/wp\/v2\/product"}],"about":[{"href":"https:\/\/midoxalimentation.com\/index.php?rest_route=\/wp\/v2\/types\/product"}],"replies":[{"embeddable":true,"href":"https:\/\/midoxalimentation.com\/index.php?rest_route=%2Fwp%2Fv2%2Fcomments&post=5960"}],"version-history":[{"count":2,"href":"https:\/\/midoxalimentation.com\/index.php?rest_route=\/wp\/v2\/product\/5960\/revisions"}],"predecessor-version":[{"id":6610,"href":"https:\/\/midoxalimentation.com\/index.php?rest_route=\/wp\/v2\/product\/5960\/revisions\/6610"}],"wp:featuredmedia":[{"embeddable":true,"href":"https:\/\/midoxalimentation.com\/index.php?rest_route=\/wp\/v2\/media\/5935"}],"wp:attachment":[{"href":"https:\/\/midoxalimentation.com\/index.php?rest_route=%2Fwp%2Fv2%2Fmedia&parent=5960"}],"wp:term":[{"taxonomy":"pwb-brand","embeddable":true,"href":"https:\/\/midoxalimentation.com\/index.php?rest_route=%2Fwp%2Fv2%2Fpwb-brand&post=5960"},{"taxonomy":"product_brand","embeddable":true,"href":"https:\/\/midoxalimentation.com\/index.php?rest_route=%2Fwp%2Fv2%2Fproduct_brand&post=5960"},{"taxonomy":"product_cat","embeddable":true,"href":"https:\/\/midoxalimentation.com\/index.php?rest_route=%2Fwp%2Fv2%2Fproduct_cat&post=5960"},{"taxonomy":"product_tag","embeddable":true,"href":"https:\/\/midoxalimentation.com\/index.php?rest_route=%2Fwp%2Fv2%2Fproduct_tag&post=5960"}],"curies":[{"name":"wp","href":"https:\/\/api.w.org\/{rel}","templated":true}]}}