{"id":5984,"date":"2026-01-23T22:57:13","date_gmt":"2026-01-23T21:57:13","guid":{"rendered":"https:\/\/midoxalimentation.com\/?product=elseve-200ml"},"modified":"2026-02-13T16:56:17","modified_gmt":"2026-02-13T15:56:17","slug":"elseve-200ml","status":"publish","type":"product","link":"https:\/\/midoxalimentation.com\/?product=elseve-200ml","title":{"rendered":"Elseve 200ml"},"content":{"rendered":"<p data-path-to-node=\"4,3,0\">L\u2019Huile Extraordinaire d&rsquo;Elseve est enrichie en huiles de fleurs rares pour transformer la fibre capillaire. Sa formule l\u00e9g\u00e8re p\u00e9n\u00e8tre instantan\u00e9ment pour nourrir le cheveu sans l\u2019alourdir, laissant une douceur infinie et un parfum envo\u00fbtant.<\/p>\n","protected":false},"excerpt":{"rendered":"<p data-path-to-node=\"4,2,0\">Soin sublimateur pour cheveux secs, offrant nutrition intense et brillance \u00e9clatante.<\/p>\n","protected":false},"featured_media":5983,"comment_status":"open","ping_status":"closed","template":"","meta":{"content-type":""},"pwb-brand":[],"product_brand":[],"product_cat":[196,15],"product_tag":[646,645,641,643,642,644],"class_list":{"0":"post-5984","1":"product","2":"type-product","3":"status-publish","4":"has-post-thumbnail","6":"product_cat-hygiene-soins","7":"product_cat-tous-les-produits","8":"product_tag-beaute","9":"product_tag-cosmetique","10":"product_tag-elseve","11":"product_tag-huile-cheveux","12":"product_tag-loreal","13":"product_tag-soin-capillaire","15":"first","16":"instock","17":"taxable","18":"shipping-taxable","19":"purchasable","20":"product-type-simple"},"aioseo_notices":[],"jetpack_sharing_enabled":true,"brands":[],"_links":{"self":[{"href":"https:\/\/midoxalimentation.com\/index.php?rest_route=\/wp\/v2\/product\/5984","targetHints":{"allow":["GET"]}}],"collection":[{"href":"https:\/\/midoxalimentation.com\/index.php?rest_route=\/wp\/v2\/product"}],"about":[{"href":"https:\/\/midoxalimentation.com\/index.php?rest_route=\/wp\/v2\/types\/product"}],"replies":[{"embeddable":true,"href":"https:\/\/midoxalimentation.com\/index.php?rest_route=%2Fwp%2Fv2%2Fcomments&post=5984"}],"version-history":[{"count":2,"href":"https:\/\/midoxalimentation.com\/index.php?rest_route=\/wp\/v2\/product\/5984\/revisions"}],"predecessor-version":[{"id":6577,"href":"https:\/\/midoxalimentation.com\/index.php?rest_route=\/wp\/v2\/product\/5984\/revisions\/6577"}],"wp:featuredmedia":[{"embeddable":true,"href":"https:\/\/midoxalimentation.com\/index.php?rest_route=\/wp\/v2\/media\/5983"}],"wp:attachment":[{"href":"https:\/\/midoxalimentation.com\/index.php?rest_route=%2Fwp%2Fv2%2Fmedia&parent=5984"}],"wp:term":[{"taxonomy":"pwb-brand","embeddable":true,"href":"https:\/\/midoxalimentation.com\/index.php?rest_route=%2Fwp%2Fv2%2Fpwb-brand&post=5984"},{"taxonomy":"product_brand","embeddable":true,"href":"https:\/\/midoxalimentation.com\/index.php?rest_route=%2Fwp%2Fv2%2Fproduct_brand&post=5984"},{"taxonomy":"product_cat","embeddable":true,"href":"https:\/\/midoxalimentation.com\/index.php?rest_route=%2Fwp%2Fv2%2Fproduct_cat&post=5984"},{"taxonomy":"product_tag","embeddable":true,"href":"https:\/\/midoxalimentation.com\/index.php?rest_route=%2Fwp%2Fv2%2Fproduct_tag&post=5984"}],"curies":[{"name":"wp","href":"https:\/\/api.w.org\/{rel}","templated":true}]}}