{"id":5986,"date":"2026-01-23T22:57:13","date_gmt":"2026-01-23T21:57:13","guid":{"rendered":"https:\/\/midoxalimentation.com\/?product=haciendado-sandwich-au-fromage-fondu-tranches"},"modified":"2026-02-09T21:44:24","modified_gmt":"2026-02-09T20:44:24","slug":"haciendado-sandwich-au-fromage-fondu-tranches","status":"publish","type":"product","link":"https:\/\/midoxalimentation.com\/?product=haciendado-sandwich-au-fromage-fondu-tranches","title":{"rendered":"Haciendado Sandwich au fromage fondu tranches"},"content":{"rendered":"<p>Ce paquet de 10 tranches de fromage fondu est l&rsquo;alli\u00e9 id\u00e9al pour vos pr\u00e9parations chaudes. Sa recette est optimis\u00e9e pour obtenir une <b data-path-to-node=\"12\" data-index-in-node=\"155\">fusion parfaite<\/b> au contact de la chaleur, que ce soit dans un burger, un panini ou un toast. Son format pratique permet une utilisation rapide pour des repas gourmands qui plaisent aux petits comme aux grands.<\/p>\n","protected":false},"excerpt":{"rendered":"<p>Tranches de fromage fondu sp\u00e9cialement con\u00e7ues pour des sandwichs et des croque-monsieur ultra-fondants.<\/p>\n","protected":false},"featured_media":5985,"comment_status":"open","ping_status":"closed","template":"","meta":{"content-type":""},"pwb-brand":[],"product_brand":[460],"product_cat":[468,171,180,15],"product_tag":[470,471,369,374,472,239,331,233,469],"class_list":{"0":"post-5986","1":"product","2":"type-product","3":"status-publish","4":"has-post-thumbnail","6":"product_brand-hacendado","7":"product_cat-fromages","8":"product_cat-petit-dejeuner","9":"product_cat-produits-laitiers","10":"product_cat-tous-les-produits","11":"product_tag-burger","12":"product_tag-cuisine-rapide","13":"product_tag-fondant","14":"product_tag-fromage","15":"product_tag-fromage-en-tranches","16":"product_tag-hacendado","17":"product_tag-sandwich","18":"product_tag-snack","19":"product_tag-toast","21":"first","22":"instock","23":"taxable","24":"shipping-taxable","25":"purchasable","26":"product-type-simple"},"aioseo_notices":[],"jetpack_sharing_enabled":true,"brands":[],"_links":{"self":[{"href":"https:\/\/midoxalimentation.com\/index.php?rest_route=\/wp\/v2\/product\/5986","targetHints":{"allow":["GET"]}}],"collection":[{"href":"https:\/\/midoxalimentation.com\/index.php?rest_route=\/wp\/v2\/product"}],"about":[{"href":"https:\/\/midoxalimentation.com\/index.php?rest_route=\/wp\/v2\/types\/product"}],"replies":[{"embeddable":true,"href":"https:\/\/midoxalimentation.com\/index.php?rest_route=%2Fwp%2Fv2%2Fcomments&post=5986"}],"version-history":[{"count":1,"href":"https:\/\/midoxalimentation.com\/index.php?rest_route=\/wp\/v2\/product\/5986\/revisions"}],"predecessor-version":[{"id":6432,"href":"https:\/\/midoxalimentation.com\/index.php?rest_route=\/wp\/v2\/product\/5986\/revisions\/6432"}],"wp:featuredmedia":[{"embeddable":true,"href":"https:\/\/midoxalimentation.com\/index.php?rest_route=\/wp\/v2\/media\/5985"}],"wp:attachment":[{"href":"https:\/\/midoxalimentation.com\/index.php?rest_route=%2Fwp%2Fv2%2Fmedia&parent=5986"}],"wp:term":[{"taxonomy":"pwb-brand","embeddable":true,"href":"https:\/\/midoxalimentation.com\/index.php?rest_route=%2Fwp%2Fv2%2Fpwb-brand&post=5986"},{"taxonomy":"product_brand","embeddable":true,"href":"https:\/\/midoxalimentation.com\/index.php?rest_route=%2Fwp%2Fv2%2Fproduct_brand&post=5986"},{"taxonomy":"product_cat","embeddable":true,"href":"https:\/\/midoxalimentation.com\/index.php?rest_route=%2Fwp%2Fv2%2Fproduct_cat&post=5986"},{"taxonomy":"product_tag","embeddable":true,"href":"https:\/\/midoxalimentation.com\/index.php?rest_route=%2Fwp%2Fv2%2Fproduct_tag&post=5986"}],"curies":[{"name":"wp","href":"https:\/\/api.w.org\/{rel}","templated":true}]}}