{"id":5996,"date":"2026-01-23T22:57:14","date_gmt":"2026-01-23T21:57:14","guid":{"rendered":"https:\/\/midoxalimentation.com\/?product=mayonnaise-ja"},"modified":"2026-02-12T20:44:55","modified_gmt":"2026-02-12T19:44:55","slug":"mayonnaise-ja","status":"publish","type":"product","link":"https:\/\/midoxalimentation.com\/?product=mayonnaise-ja","title":{"rendered":"Mayonnaise JA !"},"content":{"rendered":"<p>La mayonnaise ja! se distingue par sa texture onctueuse et son go\u00fbt \u00e9quilibr\u00e9. Que ce soit pour accompagner des frites croustillantes ou pour lier vos mac\u00e9doines de l\u00e9gumes, elle apporte une touche de douceur irr\u00e9sistible. Son format bocal est pratique pour une utilisation familiale quotidienne.<\/p>\n","protected":false},"excerpt":{"rendered":"<p>Mayonnaise cr\u00e9meuse de qualit\u00e9 sup\u00e9rieure, id\u00e9ale pour vos sandwichs et salades compos\u00e9es.<\/p>\n","protected":false},"featured_media":5995,"comment_status":"open","ping_status":"closed","template":"","meta":{"content-type":""},"pwb-brand":[],"product_brand":[441],"product_cat":[167,519,15],"product_tag":[573,484,541,542,572,574],"class_list":{"0":"post-5996","1":"product","2":"type-product","3":"status-publish","4":"has-post-thumbnail","6":"product_brand-ja","7":"product_cat-epicerie","8":"product_cat-huiles-sauces-condiments","9":"product_cat-tous-les-produits","10":"product_tag-condiment","11":"product_tag-cuisine","12":"product_tag-epicerie","13":"product_tag-ja","14":"product_tag-mayonnaise","15":"product_tag-sauce","17":"first","18":"instock","19":"taxable","20":"shipping-taxable","21":"purchasable","22":"product-type-simple"},"aioseo_notices":[],"jetpack_sharing_enabled":true,"brands":[],"_links":{"self":[{"href":"https:\/\/midoxalimentation.com\/index.php?rest_route=\/wp\/v2\/product\/5996","targetHints":{"allow":["GET"]}}],"collection":[{"href":"https:\/\/midoxalimentation.com\/index.php?rest_route=\/wp\/v2\/product"}],"about":[{"href":"https:\/\/midoxalimentation.com\/index.php?rest_route=\/wp\/v2\/types\/product"}],"replies":[{"embeddable":true,"href":"https:\/\/midoxalimentation.com\/index.php?rest_route=%2Fwp%2Fv2%2Fcomments&post=5996"}],"version-history":[{"count":2,"href":"https:\/\/midoxalimentation.com\/index.php?rest_route=\/wp\/v2\/product\/5996\/revisions"}],"predecessor-version":[{"id":6510,"href":"https:\/\/midoxalimentation.com\/index.php?rest_route=\/wp\/v2\/product\/5996\/revisions\/6510"}],"wp:featuredmedia":[{"embeddable":true,"href":"https:\/\/midoxalimentation.com\/index.php?rest_route=\/wp\/v2\/media\/5995"}],"wp:attachment":[{"href":"https:\/\/midoxalimentation.com\/index.php?rest_route=%2Fwp%2Fv2%2Fmedia&parent=5996"}],"wp:term":[{"taxonomy":"pwb-brand","embeddable":true,"href":"https:\/\/midoxalimentation.com\/index.php?rest_route=%2Fwp%2Fv2%2Fpwb-brand&post=5996"},{"taxonomy":"product_brand","embeddable":true,"href":"https:\/\/midoxalimentation.com\/index.php?rest_route=%2Fwp%2Fv2%2Fproduct_brand&post=5996"},{"taxonomy":"product_cat","embeddable":true,"href":"https:\/\/midoxalimentation.com\/index.php?rest_route=%2Fwp%2Fv2%2Fproduct_cat&post=5996"},{"taxonomy":"product_tag","embeddable":true,"href":"https:\/\/midoxalimentation.com\/index.php?rest_route=%2Fwp%2Fv2%2Fproduct_tag&post=5996"}],"curies":[{"name":"wp","href":"https:\/\/api.w.org\/{rel}","templated":true}]}}