{"id":6006,"date":"2026-01-23T22:57:16","date_gmt":"2026-01-23T21:57:16","guid":{"rendered":"https:\/\/midoxalimentation.com\/?product=haagen-dazs-mini-pot-macadamia"},"modified":"2026-02-16T19:00:12","modified_gmt":"2026-02-16T18:00:12","slug":"haagen-dazs-mini-pot-macadamia","status":"publish","type":"product","link":"https:\/\/midoxalimentation.com\/?product=haagen-dazs-mini-pot-macadamia","title":{"rendered":"H\u00e4agen-Dazs Mini-Pot MACADAMIA"},"content":{"rendered":"<p>Le mini-pot H\u00e4agen-Dazs Macadamia offre une exp\u00e9rience luxueuse avec sa base de cr\u00e8me glac\u00e9e \u00e0 la vanille ultra-cr\u00e9meuse et ses morceaux croquants de noix de macadamia enrob\u00e9s de caramel. Un format pratique pour un plaisir intense et raffin\u00e9.<\/p>\n","protected":false},"excerpt":{"rendered":"<p>Une cr\u00e8me glac\u00e9e onctueuse parsem\u00e9e d&rsquo;\u00e9clats de noix de macadamia caram\u00e9lis\u00e9es.<\/p>\n","protected":false},"featured_media":6005,"comment_status":"open","ping_status":"closed","template":"","meta":{"content-type":""},"pwb-brand":[],"product_brand":[760],"product_cat":[174,15],"product_tag":[256,731,751,755,754,625],"class_list":{"0":"post-6006","1":"product","2":"type-product","3":"status-publish","4":"has-post-thumbnail","6":"product_brand-haagen-dazs","7":"product_cat-glaces","8":"product_cat-tous-les-produits","9":"product_tag-caramel","10":"product_tag-glace","11":"product_tag-haagen-dazs","12":"product_tag-macadamia","13":"product_tag-mini-pot","14":"product_tag-premium","16":"first","17":"instock","18":"taxable","19":"shipping-taxable","20":"purchasable","21":"product-type-simple"},"aioseo_notices":[],"jetpack_sharing_enabled":true,"brands":[],"_links":{"self":[{"href":"https:\/\/midoxalimentation.com\/index.php?rest_route=\/wp\/v2\/product\/6006","targetHints":{"allow":["GET"]}}],"collection":[{"href":"https:\/\/midoxalimentation.com\/index.php?rest_route=\/wp\/v2\/product"}],"about":[{"href":"https:\/\/midoxalimentation.com\/index.php?rest_route=\/wp\/v2\/types\/product"}],"replies":[{"embeddable":true,"href":"https:\/\/midoxalimentation.com\/index.php?rest_route=%2Fwp%2Fv2%2Fcomments&post=6006"}],"version-history":[{"count":1,"href":"https:\/\/midoxalimentation.com\/index.php?rest_route=\/wp\/v2\/product\/6006\/revisions"}],"predecessor-version":[{"id":6713,"href":"https:\/\/midoxalimentation.com\/index.php?rest_route=\/wp\/v2\/product\/6006\/revisions\/6713"}],"wp:featuredmedia":[{"embeddable":true,"href":"https:\/\/midoxalimentation.com\/index.php?rest_route=\/wp\/v2\/media\/6005"}],"wp:attachment":[{"href":"https:\/\/midoxalimentation.com\/index.php?rest_route=%2Fwp%2Fv2%2Fmedia&parent=6006"}],"wp:term":[{"taxonomy":"pwb-brand","embeddable":true,"href":"https:\/\/midoxalimentation.com\/index.php?rest_route=%2Fwp%2Fv2%2Fpwb-brand&post=6006"},{"taxonomy":"product_brand","embeddable":true,"href":"https:\/\/midoxalimentation.com\/index.php?rest_route=%2Fwp%2Fv2%2Fproduct_brand&post=6006"},{"taxonomy":"product_cat","embeddable":true,"href":"https:\/\/midoxalimentation.com\/index.php?rest_route=%2Fwp%2Fv2%2Fproduct_cat&post=6006"},{"taxonomy":"product_tag","embeddable":true,"href":"https:\/\/midoxalimentation.com\/index.php?rest_route=%2Fwp%2Fv2%2Fproduct_tag&post=6006"}],"curies":[{"name":"wp","href":"https:\/\/api.w.org\/{rel}","templated":true}]}}