{"id":6014,"date":"2026-01-23T22:57:20","date_gmt":"2026-01-23T21:57:20","guid":{"rendered":"https:\/\/midoxalimentation.com\/?product=whiskas"},"modified":"2026-02-13T16:36:12","modified_gmt":"2026-02-13T15:36:12","slug":"whiskas","status":"publish","type":"product","link":"https:\/\/midoxalimentation.com\/?product=whiskas","title":{"rendered":"Whiskas Sauce"},"content":{"rendered":"<p>Offrez \u00e0 votre chat le plaisir d&rsquo;un repas vari\u00e9 avec les pochons Whiskas en sauce. Chaque sachet fra\u00eecheur contient des ingr\u00e9dients de qualit\u00e9 pour maintenir la sant\u00e9 et le bonheur de votre compagnon, tout en lui apportant l&rsquo;hydratation n\u00e9cessaire au quotidien.<\/p>\n","protected":false},"excerpt":{"rendered":"<p>Tendres effil\u00e9s en sauce pour chats adultes, un repas humide complet et hydratant.<\/p>\n","protected":false},"featured_media":6013,"comment_status":"open","ping_status":"closed","template":"","meta":{"content-type":""},"pwb-brand":[],"product_brand":[626],"product_cat":[614,15],"product_tag":[621,620,617,628,574,627],"class_list":{"0":"post-6014","1":"product","2":"type-product","3":"status-publish","4":"has-post-thumbnail","6":"product_brand-whiskas","7":"product_cat-espace-animaux","8":"product_cat-tous-les-produits","9":"product_tag-alimentation","10":"product_tag-animaux","11":"product_tag-chat","12":"product_tag-repas-humide","13":"product_tag-sauce","14":"product_tag-whiskas","16":"first","17":"instock","18":"taxable","19":"shipping-taxable","20":"purchasable","21":"product-type-simple"},"aioseo_notices":[],"jetpack_sharing_enabled":true,"brands":[],"_links":{"self":[{"href":"https:\/\/midoxalimentation.com\/index.php?rest_route=\/wp\/v2\/product\/6014","targetHints":{"allow":["GET"]}}],"collection":[{"href":"https:\/\/midoxalimentation.com\/index.php?rest_route=\/wp\/v2\/product"}],"about":[{"href":"https:\/\/midoxalimentation.com\/index.php?rest_route=\/wp\/v2\/types\/product"}],"replies":[{"embeddable":true,"href":"https:\/\/midoxalimentation.com\/index.php?rest_route=%2Fwp%2Fv2%2Fcomments&post=6014"}],"version-history":[{"count":2,"href":"https:\/\/midoxalimentation.com\/index.php?rest_route=\/wp\/v2\/product\/6014\/revisions"}],"predecessor-version":[{"id":6563,"href":"https:\/\/midoxalimentation.com\/index.php?rest_route=\/wp\/v2\/product\/6014\/revisions\/6563"}],"wp:featuredmedia":[{"embeddable":true,"href":"https:\/\/midoxalimentation.com\/index.php?rest_route=\/wp\/v2\/media\/6013"}],"wp:attachment":[{"href":"https:\/\/midoxalimentation.com\/index.php?rest_route=%2Fwp%2Fv2%2Fmedia&parent=6014"}],"wp:term":[{"taxonomy":"pwb-brand","embeddable":true,"href":"https:\/\/midoxalimentation.com\/index.php?rest_route=%2Fwp%2Fv2%2Fpwb-brand&post=6014"},{"taxonomy":"product_brand","embeddable":true,"href":"https:\/\/midoxalimentation.com\/index.php?rest_route=%2Fwp%2Fv2%2Fproduct_brand&post=6014"},{"taxonomy":"product_cat","embeddable":true,"href":"https:\/\/midoxalimentation.com\/index.php?rest_route=%2Fwp%2Fv2%2Fproduct_cat&post=6014"},{"taxonomy":"product_tag","embeddable":true,"href":"https:\/\/midoxalimentation.com\/index.php?rest_route=%2Fwp%2Fv2%2Fproduct_tag&post=6014"}],"curies":[{"name":"wp","href":"https:\/\/api.w.org\/{rel}","templated":true}]}}