{"id":6016,"date":"2026-01-23T22:57:21","date_gmt":"2026-01-23T21:57:21","guid":{"rendered":"https:\/\/midoxalimentation.com\/?product=haagen-dazs-mini-pot-cookiescream"},"modified":"2026-03-29T00:15:02","modified_gmt":"2026-03-28T23:15:02","slug":"haagen-dazs-mini-pot-cookiescream","status":"publish","type":"product","link":"https:\/\/midoxalimentation.com\/?product=haagen-dazs-mini-pot-cookiescream","title":{"rendered":"H\u00e4agen-Dazs Mini-Pot Cookies &#038; Cream"},"content":{"rendered":"<p>D\u00e9couvrez l&rsquo;\u00e9quilibre id\u00e9al entre l&rsquo;onctuosit\u00e9 de la cr\u00e8me glac\u00e9e et le croquant des cookies. Chaque cuill\u00e8re est une surprise gourmande gr\u00e2ce aux morceaux de biscuits fondants int\u00e9gr\u00e9s \u00e0 la recette.<\/p>\n","protected":false},"excerpt":{"rendered":"<ul>\n<li>\n<p data-path-to-node=\"9,2,0\">Le mariage iconique d&rsquo;une glace \u00e0 la vanille et de g\u00e9n\u00e9reux morceaux de biscuits au chocolat.<\/p>\n<\/li>\n<\/ul>\n","protected":false},"featured_media":6015,"comment_status":"open","ping_status":"closed","template":"","meta":{"content-type":""},"pwb-brand":[],"product_brand":[760],"product_cat":[174,15],"product_tag":[271,758,731,235,751,344],"class_list":{"0":"post-6016","1":"product","2":"type-product","3":"status-publish","4":"has-post-thumbnail","6":"product_brand-haagen-dazs","7":"product_cat-glaces","8":"product_cat-tous-les-produits","9":"product_tag-biscuit","10":"product_tag-cookies-and-cream","11":"product_tag-glace","12":"product_tag-gouter","13":"product_tag-haagen-dazs","14":"product_tag-vanille","16":"first","17":"instock","18":"featured","19":"taxable","20":"shipping-taxable","21":"purchasable","22":"product-type-simple"},"aioseo_notices":[],"jetpack_sharing_enabled":true,"brands":[],"_links":{"self":[{"href":"https:\/\/midoxalimentation.com\/index.php?rest_route=\/wp\/v2\/product\/6016","targetHints":{"allow":["GET"]}}],"collection":[{"href":"https:\/\/midoxalimentation.com\/index.php?rest_route=\/wp\/v2\/product"}],"about":[{"href":"https:\/\/midoxalimentation.com\/index.php?rest_route=\/wp\/v2\/types\/product"}],"replies":[{"embeddable":true,"href":"https:\/\/midoxalimentation.com\/index.php?rest_route=%2Fwp%2Fv2%2Fcomments&post=6016"}],"version-history":[{"count":2,"href":"https:\/\/midoxalimentation.com\/index.php?rest_route=\/wp\/v2\/product\/6016\/revisions"}],"predecessor-version":[{"id":6717,"href":"https:\/\/midoxalimentation.com\/index.php?rest_route=\/wp\/v2\/product\/6016\/revisions\/6717"}],"wp:featuredmedia":[{"embeddable":true,"href":"https:\/\/midoxalimentation.com\/index.php?rest_route=\/wp\/v2\/media\/6015"}],"wp:attachment":[{"href":"https:\/\/midoxalimentation.com\/index.php?rest_route=%2Fwp%2Fv2%2Fmedia&parent=6016"}],"wp:term":[{"taxonomy":"pwb-brand","embeddable":true,"href":"https:\/\/midoxalimentation.com\/index.php?rest_route=%2Fwp%2Fv2%2Fpwb-brand&post=6016"},{"taxonomy":"product_brand","embeddable":true,"href":"https:\/\/midoxalimentation.com\/index.php?rest_route=%2Fwp%2Fv2%2Fproduct_brand&post=6016"},{"taxonomy":"product_cat","embeddable":true,"href":"https:\/\/midoxalimentation.com\/index.php?rest_route=%2Fwp%2Fv2%2Fproduct_cat&post=6016"},{"taxonomy":"product_tag","embeddable":true,"href":"https:\/\/midoxalimentation.com\/index.php?rest_route=%2Fwp%2Fv2%2Fproduct_tag&post=6016"}],"curies":[{"name":"wp","href":"https:\/\/api.w.org\/{rel}","templated":true}]}}