{"id":6030,"date":"2026-01-23T22:57:28","date_gmt":"2026-01-23T21:57:28","guid":{"rendered":"https:\/\/midoxalimentation.com\/?product=kefir-naturel-cremeux"},"modified":"2026-04-16T18:16:43","modified_gmt":"2026-04-16T16:16:43","slug":"kefir-naturel-cremeux","status":"publish","type":"product","link":"https:\/\/midoxalimentation.com\/?product=kefir-naturel-cremeux","title":{"rendered":"K\u00e9fir Naturel Cr\u00e9meux"},"content":{"rendered":"<p>Le K\u00e9fir Naturel Cr\u00e9meux de la marque Reina est une alternative gourmande au yaourt classique. Sa fermentation naturelle lui conf\u00e8re une texture riche et un go\u00fbt l\u00e9g\u00e8rement acidul\u00e9 tr\u00e8s rafra\u00eechissant. Source naturelle de ferments lactiques, il aide \u00e0 renforcer le syst\u00e8me immunitaire et facilite la digestion. Il se d\u00e9guste id\u00e9alement au petit-d\u00e9jeuner ou comme encas sain pendant la journ\u00e9e.<\/p>\n","protected":false},"excerpt":{"rendered":"<p>Un k\u00e9fir \u00e0 la texture onctueuse et fondante, riche en probiotiques pour un \u00e9quilibre intestinal parfait.<\/p>\n","protected":false},"featured_media":6029,"comment_status":"open","ping_status":"closed","template":"","meta":{"content-type":""},"pwb-brand":[],"product_brand":[500],"product_cat":[180,15,467],"product_tag":[354,503,506,502,507,504,505,501,349],"class_list":{"0":"post-6030","1":"product","2":"type-product","3":"status-publish","4":"has-post-thumbnail","6":"product_brand-reina","7":"product_cat-produits-laitiers","8":"product_cat-tous-les-produits","9":"product_cat-yaourts-desserts","10":"product_tag-bien-etre","11":"product_tag-cremeux","12":"product_tag-digestion","13":"product_tag-kefir","14":"product_tag-laitier","15":"product_tag-naturel","16":"product_tag-probiotiques","17":"product_tag-reina","18":"product_tag-sante","20":"first","21":"outofstock","22":"taxable","23":"shipping-taxable","24":"purchasable","25":"product-type-simple"},"aioseo_notices":[],"jetpack_sharing_enabled":true,"brands":[],"_links":{"self":[{"href":"https:\/\/midoxalimentation.com\/index.php?rest_route=\/wp\/v2\/product\/6030","targetHints":{"allow":["GET"]}}],"collection":[{"href":"https:\/\/midoxalimentation.com\/index.php?rest_route=\/wp\/v2\/product"}],"about":[{"href":"https:\/\/midoxalimentation.com\/index.php?rest_route=\/wp\/v2\/types\/product"}],"replies":[{"embeddable":true,"href":"https:\/\/midoxalimentation.com\/index.php?rest_route=%2Fwp%2Fv2%2Fcomments&post=6030"}],"version-history":[{"count":1,"href":"https:\/\/midoxalimentation.com\/index.php?rest_route=\/wp\/v2\/product\/6030\/revisions"}],"predecessor-version":[{"id":6449,"href":"https:\/\/midoxalimentation.com\/index.php?rest_route=\/wp\/v2\/product\/6030\/revisions\/6449"}],"wp:featuredmedia":[{"embeddable":true,"href":"https:\/\/midoxalimentation.com\/index.php?rest_route=\/wp\/v2\/media\/6029"}],"wp:attachment":[{"href":"https:\/\/midoxalimentation.com\/index.php?rest_route=%2Fwp%2Fv2%2Fmedia&parent=6030"}],"wp:term":[{"taxonomy":"pwb-brand","embeddable":true,"href":"https:\/\/midoxalimentation.com\/index.php?rest_route=%2Fwp%2Fv2%2Fpwb-brand&post=6030"},{"taxonomy":"product_brand","embeddable":true,"href":"https:\/\/midoxalimentation.com\/index.php?rest_route=%2Fwp%2Fv2%2Fproduct_brand&post=6030"},{"taxonomy":"product_cat","embeddable":true,"href":"https:\/\/midoxalimentation.com\/index.php?rest_route=%2Fwp%2Fv2%2Fproduct_cat&post=6030"},{"taxonomy":"product_tag","embeddable":true,"href":"https:\/\/midoxalimentation.com\/index.php?rest_route=%2Fwp%2Fv2%2Fproduct_tag&post=6030"}],"curies":[{"name":"wp","href":"https:\/\/api.w.org\/{rel}","templated":true}]}}