{"id":6034,"date":"2026-01-23T22:57:28","date_gmt":"2026-01-23T21:57:28","guid":{"rendered":"https:\/\/midoxalimentation.com\/?product=felix-fantastic"},"modified":"2026-02-13T16:29:56","modified_gmt":"2026-02-13T15:29:56","slug":"felix-fantastic","status":"publish","type":"product","link":"https:\/\/midoxalimentation.com\/?product=felix-fantastic","title":{"rendered":"Felix Fantastic"},"content":{"rendered":"<p>Felix Fantastic, ce sont des repas \u00e0 l&rsquo;aspect et \u00e0 l&rsquo;odeur si app\u00e9tissants que votre chat n&rsquo;en laissera pas une miette. Chaque recette combine des morceaux tendres et une gel\u00e9e fondante pour une exp\u00e9rience gustative unique, tout en couvrant 100% des besoins journaliers de votre chat.<\/p>\n","protected":false},"excerpt":{"rendered":"<p>Des effil\u00e9s en gel\u00e9e aux saveurs irr\u00e9sistibles qui ressemblent \u00e0 une pr\u00e9paration maison.<\/p>\n","protected":false},"featured_media":6033,"comment_status":"open","ping_status":"closed","template":"","meta":{"content-type":""},"pwb-brand":[],"product_brand":[615],"product_cat":[614,15],"product_tag":[621,620,617,619,616,618],"class_list":{"0":"post-6034","1":"product","2":"type-product","3":"status-publish","4":"has-post-thumbnail","6":"product_brand-felix","7":"product_cat-espace-animaux","8":"product_cat-tous-les-produits","9":"product_tag-alimentation","10":"product_tag-animaux","11":"product_tag-chat","12":"product_tag-fantastic","13":"product_tag-felix","14":"product_tag-gelee","16":"first","17":"instock","18":"taxable","19":"shipping-taxable","20":"purchasable","21":"product-type-simple"},"aioseo_notices":[],"jetpack_sharing_enabled":true,"brands":[],"_links":{"self":[{"href":"https:\/\/midoxalimentation.com\/index.php?rest_route=\/wp\/v2\/product\/6034","targetHints":{"allow":["GET"]}}],"collection":[{"href":"https:\/\/midoxalimentation.com\/index.php?rest_route=\/wp\/v2\/product"}],"about":[{"href":"https:\/\/midoxalimentation.com\/index.php?rest_route=\/wp\/v2\/types\/product"}],"replies":[{"embeddable":true,"href":"https:\/\/midoxalimentation.com\/index.php?rest_route=%2Fwp%2Fv2%2Fcomments&post=6034"}],"version-history":[{"count":2,"href":"https:\/\/midoxalimentation.com\/index.php?rest_route=\/wp\/v2\/product\/6034\/revisions"}],"predecessor-version":[{"id":6558,"href":"https:\/\/midoxalimentation.com\/index.php?rest_route=\/wp\/v2\/product\/6034\/revisions\/6558"}],"wp:featuredmedia":[{"embeddable":true,"href":"https:\/\/midoxalimentation.com\/index.php?rest_route=\/wp\/v2\/media\/6033"}],"wp:attachment":[{"href":"https:\/\/midoxalimentation.com\/index.php?rest_route=%2Fwp%2Fv2%2Fmedia&parent=6034"}],"wp:term":[{"taxonomy":"pwb-brand","embeddable":true,"href":"https:\/\/midoxalimentation.com\/index.php?rest_route=%2Fwp%2Fv2%2Fpwb-brand&post=6034"},{"taxonomy":"product_brand","embeddable":true,"href":"https:\/\/midoxalimentation.com\/index.php?rest_route=%2Fwp%2Fv2%2Fproduct_brand&post=6034"},{"taxonomy":"product_cat","embeddable":true,"href":"https:\/\/midoxalimentation.com\/index.php?rest_route=%2Fwp%2Fv2%2Fproduct_cat&post=6034"},{"taxonomy":"product_tag","embeddable":true,"href":"https:\/\/midoxalimentation.com\/index.php?rest_route=%2Fwp%2Fv2%2Fproduct_tag&post=6034"}],"curies":[{"name":"wp","href":"https:\/\/api.w.org\/{rel}","templated":true}]}}