{"id":6042,"date":"2026-01-23T22:57:32","date_gmt":"2026-01-23T21:57:32","guid":{"rendered":"https:\/\/midoxalimentation.com\/?product=haagen-dazs-mini-pot-strawberry"},"modified":"2026-02-16T18:59:34","modified_gmt":"2026-02-16T17:59:34","slug":"haagen-dazs-mini-pot-strawberry","status":"publish","type":"product","link":"https:\/\/midoxalimentation.com\/?product=haagen-dazs-mini-pot-strawberry","title":{"rendered":"H\u00e4agen-Dazs Mini-Pot Strawberry Cheesecake"},"content":{"rendered":"<p>Plongez dans la gourmandise avec ce mini-pot qui capture l&rsquo;essence du cheesecake. Une cr\u00e8me glac\u00e9e onctueuse m\u00e9lang\u00e9e \u00e0 des morceaux de biscuits croquants et un ruban de fraise savoureux.<\/p>\n","protected":false},"excerpt":{"rendered":"<p>Un dessert irr\u00e9sistible aux notes de cheesecake New-Yorkais et coulis de fraise.<\/p>\n","protected":false},"featured_media":6041,"comment_status":"open","ping_status":"closed","template":"","meta":{"content-type":""},"pwb-brand":[],"product_brand":[760],"product_cat":[174,15],"product_tag":[271,757,514,751,763],"class_list":{"0":"post-6042","1":"product","2":"type-product","3":"status-publish","4":"has-post-thumbnail","6":"product_brand-haagen-dazs","7":"product_cat-glaces","8":"product_cat-tous-les-produits","9":"product_tag-biscuit","10":"product_tag-dessert-luxe","11":"product_tag-fraise","12":"product_tag-haagen-dazs","13":"product_tag-strawberry-cheesecake","15":"first","16":"instock","17":"taxable","18":"shipping-taxable","19":"purchasable","20":"product-type-simple"},"aioseo_notices":[],"jetpack_sharing_enabled":true,"brands":[],"_links":{"self":[{"href":"https:\/\/midoxalimentation.com\/index.php?rest_route=\/wp\/v2\/product\/6042","targetHints":{"allow":["GET"]}}],"collection":[{"href":"https:\/\/midoxalimentation.com\/index.php?rest_route=\/wp\/v2\/product"}],"about":[{"href":"https:\/\/midoxalimentation.com\/index.php?rest_route=\/wp\/v2\/types\/product"}],"replies":[{"embeddable":true,"href":"https:\/\/midoxalimentation.com\/index.php?rest_route=%2Fwp%2Fv2%2Fcomments&post=6042"}],"version-history":[{"count":1,"href":"https:\/\/midoxalimentation.com\/index.php?rest_route=\/wp\/v2\/product\/6042\/revisions"}],"predecessor-version":[{"id":6724,"href":"https:\/\/midoxalimentation.com\/index.php?rest_route=\/wp\/v2\/product\/6042\/revisions\/6724"}],"wp:featuredmedia":[{"embeddable":true,"href":"https:\/\/midoxalimentation.com\/index.php?rest_route=\/wp\/v2\/media\/6041"}],"wp:attachment":[{"href":"https:\/\/midoxalimentation.com\/index.php?rest_route=%2Fwp%2Fv2%2Fmedia&parent=6042"}],"wp:term":[{"taxonomy":"pwb-brand","embeddable":true,"href":"https:\/\/midoxalimentation.com\/index.php?rest_route=%2Fwp%2Fv2%2Fpwb-brand&post=6042"},{"taxonomy":"product_brand","embeddable":true,"href":"https:\/\/midoxalimentation.com\/index.php?rest_route=%2Fwp%2Fv2%2Fproduct_brand&post=6042"},{"taxonomy":"product_cat","embeddable":true,"href":"https:\/\/midoxalimentation.com\/index.php?rest_route=%2Fwp%2Fv2%2Fproduct_cat&post=6042"},{"taxonomy":"product_tag","embeddable":true,"href":"https:\/\/midoxalimentation.com\/index.php?rest_route=%2Fwp%2Fv2%2Fproduct_tag&post=6042"}],"curies":[{"name":"wp","href":"https:\/\/api.w.org\/{rel}","templated":true}]}}