{"id":6045,"date":"2026-01-23T22:57:33","date_gmt":"2026-01-23T21:57:33","guid":{"rendered":"https:\/\/midoxalimentation.com\/?product=haagen-dazs-mini-pot-vanilla-2"},"modified":"2026-02-16T18:54:45","modified_gmt":"2026-02-16T17:54:45","slug":"haagen-dazs-mini-pot-vanilla-2","status":"publish","type":"product","link":"https:\/\/midoxalimentation.com\/?product=haagen-dazs-mini-pot-vanilla-2","title":{"rendered":"H\u00e4agen-Dazs Mini-Pot VANILLA"},"content":{"rendered":"<p>Ce mini-pot offre une exp\u00e9rience classique et raffin\u00e9e. Fabriqu\u00e9e avec seulement quelques ingr\u00e9dients de haute qualit\u00e9, cette cr\u00e8me glac\u00e9e \u00e0 la vanille se distingue par sa texture velout\u00e9e et son go\u00fbt authentique<\/p>\n","protected":false},"excerpt":{"rendered":"<p>L&rsquo;essence m\u00eame de la gourmandise avec une glace \u00e0 la vanille de Madagascar pure et onctueuse .<\/p>\n","protected":false},"featured_media":6009,"comment_status":"open","ping_status":"closed","template":"","meta":{"content-type":""},"pwb-brand":[],"product_brand":[760],"product_cat":[174,15],"product_tag":[259,434,759,751,754,344],"class_list":{"0":"post-6045","1":"product","2":"type-product","3":"status-publish","4":"has-post-thumbnail","6":"product_brand-haagen-dazs","7":"product_cat-glaces","8":"product_cat-tous-les-produits","9":"product_tag-classique","10":"product_tag-dessert","11":"product_tag-glace-premium","12":"product_tag-haagen-dazs","13":"product_tag-mini-pot","14":"product_tag-vanille","16":"first","17":"instock","18":"taxable","19":"shipping-taxable","20":"purchasable","21":"product-type-simple"},"aioseo_notices":[],"jetpack_sharing_enabled":true,"brands":[],"_links":{"self":[{"href":"https:\/\/midoxalimentation.com\/index.php?rest_route=\/wp\/v2\/product\/6045","targetHints":{"allow":["GET"]}}],"collection":[{"href":"https:\/\/midoxalimentation.com\/index.php?rest_route=\/wp\/v2\/product"}],"about":[{"href":"https:\/\/midoxalimentation.com\/index.php?rest_route=\/wp\/v2\/types\/product"}],"replies":[{"embeddable":true,"href":"https:\/\/midoxalimentation.com\/index.php?rest_route=%2Fwp%2Fv2%2Fcomments&post=6045"}],"version-history":[{"count":1,"href":"https:\/\/midoxalimentation.com\/index.php?rest_route=\/wp\/v2\/product\/6045\/revisions"}],"predecessor-version":[{"id":6720,"href":"https:\/\/midoxalimentation.com\/index.php?rest_route=\/wp\/v2\/product\/6045\/revisions\/6720"}],"wp:featuredmedia":[{"embeddable":true,"href":"https:\/\/midoxalimentation.com\/index.php?rest_route=\/wp\/v2\/media\/6009"}],"wp:attachment":[{"href":"https:\/\/midoxalimentation.com\/index.php?rest_route=%2Fwp%2Fv2%2Fmedia&parent=6045"}],"wp:term":[{"taxonomy":"pwb-brand","embeddable":true,"href":"https:\/\/midoxalimentation.com\/index.php?rest_route=%2Fwp%2Fv2%2Fpwb-brand&post=6045"},{"taxonomy":"product_brand","embeddable":true,"href":"https:\/\/midoxalimentation.com\/index.php?rest_route=%2Fwp%2Fv2%2Fproduct_brand&post=6045"},{"taxonomy":"product_cat","embeddable":true,"href":"https:\/\/midoxalimentation.com\/index.php?rest_route=%2Fwp%2Fv2%2Fproduct_cat&post=6045"},{"taxonomy":"product_tag","embeddable":true,"href":"https:\/\/midoxalimentation.com\/index.php?rest_route=%2Fwp%2Fv2%2Fproduct_tag&post=6045"}],"curies":[{"name":"wp","href":"https:\/\/api.w.org\/{rel}","templated":true}]}}